{"id":1157,"date":"2018-12-17T15:34:29","date_gmt":"2018-12-17T17:34:29","guid":{"rendered":"http:\/\/sites.igc.usp.br\/cpgeo\/?page_id=1157"},"modified":"2019-02-26T17:49:03","modified_gmt":"2019-02-26T20:49:03","slug":"principios","status":"publish","type":"page","link":"https:\/\/igc.usp.br\/cpgeo\/principios\/","title":{"rendered":"Princ\u00edpios"},"content":{"rendered":"\n<h2 class=\"wp-block-heading\">Miss\u00e3o<\/h2>\n\n\n\n<p>Atuar e dar suporte ao desenvolvimento de pesquisas cient\u00edficas que fa\u00e7am uso de dados isot\u00f3picos, formar recursos humanos qualificados atrav\u00e9s de transfer\u00eancia de conhecimento em Qu\u00edmica Isot\u00f3pica e Espectrometria de Massas, e oferecer servi\u00e7os de qualidade aos setores acad\u00eamico e produtivo.<\/p>\n\n\n\n<h2 class=\"wp-block-heading\">Vis\u00e3o<\/h2>\n\n\n\n<p>Investir continuamente na excel\u00eancia de suas atividades.<\/p>\n\n\n\n<h2 class=\"wp-block-heading\">Valores<\/h2>\n\n\n\n<p>Inova\u00e7\u00e3o, qualidade, \u00e9tica, transpar\u00eancia, integridade, respeito e comprometimento com a pesquisa cient\u00edfica.<\/p>\n","protected":false},"excerpt":{"rendered":"<p>Miss\u00e3o Atuar e dar suporte ao desenvolvimento de pesquisas cient\u00edficas que fa\u00e7am uso de dados isot\u00f3picos, formar recursos humanos qualificados&#46;&#46;&#46;<\/p>\n","protected":false},"author":1,"featured_media":0,"parent":0,"menu_order":0,"comment_status":"closed","ping_status":"closed","template":"","meta":{"_acf_changed":false,"om_disable_all_campaigns":false,"_monsterinsights_skip_tracking":false,"_monsterinsights_sitenote_active":false,"_monsterinsights_sitenote_note":"","_monsterinsights_sitenote_category":0,"_uf_show_specific_survey":0,"_uf_disable_surveys":false,"footnotes":"","_links_to":"","_links_to_target":""},"class_list":["post-1157","page","type-page","status-publish","hentry"],"acf":[],"aioseo_notices":[],"publishpress_future_action":{"enabled":false,"date":"2026-04-22 01:05:38","action":"change-status","newStatus":"draft","terms":[],"taxonomy":"language","extraData":[]},"publishpress_future_workflow_manual_trigger":{"enabledWorkflows":[]},"_links":{"self":[{"href":"https:\/\/igc.usp.br\/cpgeo\/wp-json\/wp\/v2\/pages\/1157","targetHints":{"allow":["GET"]}}],"collection":[{"href":"https:\/\/igc.usp.br\/cpgeo\/wp-json\/wp\/v2\/pages"}],"about":[{"href":"https:\/\/igc.usp.br\/cpgeo\/wp-json\/wp\/v2\/types\/page"}],"author":[{"embeddable":true,"href":"https:\/\/igc.usp.br\/cpgeo\/wp-json\/wp\/v2\/users\/1"}],"replies":[{"embeddable":true,"href":"https:\/\/igc.usp.br\/cpgeo\/wp-json\/wp\/v2\/comments?post=1157"}],"version-history":[{"count":2,"href":"https:\/\/igc.usp.br\/cpgeo\/wp-json\/wp\/v2\/pages\/1157\/revisions"}],"predecessor-version":[{"id":1281,"href":"https:\/\/igc.usp.br\/cpgeo\/wp-json\/wp\/v2\/pages\/1157\/revisions\/1281"}],"wp:attachment":[{"href":"https:\/\/igc.usp.br\/cpgeo\/wp-json\/wp\/v2\/media?parent=1157"}],"curies":[{"name":"wp","href":"https:\/\/api.w.org\/{rel}","templated":true}]}}