{"id":1150,"date":"2018-12-17T11:18:54","date_gmt":"2018-12-17T13:18:54","guid":{"rendered":"http:\/\/sites.igc.usp.br\/cpgeo\/?page_id=1150"},"modified":"2021-08-05T14:30:02","modified_gmt":"2021-08-05T17:30:02","slug":"pagamentos","status":"publish","type":"page","link":"https:\/\/igc.usp.br\/cpgeo\/pagamentos\/","title":{"rendered":"Pagamentos"},"content":{"rendered":"\n<p>O pagamento de servi\u00e7os solicitados ser\u00e1 realizado apenas via Plataforma Centrais de Equipamentos Multiusu\u00e1rios \u2013 USP Multi, e ser\u00e1 descentralizado, i.e., cada laborat\u00f3rio ter\u00e1 uma gest\u00e3o financeira independente. O usu\u00e1rio dever\u00e1 ficar atento a essa nova situa\u00e7\u00e3o pois, caso solicite servi\u00e7os em 2 ou mais laborat\u00f3rios ter\u00e1 que efetuar o pagamento em separado.<\/p>\n","protected":false},"excerpt":{"rendered":"<p>O pagamento de servi\u00e7os solicitados ser\u00e1 realizado apenas via Plataforma Centrais de Equipamentos Multiusu\u00e1rios \u2013 USP Multi, e ser\u00e1 descentralizado,&#46;&#46;&#46;<\/p>\n","protected":false},"author":1,"featured_media":0,"parent":0,"menu_order":0,"comment_status":"closed","ping_status":"closed","template":"","meta":{"_acf_changed":false,"om_disable_all_campaigns":false,"_monsterinsights_skip_tracking":false,"_monsterinsights_sitenote_active":false,"_monsterinsights_sitenote_note":"","_monsterinsights_sitenote_category":0,"_uf_show_specific_survey":0,"_uf_disable_surveys":false,"footnotes":"","_links_to":"","_links_to_target":""},"class_list":["post-1150","page","type-page","status-publish","hentry"],"acf":[],"aioseo_notices":[],"publishpress_future_action":{"enabled":false,"date":"2026-05-21 08:14:44","action":"change-status","newStatus":"draft","terms":[],"taxonomy":"language","extraData":[]},"publishpress_future_workflow_manual_trigger":{"enabledWorkflows":[]},"_links":{"self":[{"href":"https:\/\/igc.usp.br\/cpgeo\/wp-json\/wp\/v2\/pages\/1150","targetHints":{"allow":["GET"]}}],"collection":[{"href":"https:\/\/igc.usp.br\/cpgeo\/wp-json\/wp\/v2\/pages"}],"about":[{"href":"https:\/\/igc.usp.br\/cpgeo\/wp-json\/wp\/v2\/types\/page"}],"author":[{"embeddable":true,"href":"https:\/\/igc.usp.br\/cpgeo\/wp-json\/wp\/v2\/users\/1"}],"replies":[{"embeddable":true,"href":"https:\/\/igc.usp.br\/cpgeo\/wp-json\/wp\/v2\/comments?post=1150"}],"version-history":[{"count":5,"href":"https:\/\/igc.usp.br\/cpgeo\/wp-json\/wp\/v2\/pages\/1150\/revisions"}],"predecessor-version":[{"id":1526,"href":"https:\/\/igc.usp.br\/cpgeo\/wp-json\/wp\/v2\/pages\/1150\/revisions\/1526"}],"wp:attachment":[{"href":"https:\/\/igc.usp.br\/cpgeo\/wp-json\/wp\/v2\/media?parent=1150"}],"curies":[{"name":"wp","href":"https:\/\/api.w.org\/{rel}","templated":true}]}}