{"id":1145,"date":"2018-12-17T11:12:57","date_gmt":"2018-12-17T13:12:57","guid":{"rendered":"http:\/\/sites.igc.usp.br\/cpgeo\/?page_id=1145"},"modified":"2022-03-31T08:58:29","modified_gmt":"2022-03-31T11:58:29","slug":"cadastro-de-pedidos","status":"publish","type":"page","link":"https:\/\/igc.usp.br\/cpgeo\/cadastro-de-pedidos\/","title":{"rendered":"Solicita\u00e7\u00e3o de Servi\u00e7os"},"content":{"rendered":"\n<p>O procedimento para solicita\u00e7\u00e3o de servi\u00e7os (ensaios) anal\u00edticos e de prepara\u00e7\u00e3o de amostras <\/p>\n\n\n\n<p>O procedimento para solicita\u00e7\u00e3o de servi\u00e7os (ensaios) anal\u00edticos e de prepara\u00e7\u00e3o de amostras geol\u00f3gicas no CPGeo deve ser realizado atrav\u00e9s da Plataforma Central de Equipamentos Multiusu\u00e1rios \u2013 USP Multi.<\/p>\n\n\n\n<p>Primeiramente o pesquisador deve se cadastrar na Plataforma, conforme instru\u00e7\u00f5es do arquivo abaixo.<\/p>\n\n\n\n<div class=\"wp-block-file\"><a id=\"wp-block-file--media-0ab59127-31d9-446b-9ad3-5ee1678118e9\" href=\"https:\/\/igc.usp.br\/cpgeo\/wp-content\/uploads\/sites\/8\/2022\/03\/Instrucoes-de-cadastro-USP-MULTI.pdf\">Instrucoes-de-cadastro-USP-MULTI<\/a><a href=\"https:\/\/igc.usp.br\/cpgeo\/wp-content\/uploads\/sites\/8\/2022\/03\/Instrucoes-de-cadastro-USP-MULTI.pdf\" class=\"wp-block-file__button\" download aria-describedby=\"wp-block-file--media-0ab59127-31d9-446b-9ad3-5ee1678118e9\">Baixar<\/a><\/div>\n\n\n\n<p>As solicita\u00e7\u00f5es de servi\u00e7os s\u00e3o realizadas nos seguintes endere\u00e7os:<\/p>\n\n\n\n<p><strong>1. Laborat\u00f3rio LSP e LA-ICP-MS<\/strong>: prepara\u00e7\u00e3o de amostras e separa\u00e7\u00e3o mineral (todos os m\u00e9todos) e LA-ICP-MS (U-Pb e Hf)<\/p>\n\n\n\n<p><a href=\"https:\/\/uspmulti.prp.usp.br\/public\/centrais\/121\">https:\/\/uspmulti.prp.usp.br\/public\/centrais\/121<\/a><\/p>\n\n\n\n<p>Coordenadores: Miguel Basei e Cl\u00e1udia R. Passarelli<\/p>\n\n\n\n<p>E-mails:<a href=\"mailto:laicpms-cpgeo@usp.br\" target=\"_blank\" rel=\"noreferrer noopener\">laicpms-cpgeo@usp.br<\/a>; <a href=\"mailto:baseimas@usp.br\" target=\"_blank\" rel=\"noreferrer noopener\">baseimas@usp.br<\/a>; <a href=\"mailto:cr.passarelli@usp.br\" target=\"_blank\" rel=\"noreferrer noopener\">cr.passarelli@usp.br<\/a><\/p>\n\n\n\n<p><strong>2. Laborat\u00f3rio de termocronologia<\/strong>: an\u00e1lises Ar-Ar e TF apatitas\/zirc\u00e3o<\/p>\n\n\n\n<p><a href=\"https:\/\/uspmulti.prp.usp.br\/public\/centrais\/122\">https:\/\/uspmulti.prp.usp.br\/public\/centrais\/122<\/a><\/p>\n\n\n\n<p>Coordenadores: Maria Helena e Maur\u00edcio Parra<\/p>\n\n\n\n<p>E-mail:<a href=\"mailto:ltc_cpgeo@usp.br\" target=\"_blank\" rel=\"noreferrer noopener\">ltc_cpgeo@usp.br<\/a>;<\/p>\n\n\n\n<p><strong>3.Laborat\u00f3rio LQI_LEM<\/strong>: an\u00e1lises Sr, Nd, Pb, espectrometria TIMS e ICP-MS<\/p>\n\n\n\n<p><a href=\"https:\/\/uspmulti.prp.usp.br\/public\/centrais\/123\">https:\/\/uspmulti.prp.usp.br\/public\/centrais\/123<\/a><\/p>\n\n\n\n<p>Coordenadores: Marly babinski e Veridiana Martins<\/p>\n\n\n\n<p>E-mail: <a href=\"mailto:babinski@usp.br\" target=\"_blank\" rel=\"noreferrer noopener\">babinski@usp.br<\/a><\/p>\n\n\n\n<p><strong>4. Laborat\u00f3rio de Is\u00f3topos Est\u00e1veis:<\/strong><\/p>\n\n\n\n<p><a href=\"https:\/\/uspmulti.prp.usp.br\/public\/centrais\/124\">https:\/\/uspmulti.prp.usp.br\/public\/centrais\/124<\/a><\/p>\n\n\n\n<p>Coordenadores: Francisco William e Veridiana Martins<\/p>\n\n\n\n<p>E-mails: <a rel=\"noreferrer noopener\" href=\"mailto:cbill@usp.br\" target=\"_blank\">cbill@usp.br<\/a>;&nbsp;<a rel=\"noreferrer noopener\" href=\"mailto:veridian@usp.br\" target=\"_blank\">veridian@usp.br<\/a><\/p>\n\n\n\n<blockquote class=\"wp-block-quote is-layout-flow wp-block-quote-is-layout-flow\"><p><em>Obs: Para an\u00e1lises pela t\u00e9cnica SHRIMP, entrar em contato atrav\u00e9s do e-mail:<\/em> <a href=\"mailto:glshrimp@usp.br\">glshrimp@usp.br<\/a><\/p><\/blockquote>\n","protected":false},"excerpt":{"rendered":"<p>O procedimento para solicita\u00e7\u00e3o de servi\u00e7os (ensaios) anal\u00edticos e de prepara\u00e7\u00e3o de amostras O procedimento para solicita\u00e7\u00e3o de servi\u00e7os (ensaios)&#46;&#46;&#46;<\/p>\n","protected":false},"author":1,"featured_media":0,"parent":0,"menu_order":0,"comment_status":"closed","ping_status":"closed","template":"","meta":{"_acf_changed":false,"om_disable_all_campaigns":false,"_monsterinsights_skip_tracking":false,"_monsterinsights_sitenote_active":false,"_monsterinsights_sitenote_note":"","_monsterinsights_sitenote_category":0,"_uf_show_specific_survey":0,"_uf_disable_surveys":false,"footnotes":"","_links_to":"","_links_to_target":""},"class_list":["post-1145","page","type-page","status-publish","hentry"],"acf":[],"aioseo_notices":[],"publishpress_future_action":{"enabled":false,"date":"2026-05-23 20:48:23","action":"change-status","newStatus":"draft","terms":[],"taxonomy":"language","extraData":[]},"publishpress_future_workflow_manual_trigger":{"enabledWorkflows":[]},"_links":{"self":[{"href":"https:\/\/igc.usp.br\/cpgeo\/wp-json\/wp\/v2\/pages\/1145","targetHints":{"allow":["GET"]}}],"collection":[{"href":"https:\/\/igc.usp.br\/cpgeo\/wp-json\/wp\/v2\/pages"}],"about":[{"href":"https:\/\/igc.usp.br\/cpgeo\/wp-json\/wp\/v2\/types\/page"}],"author":[{"embeddable":true,"href":"https:\/\/igc.usp.br\/cpgeo\/wp-json\/wp\/v2\/users\/1"}],"replies":[{"embeddable":true,"href":"https:\/\/igc.usp.br\/cpgeo\/wp-json\/wp\/v2\/comments?post=1145"}],"version-history":[{"count":6,"href":"https:\/\/igc.usp.br\/cpgeo\/wp-json\/wp\/v2\/pages\/1145\/revisions"}],"predecessor-version":[{"id":1550,"href":"https:\/\/igc.usp.br\/cpgeo\/wp-json\/wp\/v2\/pages\/1145\/revisions\/1550"}],"wp:attachment":[{"href":"https:\/\/igc.usp.br\/cpgeo\/wp-json\/wp\/v2\/media?parent=1145"}],"curies":[{"name":"wp","href":"https:\/\/api.w.org\/{rel}","templated":true}]}}