{"id":1117,"date":"2018-11-28T17:35:19","date_gmt":"2018-11-28T19:35:19","guid":{"rendered":"http:\/\/sites.igc.usp.br\/cpgeo\/?page_id=1117"},"modified":"2019-02-26T18:09:26","modified_gmt":"2019-02-26T21:09:26","slug":"projetos","status":"publish","type":"page","link":"https:\/\/igc.usp.br\/cpgeo\/projetos\/","title":{"rendered":"Projetos"},"content":{"rendered":"\n<p>Projetos cient\u00edficos em desenvolvimento por pesquisadores e colaboradores do CPGeo, no per\u00edodo 2017-2020:<\/p>\n\n\n\n<ol class=\"wp-block-list\"><li><strong>Educa\u00e7\u00e3o e Pesquisa em Clima das Am\u00e9ricas usando exemplos de an\u00e9is de \u00e1rvores e espeleotemas.<\/strong> Projeto em parceria FAPESP\/NSF (National Science Foundation) vinculado ao Programa PIRE (Partnership for International Research and Education).<\/li><li><strong>The Rio de La Plata craton and the Western Gondwana assembly<\/strong> &#8211; Projeto vinculado ao Programa Tem\u00e1tico da FAPESP.<\/li><li><strong>Sistema Terra e a Evolu\u00e7\u00e3o da Vida durante o Neoproterozoico (The co-evolution of life and oxygen on Early Earth: a South America perspective).<\/strong> Projeto vinculado ao Programa Tem\u00e1tico da FAPESP.<\/li><li><strong>Fingerprints isot\u00f3picos na solu\u00e7\u00e3o de problemas ambientais (discrimina\u00e7\u00e3o de fontes poluentes no meio ambiente com uso em is\u00f3topos).<\/strong> Projeto vinculado ao Programa PIPE (Pesquisa Inovativa em Pequenas Empresas) FAPESP.<\/li><li><strong>Geocronologia e quimioestratigrafia da Bacia do Parecis atrav\u00e9s de po\u00e7os estratigr\u00e1ficos. <\/strong>Projeto vinculado a Petrobras\/ANP atrav\u00e9s da Ger\u00eancia de Bioestratigrafia e Paleoecologia do CENPES.<\/li><li><strong>Investindo em instrumenta\u00e7\u00e3o anal\u00edtica para o avan\u00e7o cient\u00edfico em Geoci\u00eancias.<\/strong> Projeto vinculado ao PNCM (Programa Nacional de Centros Multiusu\u00e1rios) MCTI\/FINEP.<\/li><\/ol>\n\n\n\n<p>Al\u00e9m de projetos regulares de Aux\u00edlio \u00e0 Pesquisa FAPESP.<\/p>\n","protected":false},"excerpt":{"rendered":"<p>Projetos cient\u00edficos em desenvolvimento por pesquisadores e colaboradores do CPGeo, no per\u00edodo 2017-2020: Educa\u00e7\u00e3o e Pesquisa em Clima das Am\u00e9ricas&#46;&#46;&#46;<\/p>\n","protected":false},"author":1,"featured_media":0,"parent":0,"menu_order":0,"comment_status":"closed","ping_status":"closed","template":"","meta":{"_acf_changed":false,"om_disable_all_campaigns":false,"_monsterinsights_skip_tracking":false,"_monsterinsights_sitenote_active":false,"_monsterinsights_sitenote_note":"","_monsterinsights_sitenote_category":0,"_uf_show_specific_survey":0,"_uf_disable_surveys":false,"footnotes":"","_links_to":"","_links_to_target":""},"class_list":["post-1117","page","type-page","status-publish","hentry"],"acf":[],"aioseo_notices":[],"publishpress_future_action":{"enabled":false,"date":"2026-05-21 05:50:17","action":"change-status","newStatus":"draft","terms":[],"taxonomy":"language","extraData":[]},"publishpress_future_workflow_manual_trigger":{"enabledWorkflows":[]},"_links":{"self":[{"href":"https:\/\/igc.usp.br\/cpgeo\/wp-json\/wp\/v2\/pages\/1117","targetHints":{"allow":["GET"]}}],"collection":[{"href":"https:\/\/igc.usp.br\/cpgeo\/wp-json\/wp\/v2\/pages"}],"about":[{"href":"https:\/\/igc.usp.br\/cpgeo\/wp-json\/wp\/v2\/types\/page"}],"author":[{"embeddable":true,"href":"https:\/\/igc.usp.br\/cpgeo\/wp-json\/wp\/v2\/users\/1"}],"replies":[{"embeddable":true,"href":"https:\/\/igc.usp.br\/cpgeo\/wp-json\/wp\/v2\/comments?post=1117"}],"version-history":[{"count":5,"href":"https:\/\/igc.usp.br\/cpgeo\/wp-json\/wp\/v2\/pages\/1117\/revisions"}],"predecessor-version":[{"id":1294,"href":"https:\/\/igc.usp.br\/cpgeo\/wp-json\/wp\/v2\/pages\/1117\/revisions\/1294"}],"wp:attachment":[{"href":"https:\/\/igc.usp.br\/cpgeo\/wp-json\/wp\/v2\/media?parent=1117"}],"curies":[{"name":"wp","href":"https:\/\/api.w.org\/{rel}","templated":true}]}}