{"id":1110,"date":"2018-11-28T17:24:08","date_gmt":"2018-11-28T19:24:08","guid":{"rendered":"http:\/\/sites.igc.usp.br\/cpgeo\/?page_id=1110"},"modified":"2024-02-05T16:15:21","modified_gmt":"2024-02-05T19:15:21","slug":"estrutura-fisica","status":"publish","type":"page","link":"https:\/\/igc.usp.br\/cpgeo\/estrutura-fisica\/","title":{"rendered":"Estrutura F\u00edsica"},"content":{"rendered":"\n<p>O CPGeo agrega 6 laborat\u00f3rios e uma unidade administrativa (SECAD). Cerca de 70% da infra-estrutura laboratorial e administrativa est\u00e1 alocada no pr\u00e9dio principal do Instituto de Geoci\u00eancias, ocupando uma \u00e1rea de aproximadamente 950 m<sup>2&nbsp;<\/sup>com os laborat\u00f3rios de Separa\u00e7\u00e3o e Prepara\u00e7\u00e3o (LSP), Qu\u00edmica Isot\u00f3pica (LQI), Espectrometria de Massas (LEM), Laser Ablation (LLA) e Is\u00f3topos Est\u00e1veis (LES). Os demais 30% funcionam em um pr\u00e9dio de 1.050m<sup>2<\/sup> inaugurado em Dezembro de 2011 e constru\u00eddo exclusivamente para abrigar a microssonda i\u00f4nica SHRIMP IIe\/MC (<em>Sensitive High Resolution IonMicroProbe; <\/em>GeoLab SHRIMP), o Laborat\u00f3rio de Geocronologia de Gases Nobres (LGN) e o Laborat\u00f3rio de Mineralografia (LMin).<\/p>\n\n\n\n<h3 class=\"wp-block-heading\"><strong>LSP | Laborat\u00f3rio de Separa\u00e7\u00e3o e Prepara\u00e7\u00e3o (materiais geol\u00f3gicos)<\/strong><\/h3>\n\n\n\n<p><strong>Coordena\u00e7\u00e3o:&nbsp;<\/strong>Cl\u00e1udia R. Passarelli (<a rel=\"noreferrer noopener\" href=\"mailto:lsp_cpgeo@usp.br\" target=\"_blank\">lsp_cpgeo@usp.br<\/a>)<br><strong>T\u00e9cnico:&nbsp;<\/strong>Vasco A. P. dos Loios (<a rel=\"noreferrer noopener\" href=\"mailto:vloios@usp.br\" target=\"_blank\">vloios@usp.br<\/a>)<\/p>\n\n\n\n<p>Realiza a prepara\u00e7\u00e3o de amostras geol\u00f3gicas (rochas e minerais) para an\u00e1lises por espectrometria de massas. Inclui britador de mand\u00edbula, pil\u00f5es (<em>mortar<\/em>\/<em>pestle<\/em>), moinho de bolas\/de an\u00e9is de carbeto de tungst\u00eanio e peneirador mec\u00e2nico para britagem, moagem\/pulveriza\u00e7\u00e3o e separa\u00e7\u00e3o granulom\u00e9trica de amostras de rochas; mesas tipo <em>Wiffley<\/em> para concentra\u00e7\u00e3o de minerais pesados por de fluxo hidr\u00e1ulico; separadores isodin\u00e2micos tipo <em>Frantz\u00ae<\/em> para separa\u00e7\u00e3o e\/ou concentra\u00e7\u00e3o de minerais por propriedades magn\u00e9ticas; capelas de exaust\u00e3o para purifica\u00e7\u00e3o de minerais por gravimetria (l\u00edquidos densos: bromof\u00f3rmio, iodeto de metileno, etc.); e lupas binoculares <em>Leika<\/em> para purifica\u00e7\u00e3o de concentrados de minerais por cata\u00e7\u00e3o manual. Inclui uma litoteca com \u00e1rea de aproximadamente 50 m<sup>2<\/sup>.<\/p>\n\n\n\n<h3 class=\"wp-block-heading\"><strong>LQI | Laborat\u00f3rio de Qu\u00edmica Isot\u00f3pica<\/strong><\/h3>\n\n\n\n<p><strong>Coordena\u00e7\u00e3o:<\/strong> Marly Babinski (babinski@usp.br) e Veridiana Martins (veridian@usp.br)<br><strong>T\u00e9cnicas:<\/strong> Liliane Aparecida Petronilho (liapp@usp.br); Giselle Magdaleno Enrich (gisellem@usp.br)<\/p>\n\n\n\n<p>Realiza a dissolu\u00e7\u00e3o \u00e1cida de amostras geol\u00f3gicas (rochas, minerais, \u00e1guas, material particulado) para separa\u00e7\u00e3o de elementos qu\u00edmicos de interesse por cromatografia de troca i\u00f4nica em fase l\u00edquida. A instrumenta\u00e7\u00e3o \u00e9 diversificada e inclui capelas de exaust\u00e3o e de fluxo laminar (classe 100), <em>clean boxes<\/em>, balan\u00e7a anal\u00edtica Metler, destiladores de quartzo e de teflon, chapas de aquecimento, ultrassom e centr\u00edfugas, todos funcionando em ambiente restrito com sistema de insuflamento e climatiza\u00e7\u00e3o de ar com pr\u00e9-filtros e filtros absolutos tipo HEPA que garantem press\u00e3o interna positiva (classe 10.000 ISO-7). O procedimento cromatogr\u00e1fico envolve o manuseio das amostras em conjuntos de colunas empacotadas com resinas org\u00e2nicas espec\u00edficas (BioRad\u00ae, Sr\/RE\/LN-Spec\u00ae) para a purifica\u00e7\u00e3o dos elementos de interesse para a an\u00e1lise final por espectrometria de massas. <\/p>\n\n\n\n<h3 class=\"wp-block-heading\"><strong>LEM | Laborat\u00f3rio de Espectrometria de Massas (Fonte S\u00f3lida &#8211; TIMS, e de Plasma &#8211; ICPMS) <\/strong><\/h3>\n\n\n\n<p><strong>Coordena\u00e7\u00e3o:<\/strong> Marly Babinski (babinski@usp.br) e Veridiana Martins (veridian@usp.br)<br><strong>T\u00e9cnica:<\/strong> Izabel Ramos Ruiz (bilica@usp.br)<\/p>\n\n\n\n<p>Determina as composi\u00e7\u00f5es isot\u00f3picas de elementos qu\u00edmicos de interesse para fins geocronol\u00f3gicos e petrogen\u00e9ticos. Inclui 3 espectr\u00f4metros de massas de setor magn\u00e9tico, sendo 2 termo-i\u00f4nicos (TIMS): (i) marca Finnigan MAT, modelo 262, multicoletor [instalado em 1999], (ii) marca Thermo Scientific TRITON, multicoletor [instalado em 2008] e 1 com fonte de plasma (ICP-MS) Thermo Scientific NEPTUNE Plus, multicoletor [instalado em 2012], com sistema amostrador Aridus II\/Cetac ASX-520.<\/p>\n\n\n\n<h3 class=\"wp-block-heading\"><strong>LLA | Laborat\u00f3rio LA-MC-ICPMS <\/strong><\/h3>\n\n\n\n<p><strong>Coordena\u00e7\u00e3o:<\/strong> Miguel A. S. Basei (laicpms-cpgeo@usp.br) e Cl\u00e1udia R. Passarelli (laicpms-cpgeo@usp.br)<br><strong>T\u00e9cnica:<\/strong> Solange Lucena de Souza (slsouza@usp.br)<\/p>\n\n\n\n<p>Realiza an\u00e1lises isot\u00f3picas <em>in situ<\/em> pelo m\u00e9todo U-Pb, Lu-Hf e Sr\/Sr em minerais, para fins geocronol\u00f3gicos e petrogen\u00e9ticos. Inclui 1 espectr\u00f4metro de massas de setor magn\u00e9tico com fonte de plasma Thermo Scientific NEPTUNE, multicoletor [instalado em 2009], com laser marca Teledyne, modelo Excimer 193 nm [instalado em 2019].<\/p>\n\n\n\n<h3 class=\"wp-block-heading\"><strong>LES | Laborat\u00f3rio de Is\u00f3topos Est\u00e1veis<\/strong><\/h3>\n\n\n\n<p><strong>Coordena\u00e7\u00e3o: <\/strong>Francisco William da Cruz J\u00fanior (cbill@usp.br)<br><strong>T\u00e9cnica:<\/strong> Alyne Barros da Silva (les_cpgeo@usp.br)<\/p>\n\n\n\n<p>Determina raz\u00f5es de is\u00f3topos est\u00e1veis, <sup>13<\/sup>C\/<sup>12<\/sup>C e <sup>18<\/sup>O\/<sup>16<\/sup>O, medidos em amostras de rochas\/minerais carbon\u00e1ticos para subsidiar o entendimento de processos sup\u00e9rgenos e ambientais. Inclui 3 espectr\u00f4metros de massas de setor magn\u00e9tico Delta Thermo Scientific com sistemas de extra\u00e7\u00e3o tipo GasBench [instalados em 2004, 2011 e 2014].<\/p>\n\n\n\n<h3 class=\"wp-block-heading\"><strong>LGN | Laborat\u00f3rio de Geocronologia de Gases Nobres<\/strong><\/h3>\n\n\n\n<p><strong>Coordena\u00e7\u00e3o:<\/strong> Maria Helena Hollanda (hollanda@usp.br)<br><strong>T\u00e9cnico: <\/strong>Roberto Siqueira (robertsq@usp.br)<\/p>\n\n\n\n<p>Determina raz\u00f5es isot\u00f3picas <sup>40<\/sup>Ar\/<sup>39<\/sup>Ar em rochas e minerais irradiados por fluxo de n\u00eautrons r\u00e1pidos via aquecimento progressivo a laser. Inclui 2 espectr\u00f4metros de massas de setor magn\u00e9tico com fonte gasosa (NGMS): marca MAP, modelo 215-20, monocoletor [adquirido em 2001] e marca Thermo Scientific ARGUS VI, multicoletor [instalado em 2011]. A irradia\u00e7\u00e3o das amostras \u00e9 feita atrav\u00e9s de parcerias comerciais com os reatores nucleares de pesquisa do CNEN\/IPEN (IEA-R1) e da Oregon State University (TRIGA\/CLICIT).<\/p>\n\n\n\n<h3 class=\"wp-block-heading\"><strong>LMEV | Laborat\u00f3rio de Microscopia Eletr\u00f4nica de Varredura<\/strong><\/h3>\n\n\n\n<p><strong>Coordena\u00e7\u00e3o:&nbsp;<\/strong>Maria Helena Hollanda (<a rel=\"noreferrer noopener\" href=\"mailto:hollanda@usp.br\" target=\"_blank\">hollanda@usp.br<\/a>)<br><strong>T\u00e9cnico:<\/strong>&nbsp;Artur Takashi Onoe (<a rel=\"noreferrer noopener\" href=\"mailto:aton@usp.br\" target=\"_blank\">aton@usp.br<\/a>)<\/p>\n\n\n\n<p>Realiza imageamento atrav\u00e9s de Microscopia eletr\u00f4nica de varredura e microan\u00e1lises qu\u00edmicas por espectrometria de energia dispersiva de raios X em equipamento VPSEM FEI Quanta 250.<\/p>\n\n\n\n<h3 class=\"wp-block-heading\"><strong>SECAD | Secretaria Administrativa<\/strong><\/h3>\n\n\n\n<p>D\u00e1 suporte \u00e0s atividades administrativas da Diretoria e dos laborat\u00f3rios do CPGeo.<\/p>\n\n\n\n<p><\/p>\n","protected":false},"excerpt":{"rendered":"<p>O CPGeo agrega 6 laborat\u00f3rios e uma unidade administrativa (SECAD). Cerca de 70% da infra-estrutura laboratorial e administrativa est\u00e1 alocada&#46;&#46;&#46;<\/p>\n","protected":false},"author":1,"featured_media":0,"parent":0,"menu_order":0,"comment_status":"closed","ping_status":"closed","template":"","meta":{"_acf_changed":false,"om_disable_all_campaigns":false,"_monsterinsights_skip_tracking":false,"_monsterinsights_sitenote_active":false,"_monsterinsights_sitenote_note":"","_monsterinsights_sitenote_category":0,"_uf_show_specific_survey":0,"_uf_disable_surveys":false,"footnotes":"","_links_to":"","_links_to_target":""},"class_list":["post-1110","page","type-page","status-publish","hentry"],"acf":[],"aioseo_notices":[],"publishpress_future_action":{"enabled":false,"date":"2026-05-21 02:57:07","action":"change-status","newStatus":"draft","terms":[],"taxonomy":"language","extraData":[]},"publishpress_future_workflow_manual_trigger":{"enabledWorkflows":[]},"_links":{"self":[{"href":"https:\/\/igc.usp.br\/cpgeo\/wp-json\/wp\/v2\/pages\/1110","targetHints":{"allow":["GET"]}}],"collection":[{"href":"https:\/\/igc.usp.br\/cpgeo\/wp-json\/wp\/v2\/pages"}],"about":[{"href":"https:\/\/igc.usp.br\/cpgeo\/wp-json\/wp\/v2\/types\/page"}],"author":[{"embeddable":true,"href":"https:\/\/igc.usp.br\/cpgeo\/wp-json\/wp\/v2\/users\/1"}],"replies":[{"embeddable":true,"href":"https:\/\/igc.usp.br\/cpgeo\/wp-json\/wp\/v2\/comments?post=1110"}],"version-history":[{"count":9,"href":"https:\/\/igc.usp.br\/cpgeo\/wp-json\/wp\/v2\/pages\/1110\/revisions"}],"predecessor-version":[{"id":1586,"href":"https:\/\/igc.usp.br\/cpgeo\/wp-json\/wp\/v2\/pages\/1110\/revisions\/1586"}],"wp:attachment":[{"href":"https:\/\/igc.usp.br\/cpgeo\/wp-json\/wp\/v2\/media?parent=1110"}],"curies":[{"name":"wp","href":"https:\/\/api.w.org\/{rel}","templated":true}]}}