{"id":1085,"date":"2018-11-28T15:16:15","date_gmt":"2018-11-28T17:16:15","guid":{"rendered":"http:\/\/sites.igc.usp.br\/cpgeo\/?page_id=1085"},"modified":"2019-02-27T09:56:22","modified_gmt":"2019-02-27T12:56:22","slug":"envio-de-amostras","status":"publish","type":"page","link":"https:\/\/igc.usp.br\/cpgeo\/envio-de-amostras\/","title":{"rendered":"Envio de Amostras"},"content":{"rendered":"\n<p>O envio das amostras deve ser feito SOMENTE ap\u00f3s o recebimento da mensagem informando a aprova\u00e7\u00e3o oficial do pedido de servi\u00e7os. <\/p>\n\n\n\n<h2 class=\"wp-block-heading\"><strong>Clientes internos (IGc\/USP)<\/strong> <\/h2>\n\n\n\n<p>Devem entregar as amostras aos cuidados da Sra. Michele Silva, t\u00e9cnica administrativa do CPGeo (Bloco H, 1\u00ba Piso). O recebimento \u00e9 registrado em caderno controlado (FR.22 \u2013 Recebimento de Amostras SECAD), seguindo o procedimento do SGQ (ver aba SGQ, deste site). A Diretoria do CPGeo n\u00e3o autoriza o recebimento de amostras por qualquer outro funcion\u00e1rio.<\/p>\n\n\n\n<p>Os dias e hor\u00e1rio \u00fateis para recebimento de amostras s\u00e3o:<br> Ter\u00e7a-feira \u2013 Quarta-feira \u2013 Quinta-feira<br>     Manh\u00e3: 9:00 \u00e0s 11:00 horas<br>     Tarde: 15:00 \u00e0s 16:30 horas<\/p>\n\n\n\n<h2 class=\"wp-block-heading\"><strong>Clientes externos<\/strong> <\/h2>\n\n\n\n<p>Devem postar as amostras para:<\/p>\n\n\n\n<p>INSTITUTO DE GEOCI\u00caNCIAS (CNPJ: 63.025.530\/0007-08)<br>\nRua do Lago, 562 &#8211; Butant\u00e3, Cidade Universit\u00e1ria<br>\nS\u00e3o Paulo &#8211; CEP 05508-080 \/ SP<br>\nA\/C: Michele Silva  (CPGeo)<\/p>\n\n\n\n<blockquote class=\"wp-block-quote is-layout-flow wp-block-quote-is-layout-flow\"><p>NOTA: O CPGeo n\u00e3o se responsabiliza por extravios ou danos decorrentes de procedimento incorreto (diferente do exposto) de envio de amostras. O CPGeo n\u00e3o tem pessoal administrativo dedicado a desembara\u00e7ar amostras enviadas por postagem internacional. Portanto, \u00e9 de responsabilidade exclusiva do cliente rastrear o volume e informar ao CPGeo sobre dados e contatos para recebimento via courrier. Qualquer custo necess\u00e1rio para desembara\u00e7o ser\u00e1 transferido para o cliente, podendo acarretar em revis\u00e3o do valor final da proposta comercial. <\/p><\/blockquote>\n","protected":false},"excerpt":{"rendered":"<p>O envio das amostras deve ser feito SOMENTE ap\u00f3s o recebimento da mensagem informando a aprova\u00e7\u00e3o oficial do pedido de&#46;&#46;&#46;<\/p>\n","protected":false},"author":1,"featured_media":0,"parent":0,"menu_order":0,"comment_status":"closed","ping_status":"closed","template":"","meta":{"_acf_changed":false,"om_disable_all_campaigns":false,"_monsterinsights_skip_tracking":false,"_monsterinsights_sitenote_active":false,"_monsterinsights_sitenote_note":"","_monsterinsights_sitenote_category":0,"_uf_show_specific_survey":0,"_uf_disable_surveys":false,"footnotes":"","_links_to":"","_links_to_target":""},"class_list":["post-1085","page","type-page","status-publish","hentry"],"acf":[],"aioseo_notices":[],"publishpress_future_action":{"enabled":false,"date":"2026-05-21 02:01:08","action":"change-status","newStatus":"draft","terms":[],"taxonomy":"language","extraData":[]},"publishpress_future_workflow_manual_trigger":{"enabledWorkflows":[]},"_links":{"self":[{"href":"https:\/\/igc.usp.br\/cpgeo\/wp-json\/wp\/v2\/pages\/1085","targetHints":{"allow":["GET"]}}],"collection":[{"href":"https:\/\/igc.usp.br\/cpgeo\/wp-json\/wp\/v2\/pages"}],"about":[{"href":"https:\/\/igc.usp.br\/cpgeo\/wp-json\/wp\/v2\/types\/page"}],"author":[{"embeddable":true,"href":"https:\/\/igc.usp.br\/cpgeo\/wp-json\/wp\/v2\/users\/1"}],"replies":[{"embeddable":true,"href":"https:\/\/igc.usp.br\/cpgeo\/wp-json\/wp\/v2\/comments?post=1085"}],"version-history":[{"count":5,"href":"https:\/\/igc.usp.br\/cpgeo\/wp-json\/wp\/v2\/pages\/1085\/revisions"}],"predecessor-version":[{"id":1336,"href":"https:\/\/igc.usp.br\/cpgeo\/wp-json\/wp\/v2\/pages\/1085\/revisions\/1336"}],"wp:attachment":[{"href":"https:\/\/igc.usp.br\/cpgeo\/wp-json\/wp\/v2\/media?parent=1085"}],"curies":[{"name":"wp","href":"https:\/\/api.w.org\/{rel}","templated":true}]}}