{"id":42,"date":"2020-08-19T17:34:31","date_gmt":"2020-08-19T20:34:31","guid":{"rendered":"http:\/\/igc.usp.br\/covid\/?page_id=42"},"modified":"2022-01-12T15:07:19","modified_gmt":"2022-01-12T18:07:19","slug":"portaria_10-2020","status":"publish","type":"page","link":"https:\/\/igc.usp.br\/covid\/comissao-especial\/portaria_10-2020\/","title":{"rendered":"PORTARIA IGc N\u00ba 10, de 11 de agosto de 2020"},"content":{"rendered":"\n<p>Disp\u00f5e sobre a cria\u00e7\u00e3o da Comiss\u00e3o Especial para Estabelecimento de Protocolos e Acompanhamento para Retorno \u00e0s Atividades Presenciais no Instituto de Geoci\u00eancias da Universidade de S\u00e3o Paulo.<\/p>\n\n\n\n<p>O Diretor do Instituto de Geoci\u00eancias da Universidade de S\u00e3o Paulo (IGc-USP), de acordo com o disposto no Estatuto e Regimento Geral da Universidade de S\u00e3o Paulo e, considerando a necessidade de:<\/p>\n\n\n\n<p>a) definir protocolos e regras para o retorno gradativo \u00e0s atividades de pesquisa, administrativas e did\u00e1ticas presenciais no IGc, ap\u00f3s o isolamento social imposto pela pandemia COVID-19,<br>b) de controlar e acompanhar as condi\u00e7\u00f5es de sa\u00fade relativas \u00e0 COVID-19 na comunidade do IGc-USP,<br>c) zelar pela aplica\u00e7\u00e3o das normas definidas pelos \u00f3rg\u00e3os de sa\u00fade municipal, estadual e federal e da Universidade de S\u00e3o Paulo,<br>d) proporcionar um ambiente mais seguro e saud\u00e1vel e garantir a seguran\u00e7a das pessoas na comunidade do IGc-USP.<\/p>\n\n\n\n<p>Resolve, no uso de suas atribui\u00e7\u00f5es legais, estatut\u00e1rias e legais, baixar a seguinte&nbsp;PORTARIA<\/p>\n\n\n\n<p><strong>Artigo 1\u00ba <\/strong>&#8211; Fica criada junto ao Gabinete do Diretor a Comiss\u00e3o Especial para Estabelecimento de Protocolos e Acompanhamento para Retorno \u00e0s Atividades Presenciais no Instituto de Geoci\u00eancias da Universidade de S\u00e3o Paulo.<\/p>\n\n\n\n<p><strong>Artigo 2\u00ba<\/strong> &#8211; A Comiss\u00e3o Especial para Estabelecimento de Protocolos e Acompanhamento para Retorno \u00e0s Atividades Presenciais no Instituto de Geoci\u00eancias tem como finalidade:<\/p>\n\n\n\n<p>i. Ouvindo as chefias de departamentos e comiss\u00f5es institucionais e, em especial, os professores respons\u00e1veis e os t\u00e9cnicos especializados dos laborat\u00f3rios de pesquisa e did\u00e1ticos, propor protocolos, normas e quaisquer a\u00e7\u00f5es necess\u00e1rias para o retorno gradativo e seguro das atividades.<br>ii. Propor as adequa\u00e7\u00f5es de normas e procedimentos e equipamentos necess\u00e1rios para os ambientes de uso comum, laborat\u00f3rios e salas de aulas para o retorno seguro das atividades presenciais no IGc.<br>iii. Propor um programa seguro para o retorno gradativo das atividades administrativas no IGc.<br>iv. Propor formas e meios para comunica\u00e7\u00e3o e conscientiza\u00e7\u00e3o de todos que frequentam o IGc em rela\u00e7\u00e3o \u00e0 necessidade de uma a\u00e7\u00e3o comunit\u00e1ria e solid\u00e1ria para acompanhamento da sa\u00fade de todos e para aplica\u00e7\u00e3o das normas e regras estabelecidas.<br>v. Divulgar por interm\u00e9dio dos meios dispon\u00edveis as informa\u00e7\u00f5es necess\u00e1rias \u00e0 comunidade e divulgar a situa\u00e7\u00e3o geral no IGc por meio de comunicados espec\u00edficos regulares.<br>vi. Propor a forma de descarte de materiais de seguran\u00e7a pessoal.<br>vii. Avaliar a quantidade de materiais de seguran\u00e7a, de acordo com as fases de evolu\u00e7\u00e3o da pandemia.<br>viii. Zelar pela aplica\u00e7\u00e3o dos protocolos, normas e recomenda\u00e7\u00f5es pela comunidade do IGc.<br>ix. Atualizar, de acordo com a evolu\u00e7\u00e3o da pandemia e da situa\u00e7\u00e3o interna, normas complementares quando necess\u00e1rio.<br>x. Propor \u00e0 Diretoria a\u00e7\u00f5es necess\u00e1rias para coibir o desrespeito \u00e0s regras estabelecidas.<\/p>\n\n\n\n<p><strong>Artigo 3\u00ba <\/strong>&#8211; Essa Comiss\u00e3o \u00e9 Coordenada pelo Vice-Diretor do Instituto de Geoci\u00eancias.<\/p>\n\n\n\n<p><strong>Artigo 4\u00ba<\/strong> &#8211; A Comiss\u00e3o \u00e9 constitu\u00edda pelos seguintes servidores:<br>Prof. Carlos Jos\u00e9 Archanjo (Vice-Diretor do IGc)<br>Profa. Alexandra Vieira Suhogusoff (GSA)<br>Anderson de Santana (Biblioteca)<br>Andr\u00e9 Luiz In\u00e1cio (Portaria&nbsp;e Vigil\u00e2ncia)<br>Clodoaldo Machado Alcantara (Manuten\u00e7\u00e3o)<br>Izabel Ramos Ruiz (Laborat\u00f3rios)<\/p>\n\n\n\n<p><strong>Artigo 5\u00ba <\/strong>&#8211; As atividades dessa Comiss\u00e3o se encerram apenas quando declarado pela Universidade de S\u00e3o Paulo o fim da pandemia ou por a\u00e7\u00f5es normativas do Estado e da Universidade de S\u00e3o Paulo.<\/p>\n\n\n\n<p><strong>Artigo 6\u00ba <\/strong>&#8211; Esta&nbsp;Portaria&nbsp;entrar\u00e1 em vigor na data de sua assinatura.<\/p>\n\n\n\n<p>Instituto de Geoci\u00eancias da Universidade de S\u00e3o Paulo, 11 de agosto de 2020.<\/p>\n\n\n\n<p>Caetano Juliani<br>Diretor<\/p>\n\n\n\n<hr class=\"wp-block-separator has-text-color has-background has-primary-background-color has-primary-color is-style-wide\"\/>\n\n\n\n<h1 class=\"has-primary-color has-text-color wp-block-heading\" id=\"portaria-igc-n\u00ba-09-de-12-de-maio-de-2021\"><br>PORTARIA IGc N\u00ba 09, de 12 de maio de 2021<\/h1>\n\n\n\n<p>Altera dispositivo da Portaria IGc N\u00ba 10\/2020, que disp\u00f4s sobre a cria\u00e7\u00e3o da Comiss\u00e3o Especial para Estabelecimento de Protocolos e Acompanhamento para Retorno \u00e0s Atividades Presenciais no Instituto de Geoci\u00eancias da Universidade de S\u00e3o Paulo, e revoga as Portarias IGc N\u00ba 01\/2021 e N\u00ba 05\/2021.<\/p>\n\n\n\n<p>O Diretor do Instituto de Geoci\u00eancias da Universidade de S\u00e3o Paulo (IGc-USP), de acordo com o disposto no Estatuto e Regimento Geral da Universidade de S\u00e3o Paulo e, no uso de suas atribui\u00e7\u00f5es legais e estatut\u00e1rias, baixa a seguinte<\/p>\n\n\n\n<h3 class=\"has-text-align-center has-primary-color has-text-color wp-block-heading\" id=\"portaria\">PORTARIA<\/h3>\n\n\n\n<p><strong>Artigo 1\u00ba<\/strong> &#8211; O artigo 4\u00ba da Portaria IGc N\u00ba 10\/2020, de 11 de agosto de 2020, que disp\u00f4s sobre a cria\u00e7\u00e3o da Comiss\u00e3o Especial para Estabelecimento de Protocolos e Acompanhamento para Retorno \u00e0s Atividades Presenciais no Instituto de Geoci\u00eancias da Universidade de S\u00e3o Paulo, passa a vigorar com a seguinte reda\u00e7\u00e3o:<\/p>\n\n\n\n<p>\u201c<strong>Artigo 4\u00ba<\/strong> &#8211; A Comiss\u00e3o \u00e9 constitu\u00edda pelos seguintes servidores:<\/p>\n\n\n\n<div class=\"wp-block-group\"><div class=\"wp-block-group__inner-container is-layout-flow wp-block-group-is-layout-flow\">\n<p>Prof. Carlos Jos\u00e9 Archanjo (Vice-Diretor do IGc)<br>Prof. Paulo C\u00e9sar Boggiani (GSA)<br>Anderson de Santana (Biblioteca)<br>Andr\u00e9 Luiz In\u00e1cio (Portaria e Vigil\u00e2ncia)<br>Clodoaldo Machado Alcantara (Manuten\u00e7\u00e3o)<br>Thays Desiree Mineli (Laborat\u00f3rios)<br>Sara dos Santos Souza (Gradua\u00e7\u00e3o)\u201d<\/p>\n<\/div><\/div>\n\n\n\n<p><strong>Artigo 2\u00ba<\/strong> &#8211; Esta Portaria entrar\u00e1 em vigor na data de sua assinatura, revogando-se as disposi\u00e7\u00f5es em contr\u00e1rio, em especial as Portarias IGc N\u00ba 01\/2021 e N\u00ba 05\/2021.<\/p>\n\n\n\n<p>Instituto de Geoci\u00eancias da Universidade de S\u00e3o Paulo, 12 de maio de 2021.<\/p>\n\n\n\n<p>Caetano Juliani<br>Diretor<\/p>\n\n\n\n<p>=======================<br>Obs. 1: A Comiss\u00e3o ap\u00f3s constitu\u00edda decidiu pela inclus\u00e3o, neste primeiro momento, da aluna Natasha Sarde Marteleto como representante discente da P\u00f3s-Gradua\u00e7\u00e3o.<\/p>\n\n\n\n<p>Obs. 2: A Comiss\u00e3o considerou pertinente a inclus\u00e3o do chefe da Se\u00e7\u00e3o T\u00e9cnica de Inform\u00e1tica, Erickson Zanon.<\/p>\n\n\n\n<div class=\"wp-block-file\"><a id=\"wp-block-file--media-afb4f224-39ff-4efd-ac36-9a05055b6921\" href=\"http:\/\/igc.usp.br\/covid\/wp-content\/uploads\/sites\/34\/2021\/02\/Comunicado_Alexandra-Boggiani.pdf\">Obs. 3: A Prof. Alexandra Vieira Suhogusoff (GSA) solicitou sua sa\u00edda da Comiss\u00e3o e foi substitu\u00edda pelo Prof. Paulo Cesar Boggiani.<\/a><a href=\"http:\/\/igc.usp.br\/covid\/wp-content\/uploads\/sites\/34\/2021\/02\/Comunicado_Alexandra-Boggiani.pdf\" class=\"wp-block-file__button\" download aria-describedby=\"wp-block-file--media-afb4f224-39ff-4efd-ac36-9a05055b6921\">Baixar<\/a><\/div>\n\n\n\n<p>Obs. 4: A representante dos alunos, Natasha Sarde Marteleto, solicitou sua sa\u00edda e foi substitu\u00edda por Pedro de Almeida Semedo.<\/p>\n\n\n\n<div class=\"wp-block-file\"><a id=\"wp-block-file--media-7994f8e9-e0b0-4d7c-a346-610ab1b14148\" href=\"http:\/\/igc.usp.br\/covid\/wp-content\/uploads\/sites\/34\/2021\/02\/Comunicado_Izabel-Thays-.pdf\">Obs. 5: A representante dos laborat\u00f3rios, Izabel Ramos Ruiz, solicitou sua sa\u00edda e foi substitu\u00edda por Thays Desiree Mineli.<\/a><a href=\"http:\/\/igc.usp.br\/covid\/wp-content\/uploads\/sites\/34\/2021\/02\/Comunicado_Izabel-Thays-.pdf\" class=\"wp-block-file__button\" download aria-describedby=\"wp-block-file--media-7994f8e9-e0b0-4d7c-a346-610ab1b14148\">Baixar<\/a><\/div>\n\n\n\n<p>Obs. 6: A representa\u00e7\u00e3o dos alunos de p\u00f3s-gradua\u00e7\u00e3o foi alterada e assim Pedro de Almeida Semedo foi substitu\u00eddo por Tom Dias Motta Morita.<\/p>\n\n\n\n<div class=\"wp-block-file\"><a id=\"wp-block-file--media-7f9b73cd-a3a1-4835-9643-f0c9b9a200c7\" href=\"http:\/\/igc.usp.br\/covid\/wp-content\/uploads\/sites\/34\/2020\/08\/Portaria_10-2020_comissao_acompanha_COVID.pdf\"><strong>Acesse a Portaria IGc N\u00ba 10, de 11 de agosto de 2020 em formato PDF<\/strong><\/a><a href=\"http:\/\/igc.usp.br\/covid\/wp-content\/uploads\/sites\/34\/2020\/08\/Portaria_10-2020_comissao_acompanha_COVID.pdf\" class=\"wp-block-file__button\" download aria-describedby=\"wp-block-file--media-7f9b73cd-a3a1-4835-9643-f0c9b9a200c7\">Baixar<\/a><\/div>\n\n\n\n<div class=\"wp-block-file\"><a id=\"wp-block-file--media-17d1d3be-d31b-48b9-9e48-868799011963\" href=\"http:\/\/igc.usp.br\/covid\/wp-content\/uploads\/sites\/34\/2021\/05\/portaria_2021-09_comissao_acompanha_COVID_alteracao3.pdf\" target=\"_blank\" rel=\"noreferrer noopener\"><strong>Acesse a Portaria IGc N\u00ba 09, de 12 de maio de 2021 em formato PDF<\/strong><\/a><a href=\"http:\/\/igc.usp.br\/covid\/wp-content\/uploads\/sites\/34\/2021\/05\/portaria_2021-09_comissao_acompanha_COVID_alteracao3.pdf\" class=\"wp-block-file__button\" download aria-describedby=\"wp-block-file--media-17d1d3be-d31b-48b9-9e48-868799011963\">Baixar<\/a><\/div>\n","protected":false},"excerpt":{"rendered":"<p>Disp\u00f5e sobre a cria\u00e7\u00e3o da Comiss\u00e3o Especial para Estabelecimento de Protocolos e Acompanhamento para Retorno \u00e0s Atividades Presenciais no Instituto de Geoci\u00eancias da Universidade de S\u00e3o Paulo. O Diretor do Instituto de Geoci\u00eancias da Universidade de S\u00e3o Paulo (IGc-USP), de acordo com o disposto no Estatuto e Regimento Geral da Universidade de S\u00e3o Paulo e, considerando a necessidade de: a) definir protocolos e regras para o retorno gradativo \u00e0s atividades de pesquisa, administrativas e did\u00e1ticas presenciais no IGc, ap\u00f3s o isolamento social imposto pela pandemia COVID-19,b) de controlar e acompanhar as condi\u00e7\u00f5es de sa\u00fade relativas \u00e0 COVID-19 na comunidade do<\/p>\n","protected":false},"author":6,"featured_media":0,"parent":34,"menu_order":1,"comment_status":"closed","ping_status":"closed","template":"","meta":{"_acf_changed":false,"om_disable_all_campaigns":false,"_monsterinsights_skip_tracking":false,"_monsterinsights_sitenote_active":false,"_monsterinsights_sitenote_note":"","_monsterinsights_sitenote_category":0,"_uf_show_specific_survey":0,"_uf_disable_surveys":false,"footnotes":"","_links_to":"","_links_to_target":""},"class_list":["post-42","page","type-page","status-publish","hentry"],"acf":[],"aioseo_notices":[],"publishpress_future_action":{"enabled":false,"date":"2026-05-23 01:31:07","action":"change-status","newStatus":"draft","terms":[],"taxonomy":"language","extraData":[]},"publishpress_future_workflow_manual_trigger":{"enabledWorkflows":[]},"_links":{"self":[{"href":"https:\/\/igc.usp.br\/covid\/wp-json\/wp\/v2\/pages\/42","targetHints":{"allow":["GET"]}}],"collection":[{"href":"https:\/\/igc.usp.br\/covid\/wp-json\/wp\/v2\/pages"}],"about":[{"href":"https:\/\/igc.usp.br\/covid\/wp-json\/wp\/v2\/types\/page"}],"author":[{"embeddable":true,"href":"https:\/\/igc.usp.br\/covid\/wp-json\/wp\/v2\/users\/6"}],"replies":[{"embeddable":true,"href":"https:\/\/igc.usp.br\/covid\/wp-json\/wp\/v2\/comments?post=42"}],"version-history":[{"count":13,"href":"https:\/\/igc.usp.br\/covid\/wp-json\/wp\/v2\/pages\/42\/revisions"}],"predecessor-version":[{"id":590,"href":"https:\/\/igc.usp.br\/covid\/wp-json\/wp\/v2\/pages\/42\/revisions\/590"}],"up":[{"embeddable":true,"href":"https:\/\/igc.usp.br\/covid\/wp-json\/wp\/v2\/pages\/34"}],"wp:attachment":[{"href":"https:\/\/igc.usp.br\/covid\/wp-json\/wp\/v2\/media?parent=42"}],"curies":[{"name":"wp","href":"https:\/\/api.w.org\/{rel}","templated":true}]}}