{"id":34,"date":"2020-08-19T17:34:53","date_gmt":"2020-08-19T20:34:53","guid":{"rendered":"http:\/\/igc.usp.br\/covid\/?page_id=34"},"modified":"2022-11-16T08:52:41","modified_gmt":"2022-11-16T11:52:41","slug":"comissao-especial","status":"publish","type":"page","link":"https:\/\/igc.usp.br\/covid\/","title":{"rendered":"Comiss\u00e3o Especial"},"content":{"rendered":"\n<figure class=\"wp-block-image size-large is-style-default\"><img fetchpriority=\"high\" decoding=\"async\" width=\"1024\" height=\"216\" src=\"http:\/\/igc.usp.br\/covid\/wp-content\/uploads\/sites\/34\/2020\/08\/COMISSAO-CABECALHO-1024x216.png\" alt=\"\" class=\"wp-image-35\" srcset=\"https:\/\/igc.usp.br\/covid\/wp-content\/uploads\/sites\/34\/2020\/08\/COMISSAO-CABECALHO-1024x216.png 1024w, https:\/\/igc.usp.br\/covid\/wp-content\/uploads\/sites\/34\/2020\/08\/COMISSAO-CABECALHO-300x63.png 300w, https:\/\/igc.usp.br\/covid\/wp-content\/uploads\/sites\/34\/2020\/08\/COMISSAO-CABECALHO-768x162.png 768w, https:\/\/igc.usp.br\/covid\/wp-content\/uploads\/sites\/34\/2020\/08\/COMISSAO-CABECALHO-1536x323.png 1536w, https:\/\/igc.usp.br\/covid\/wp-content\/uploads\/sites\/34\/2020\/08\/COMISSAO-CABECALHO-2048x431.png 2048w\" sizes=\"(max-width: 1024px) 100vw, 1024px\" \/><\/figure>\n\n\n\n<p>A &#8220;<strong><em>Comiss\u00e3o Especial para Estabelecimento de Protocolos e Acompanhamento para Retorno \u00e0s Atividades Presenciais&#8221; <\/em><\/strong>est\u00e1 procedendo com as devidas adequa\u00e7\u00f5es do Instituto de Geoci\u00eancias para que a retomada das atividades em suas depend\u00eancias seja segura.<\/p>\n\n\n\n<p>Voc\u00ea poder\u00e1 acompanhar o andamento das a\u00e7\u00f5es neste website.<\/p>\n\n\n\n<h2 class=\"has-text-align-center has-black-color has-text-color has-background wp-block-heading\" style=\"background-color:#fffb00\"><strong>ATEN\u00c7\u00c3O<\/strong><br><a href=\"https:\/\/igc.usp.br\/covid\/comissao-especial\/docs-oficiais\/comunicado-20221111\/\" data-type=\"page\" data-id=\"702\"><strong>Uso de m\u00e1scaras em ambientes fechados volta a ser obrigat\u00f3rio na USP a partir do dia 16\/11<\/strong>\/2022<\/a><\/h2>\n\n\n\n<hr class=\"wp-block-separator has-text-color has-primary-color has-alpha-channel-opacity has-primary-background-color has-background is-style-wide\"\/>\n\n\n\n<ul class=\"wp-block-list\">\n<li><a href=\"https:\/\/igc.usp.br\/covid\/?page_id=42\">Portaria que instituiu a Comiss\u00e3o Especial<\/a><\/li>\n\n\n\n<li><strong>Plano USP para o retorno das atividades presenciais<\/strong>\n<ul class=\"wp-block-list\">\n<li><a href=\"http:\/\/igc.usp.br\/covid\/comissao-especial\/docs-gtpraa\/\" data-type=\"page\" data-id=\"366\">Acesse os documentos produzidos pela Reitoria\/USP<\/a>.<\/li>\n<\/ul>\n<\/li>\n\n\n\n<li><a href=\"https:\/\/retornoseguro.usp.br\" target=\"_blank\" rel=\"noreferrer noopener\">Informa\u00e7\u00f5es oficiais da USP sobre a Pandemia<\/a><\/li>\n\n\n\n<li><a href=\"http:\/\/igc.usp.br\/covid\/comissao-especial\/instrucoes-lab\/\" data-type=\"page\" data-id=\"66\">V\u00eddeo com Instru\u00e7\u00f5es para as Equipes de Laborat\u00f3rios desenvolvido pela PRP\/USP<\/a> <\/li>\n<\/ul>\n\n\n\n<hr class=\"wp-block-separator has-text-color has-primary-color has-css-opacity has-primary-background-color has-background is-style-wide\"\/>\n\n\n\n<p><strong>Membros da Comiss\u00e3o:<br><\/strong>Prof. Carlos Jos\u00e9 Archanjo (Vice-Diretor do IGc)<br>Prof. Paulo Cesar Boggiani (GSA)<br>Anderson de Santana (Biblioteca &#8211; Representante dos Funcion\u00e1rios &#8211; CTA &amp; Congrega\u00e7\u00e3o)<br>Andr\u00e9 Luiz In\u00e1cio (Portaria e Vigil\u00e2ncia)<br>Clodoaldo Machado Alcantara (Manuten\u00e7\u00e3o)<br>Erickson Zanon (Inform\u00e1tica)<br>Sara dos Santos Souza (Discente da Gradua\u00e7\u00e3o) <br>Thays Desiree Mineli (Laborat\u00f3rios)<br>Tom Dias Motta Morita (Discente da P\u00f3s-Gradua\u00e7\u00e3o)<\/p>\n","protected":false},"excerpt":{"rendered":"<p>A &#8220;Comiss\u00e3o Especial para Estabelecimento de Protocolos e Acompanhamento para Retorno \u00e0s Atividades Presenciais&#8221; est\u00e1 procedendo com as devidas adequa\u00e7\u00f5es do Instituto de Geoci\u00eancias para que a retomada das atividades em suas depend\u00eancias seja segura. Voc\u00ea poder\u00e1 acompanhar o andamento das a\u00e7\u00f5es neste website. ATEN\u00c7\u00c3OUso de m\u00e1scaras em ambientes fechados volta a ser obrigat\u00f3rio na USP a partir do dia 16\/11\/2022 Membros da Comiss\u00e3o:Prof. Carlos Jos\u00e9 Archanjo (Vice-Diretor do IGc)Prof. Paulo Cesar Boggiani (GSA)Anderson de Santana (Biblioteca &#8211; Representante dos Funcion\u00e1rios &#8211; CTA &amp; Congrega\u00e7\u00e3o)Andr\u00e9 Luiz In\u00e1cio (Portaria e Vigil\u00e2ncia)Clodoaldo Machado Alcantara (Manuten\u00e7\u00e3o)Erickson Zanon (Inform\u00e1tica)Sara dos Santos Souza (Discente da<\/p>\n","protected":false},"author":6,"featured_media":0,"parent":0,"menu_order":0,"comment_status":"closed","ping_status":"closed","template":"","meta":{"_acf_changed":false,"om_disable_all_campaigns":false,"_monsterinsights_skip_tracking":false,"_monsterinsights_sitenote_active":false,"_monsterinsights_sitenote_note":"","_monsterinsights_sitenote_category":0,"_uf_show_specific_survey":0,"_uf_disable_surveys":false,"footnotes":"","_links_to":"","_links_to_target":""},"class_list":["post-34","page","type-page","status-publish","hentry"],"acf":[],"aioseo_notices":[],"publishpress_future_action":{"enabled":false,"date":"2026-05-22 20:34:18","action":"change-status","newStatus":"draft","terms":[],"taxonomy":"language","extraData":[]},"publishpress_future_workflow_manual_trigger":{"enabledWorkflows":[]},"_links":{"self":[{"href":"https:\/\/igc.usp.br\/covid\/wp-json\/wp\/v2\/pages\/34","targetHints":{"allow":["GET"]}}],"collection":[{"href":"https:\/\/igc.usp.br\/covid\/wp-json\/wp\/v2\/pages"}],"about":[{"href":"https:\/\/igc.usp.br\/covid\/wp-json\/wp\/v2\/types\/page"}],"author":[{"embeddable":true,"href":"https:\/\/igc.usp.br\/covid\/wp-json\/wp\/v2\/users\/6"}],"replies":[{"embeddable":true,"href":"https:\/\/igc.usp.br\/covid\/wp-json\/wp\/v2\/comments?post=34"}],"version-history":[{"count":80,"href":"https:\/\/igc.usp.br\/covid\/wp-json\/wp\/v2\/pages\/34\/revisions"}],"predecessor-version":[{"id":709,"href":"https:\/\/igc.usp.br\/covid\/wp-json\/wp\/v2\/pages\/34\/revisions\/709"}],"wp:attachment":[{"href":"https:\/\/igc.usp.br\/covid\/wp-json\/wp\/v2\/media?parent=34"}],"curies":[{"name":"wp","href":"https:\/\/api.w.org\/{rel}","templated":true}]}}