{"id":89,"date":"2025-06-23T15:42:56","date_gmt":"2025-06-23T18:42:56","guid":{"rendered":"https:\/\/igc.usp.br\/cepas\/?page_id=89"},"modified":"2025-06-30T09:29:50","modified_gmt":"2025-06-30T12:29:50","slug":"bem-vindo-ao-site-do-cepas-usp","status":"publish","type":"page","link":"https:\/\/igc.usp.br\/cepas\/","title":{"rendered":"Bem-vindo ao site do CEPAS | USP"},"content":{"rendered":"\n<p>O Centro de Pesquisas de \u00c1guas Subterr\u00e2neas da Universidade de S\u00e3o Paulo (CEPAS|USP) \u00e9 um espa\u00e7o de excel\u00eancia que articula pesquisa cient\u00edfica, extens\u00e3o universit\u00e1ria e forma\u00e7\u00e3o de recursos humanos em alto n\u00edvel. Seu objetivo \u00e9 propor e desenvolver solu\u00e7\u00f5es para desafios associados aos recursos h\u00eddricos e \u00e0 contamina\u00e7\u00e3o do solo e de \u00e1guas subterr\u00e2neas \u2014 quest\u00f5es de grande relev\u00e2ncia socioambiental.<\/p>\n\n\n\n<p>Fundado em 1983, o CEPAS|USP consolidou-se como um dos mais importantes centros de pesquisa em \u00e1guas subterr\u00e2neas do pa\u00eds. Ao longo de sua trajet\u00f3ria, tem atuado em colabora\u00e7\u00e3o com uma ampla rede de parceiros nacionais e internacionais, dos setores p\u00fablico e privado, al\u00e9m de institui\u00e7\u00f5es cient\u00edficas e acad\u00eamicas, ampliando o alcance e o impacto de suas a\u00e7\u00f5es.<\/p>\n\n\n\n<h1 class=\"wp-block-heading\">\u00c1reas de atua\u00e7\u00e3o<\/h1>\n\n\n\n<p><\/p>\n\n\n\n<p><strong>Caracteriza\u00e7\u00e3o da degrada\u00e7\u00e3o de solo e de \u00e1guas subterr\u00e2neas <\/strong><br>Avalia\u00e7\u00e3o e monitoramento da evolu\u00e7\u00e3o da contamina\u00e7\u00e3o em aqu\u00edferos e na zona n\u00e3o saturada, com a aplica\u00e7\u00e3o de t\u00e9cnicas de remedia\u00e7\u00e3o e desenvolvimento de equipamentos para uso em atividades de campo.<\/p>\n\n\n\n<p><strong>Recursos h\u00eddricos subterr\u00e2neos para o abastecimento p\u00fablico e privado<\/strong><br>Prospec\u00e7\u00e3o, avalia\u00e7\u00e3o, uso racional e sustent\u00e1vel das \u00e1guas subterr\u00e2neas, por meio de m\u00e9todos tradicionais e avan\u00e7ados, incluindo t\u00e9cnicas isot\u00f3picas.<\/p>\n\n\n\n<p><strong>Educa\u00e7\u00e3o ambiental em Geoci\u00eancias<\/strong><br>Desenvolvimento de treinamentos e a\u00e7\u00f5es educativas voltadas \u00e0 amplia\u00e7\u00e3o da percep\u00e7\u00e3o e da consci\u00eancia ambiental de indiv\u00edduos e comunidades, com \u00eanfase em recursos h\u00eddricos e geoci\u00eancias.<\/p>\n\n\n\n<p><strong>Gest\u00e3o dos recursos h\u00eddricos subterr\u00e2neos e mudan\u00e7as clim\u00e1ticas globais<\/strong><br>An\u00e1lise dos mecanismos sociais, econ\u00f4micos, institucionais e legais que influenciam o planejamento territorial, bem como o uso, prote\u00e7\u00e3o e desenvolvimento dos recursos h\u00eddricos subterr\u00e2neos frente \u00e0s mudan\u00e7as clim\u00e1ticas.<\/p>\n\n\n\n<p><strong>Anomalias qu\u00edmicas naturais, \u00e1gua mineral e potabilidade das \u00e1guas<\/strong><br>Investiga\u00e7\u00e3o das intera\u00e7\u00f5es f\u00edsico-qu\u00edmicas entre rochas e \u00e1gua, da evolu\u00e7\u00e3o geoqu\u00edmica das \u00e1guas subterr\u00e2neas, da origem de anomalias hidrogeoqu\u00edmicas e da qualidade e potabilidade das \u00e1guas, incluindo \u00e1guas minerais e seus usos.<br><\/p>\n\n\n\n<p><\/p>\n\n\n\n<h3 class=\"wp-block-heading\"><\/h3>\n\n\n\n<p><\/p>\n","protected":false},"excerpt":{"rendered":"<p>O Centro de Pesquisas de \u00c1guas Subterr\u00e2neas da Universidade de S\u00e3o Paulo (CEPAS|USP) \u00e9 um espa\u00e7o de excel\u00eancia que articula pesquisa cient\u00edfica, extens\u00e3o universit\u00e1ria e forma\u00e7\u00e3o de recursos humanos em alto n\u00edvel. Seu objetivo&#46;&#46;&#46;<\/p>\n","protected":false},"author":39,"featured_media":0,"parent":0,"menu_order":0,"comment_status":"closed","ping_status":"closed","template":"","meta":{"_acf_changed":false,"om_disable_all_campaigns":false,"_monsterinsights_skip_tracking":false,"_monsterinsights_sitenote_active":false,"_monsterinsights_sitenote_note":"","_monsterinsights_sitenote_category":0,"_uf_show_specific_survey":0,"_uf_disable_surveys":false,"footnotes":"","_links_to":"","_links_to_target":""},"class_list":["post-89","page","type-page","status-publish","hentry"],"acf":[],"aioseo_notices":[],"publishpress_future_action":{"enabled":false,"date":"2026-04-15 12:42:15","action":"change-status","newStatus":"draft","terms":[],"taxonomy":"language","extraData":[]},"publishpress_future_workflow_manual_trigger":{"enabledWorkflows":[]},"_links":{"self":[{"href":"https:\/\/igc.usp.br\/cepas\/wp-json\/wp\/v2\/pages\/89","targetHints":{"allow":["GET"]}}],"collection":[{"href":"https:\/\/igc.usp.br\/cepas\/wp-json\/wp\/v2\/pages"}],"about":[{"href":"https:\/\/igc.usp.br\/cepas\/wp-json\/wp\/v2\/types\/page"}],"author":[{"embeddable":true,"href":"https:\/\/igc.usp.br\/cepas\/wp-json\/wp\/v2\/users\/39"}],"replies":[{"embeddable":true,"href":"https:\/\/igc.usp.br\/cepas\/wp-json\/wp\/v2\/comments?post=89"}],"version-history":[{"count":11,"href":"https:\/\/igc.usp.br\/cepas\/wp-json\/wp\/v2\/pages\/89\/revisions"}],"predecessor-version":[{"id":243,"href":"https:\/\/igc.usp.br\/cepas\/wp-json\/wp\/v2\/pages\/89\/revisions\/243"}],"wp:attachment":[{"href":"https:\/\/igc.usp.br\/cepas\/wp-json\/wp\/v2\/media?parent=89"}],"curies":[{"name":"wp","href":"https:\/\/api.w.org\/{rel}","templated":true}]}}