{"id":40,"date":"2018-10-02T16:39:40","date_gmt":"2018-10-02T19:39:40","guid":{"rendered":"http:\/\/sites.igc.usp.br\/ccint\/?page_id=40"},"modified":"2025-08-26T15:30:40","modified_gmt":"2025-08-26T18:30:40","slug":"documentos-necessarios","status":"publish","type":"page","link":"https:\/\/igc.usp.br\/ccint\/alunos-estrangeiros\/documentos-necessarios\/","title":{"rendered":"Documentos necess\u00e1rios"},"content":{"rendered":"\n<h2 class=\"wp-block-heading\">Instru\u00e7\u00f5es para retirar o CPF<\/h2>\n\n\n\n<p>A CCInt-IGc\/USP, recomenda a todos os estudantes, professores ou pesquisadores que venham a participar de atividades no Instituto, que venham para o Brasil com o CPF pronto. Isso \u00e9 importante para que, j\u00e1 na chegada no Brasil, voc\u00ea consiga acessar importantes servi\u00e7os como banco, chip de cart\u00e3o telef\u00f4nico etc. Para que isso ocorra, SOLICITE o CPF quando for a Embaixada para solicitar o seu visto. <\/p>\n\n\n\n<p>Al\u00e9m disso, caso voc\u00ea opte por vir ao Brasil, sem esse documento, existem duas possibilidades para a solicita\u00e7\u00e3o do CPF:<\/p>\n\n\n\n<h2 class=\"wp-block-heading\">1) Solicite o seu CPF pela Internet <\/h2>\n\n\n\n<p>1. Responda o <a href=\"https:\/\/www.google.com\/url?q=https:\/\/servicos.receita.fazenda.gov.br\/Servicos\/CPF\/InscricaoCpfEstrangeiro\/default.asp&amp;sa=D&amp;source=docs&amp;ust=1756234382939043&amp;usg=AOvVaw01F-_tE1XXtNBhLiqDy8ZO\" title=\"\">formul\u00e1rio da Receita Federal<\/a><\/p>\n\n\n\n<p>2. Fa\u00e7a uma c\u00f3pia digital da p\u00e1gina de identifica\u00e7\u00e3o do seu Passaporte<\/p>\n\n\n\n<p>3. Tire uma foto (selfie) com o seu Passaporte aberto na p\u00e1gina de identifica\u00e7\u00e3o. O passaporte deve ser posicionado perto do rosto e as informa\u00e7\u00f5es devem ser leg\u00edveis. <\/p>\n\n\n\n<p>4. Responda o <a href=\"https:\/\/www.gov.br\/receitafederal\/pt-br\/centrais-de-conteudo\/formularios\/cadastros\/cpf-condicao-fiscal\" title=\"\">formul\u00e1rio de Declara\u00e7\u00e3o de Condi\u00e7\u00e3o Fiscal<\/a> da Receita Federal <\/p>\n\n\n\n<p>5. Enviei todos os documentos acima para o e-mail atendimentorfb.08@rfb.gov.br<\/p>\n\n\n\n<h2 class=\"wp-block-heading\">2) Solicite o seu CPF pelos Correios<\/h2>\n\n\n\n<p>1. Ir a uma ag\u00eancia dos Correios e fazer portando o passaporte e um documento que contenha o nome da m\u00e3e do interessado em emitir o CPF para estrangeiros, fazer o pedido do documento e pagar a taxa de R$5,70, referente ao mesmo;<\/p>\n\n\n\n<p>2. Ap\u00f3s fazer o pedido nos Correios, ir a uma unidade da Receita Federal e agendar a retirada do CPF (O agendamento \u00e9 feito para o mesmo dia, ap\u00f3s algumas horas da apresenta\u00e7\u00e3o dos documentos);<\/p>\n\n\n\n<p><\/p>\n\n\n\n<h3 class=\"wp-block-heading\">Endere\u00e7o da Receita Federal mais pr\u00f3xima \u00e0 USP<\/h3>\n\n\n\n<p><\/p>\n\n\n\n<blockquote class=\"wp-block-quote is-layout-flow wp-block-quote-is-layout-flow\">\n<p>Receita Federal<\/p>\n\n\n\n<p><a href=\"http:\/\/www.receita.fazenda.gov.br\/\" target=\"_blank\" rel=\"noreferrer noopener\">www.receita.fazenda.gov.br<\/a><\/p>\n\n\n\n<p>DELEGACIA DA POLICIA FEDERAL DO BRASIL EM OSASCO &#8211; 8\u00aa R.F.L<\/p>\n\n\n\n<p>Rua Avelino Lopes, 156<\/p>\n\n\n\n<p>TEL.\/FAX: (11) 2856-8270\/ (11)28568207<\/p>\n\n\n\n<p>Hor\u00e1rio de atendimento: 9h \u00e0s 13h<\/p>\n<\/blockquote>\n\n\n\n<p>3. Aguardar o hor\u00e1rio agendado para a retirada do documento no mesmo local.<\/p>\n\n\n\n<p>&nbsp;<\/p>\n\n\n\n<h2 class=\"wp-block-heading\">Instru\u00e7\u00f5es para retirar o RNE<\/h2>\n\n\n\n<p>O documento de perman\u00eancia tempor\u00e1ria de estrangeiros no Brasil chama-se: Registro Nacional de Estrangeiros (RNE). Somente com este n\u00famero voc\u00ea poder\u00e1 abrir conta em banco, comprar passe escolar, ou realizar qualquer outra atividade que necessite de uma confirma\u00e7\u00e3o da sua perman\u00eancia prolongada no Brasil.<\/p>\n\n\n\n<p><\/p>\n\n\n\n<p>Para conseguir a sua carteira com o RNE, ap\u00f3s obter o Visto de Estudante do Tipo 4 em seu pa\u00eds de origem e ter se apresentado pessoalmente na CRInt &#8211; IGc\/USP, para obter o seu Atestado de Matr\u00edcula, voc\u00ea deve seguir o seguinte roteiro:<\/p>\n\n\n\n<p><\/p>\n\n\n\n<p>1. Entrar no site da Pol\u00edcia Federal e preencher a Guia de Recolhimento da Uni\u00e3o &#8211; GRU em:&nbsp;<a href=\"https:\/\/www2.dpf.gov.br\/gru\/gru?nac=1\" target=\"_blank\" rel=\"noopener noreferrer\">https:\/\/www2.dpf.gov.br\/gru\/gru?nac=1;<\/a><\/p>\n\n\n\n<p>1.1. Preencha seus dados pessoais: Nome completo, Endere\u00e7o no Brasil, bairro, cidade, pa\u00eds, e-mail, nome da m\u00e3e e nome do pai;<\/p>\n\n\n\n<p>1.2. No campo &#8220;Unidade Arrecadadora&#8221;, selecionar &#8220;SP 027-2 (Superintend\u00eancia Regional do Estado de S\u00e3o Paulo)&#8221;;<\/p>\n\n\n\n<p>1.3. No campo &#8220;C\u00f3digo da Receita STN&#8221; selecionar &#8220;140082 &#8211; Registro de estrangeiros&#8221;.<\/p>\n\n\n\n<p>1.4. Depois clique em &#8220;Gerar Guia&#8221; e imprima;<\/p>\n\n\n\n<p>2. Depois voc\u00ea deve preencher outra vez a mesma GRU do primeiro item com as seguintes modifica\u00e7\u00f5es:<\/p>\n\n\n\n<p>2.1. No campo &#8220;C\u00f3digo da Receita&#8221; selecionar &#8220;140120 &#8211; Carteira de Estrangeiro de 1\u00aa via&#8221;.<\/p>\n\n\n\n<p>2.2. Depois clique em &#8220;Gerar Guia&#8221; e imprima esta outra guia.<\/p>\n\n\n\n<p>3. Pague as duas guias em qualquer ag\u00eancia de qualquer banco (fique atento ao prazo de pagamento). Voc\u00ea pode utilizar os bancos do Campus, se voc\u00ea quiser;<\/p>\n\n\n\n<p>4. Com as duas guias da Pol\u00edcia Federal pagas, voc\u00ea deve ir ao endere\u00e7o abaixo das 8h \u00e0s 12h. Recomenda-se n\u00e3o vestir bermuda e camiseta cavada, pois isso pode impedir seu atendimento na Pol\u00edcia Federal;<\/p>\n\n\n\n<p><\/p>\n\n\n\n<blockquote class=\"wp-block-quote is-layout-flow wp-block-quote-is-layout-flow\">\n<p>Pol\u00edcia Federal<\/p>\n\n\n\n<p>Endere\u00e7o: Rua Hugo D\u00b4Antola, 95 &#8211; Lapa de Baixo &#8211; S\u00e3o Paulo<\/p>\n\n\n\n<p>CEP 05038-090<br>PABX: (0xx-11) 3538-5000<br>Fax: (0xx-11) 3538-5930\/6187<br>E-Mail:&nbsp;<a href=\"mailto:nutel.srsp@dpf.gov.br\">nutel.srsp@dpf.gov.br<\/a><\/p>\n\n\n\n<p>Maiores informa\u00e7\u00f5es:&nbsp;<a href=\"http:\/\/www.dpf.gov.br\/\" target=\"_blank\" rel=\"noreferrer noopener\">www.dpf.gov.br<\/a><\/p>\n<\/blockquote>\n\n\n\n<p><\/p>\n\n\n\n<p>4.1. Neste local, voc\u00ea deve apresentar os seguintes documentos:<\/p>\n\n\n\n<p>&#8211; 2 fotos 3X4 recentes, coloridas, de frente, com fundo branco, sem data;<\/p>\n\n\n\n<p>&#8211; Passaporte (ou salvo-conduto) v\u00e1lido e c\u00f3pia autenticada em cart\u00f3rio (exceto as p\u00e1ginas em branco). Certifique-se que na c\u00f3pia apare\u00e7am a folha com sua foto e nome, a folha do visto e o carimbo com a data de entrada no Brasil;<\/p>\n\n\n\n<p>&#8211; Realizar o agendamento no endere\u00e7o&nbsp;<a href=\"https:\/\/servicos.dpf.gov.br\/sincreWeb\/\" target=\"_blank\" rel=\"noreferrer noopener\">https:\/\/servicos.dpf.gov.br\/sincreWeb\/<\/a>;<\/p>\n\n\n\n<p><\/p>\n\n\n\n<p>IMPORTANTE: O agendamento deve ser feito para entrega de documentos na unidade da Policia Federal da Lapa em S\u00e3o Paulo\/SP.<\/p>\n\n\n\n<p><\/p>\n\n\n\n<blockquote class=\"wp-block-quote is-layout-flow wp-block-quote-is-layout-flow\">\n<p>Cart\u00f3rio pr\u00f3ximo \u00e0 USP<\/p>\n\n\n\n<p>13\u00ba Cart\u00f3rio de Registro Civil do Butant\u00e3<\/p>\n\n\n\n<p>Rua Pirajussara, 432.<\/p>\n\n\n\n<p>Telefones para contato: 3819-1188 \/ 3817-4762 \/ 3032-1031.<\/p>\n<\/blockquote>\n\n\n\n<p>&#8211; Pedido de visto consular original (visa application form) obtido em seu pa\u00eds de origem. N\u00e3o pode ser c\u00f3pia.<\/p>\n\n\n\n<p><\/p>\n\n\n\n<p>4.2. Ap\u00f3s ter seus documentos conferidos, voc\u00ea dever\u00e1 aguardar para tirar impress\u00f5es digitais. Voc\u00ea receber\u00e1 um protocolo que servir\u00e1 como comprovante da sua situa\u00e7\u00e3o legal no pa\u00eds. O RNE oficial demora at\u00e9 seis meses para ficar pronto, mas enquanto isso voc\u00ea pode tranquilamente utilizar o protocolo citado.<\/p>\n\n\n\n<h2 class=\"wp-block-heading\">Instru\u00e7\u00f5es para renova\u00e7\u00e3o de RNE<\/h2>\n\n\n\n<p>\n&nbsp;O estudante dever\u00e1 entregar c\u00f3pias de todos os documentos relacionados no Check List da Pol\u00edcia Federal \u00e0 CRInt, que solicitar\u00e1 agendamento junto a AUCANI, para efetiva\u00e7\u00e3o da renova\u00e7\u00e3o de perman\u00eancia estudantil.\n&nbsp;\n<\/p>\n\n\n\n<p>Documentos necess\u00e1rios para instru\u00e7\u00e3o do requerimento:&nbsp;<\/p>\n\n\n\n<p>1. Preenchimento do formul\u00e1rio eletr\u00f4nico dispon\u00edvel no site da PF.<\/p>\n\n\n\n<p>2. Carteira de Registro Nacional Migrat\u00f3rio.&nbsp;<\/p>\n\n\n\n<p>3. Duas fotos 3&#215;4 recentes, coloridas, fundo branco, papel liso, de frente (maiores orienta\u00e7\u00f5es sobre a fotografia no site da Pol\u00edcia Federal), desde que o imigrante seja menor de quatro anos de idade.&nbsp;<\/p>\n\n\n\n<p>4. Declara\u00e7\u00e3o de endere\u00e7o eletr\u00f4nico e demais meios de contato (anexo XIX da Portaria Interministerial n\u00ba 3\/2018), preferencialmente acompanhada de c\u00f3pia simples de comprovante de resid\u00eancia.&nbsp;<\/p>\n\n\n\n<p>5. Comprovante de pagamento da taxa, quando aplic\u00e1vel: de emiss\u00e3o de nova Carteira de Registro Nacional Migrat\u00f3rio (R$ 204,77 \u2013 C\u00f3digo 140120).&nbsp;<\/p>\n\n\n\n<p>6. Declara\u00e7\u00e3o, sob as penas da lei, de aus\u00eancia de antecedentes criminais no \u00faltimo ano.&nbsp;<\/p>\n\n\n\n<p>7. Indica\u00e7\u00e3o do respons\u00e1vel pela crian\u00e7a ou adolescente no Brasil, se for o caso.&nbsp;<\/p>\n\n\n\n<p>8. Documenta\u00e7\u00e3o que comprove a matr\u00edcula no curso pretendido, em caso de autoriza\u00e7\u00e3o de resid\u00eancia para frequ\u00eancia em curso regular (com datas de in\u00edcio e final do curso).&nbsp;<\/p>\n\n\n\n<p>9. Documenta\u00e7\u00e3o que comprove que o interessado frequenta curso de gradua\u00e7\u00e3o em universidade estrangeira, em caso de autoriza\u00e7\u00e3o de resid\u00eancia para est\u00e1gio ou para interc\u00e2mbio de estudo ou de pesquisa.&nbsp;<\/p>\n\n\n\n<p>10. Termo de compromisso entre o estagi\u00e1rio, a parte concedente do est\u00e1gio e institui\u00e7\u00e3o de ensino onde o imigrante esteja matriculado, que ateste a compatibilidade entre sua \u00e1rea de conhecimento e as atividades desenvolvidas no est\u00e1gio, em caso de autoriza\u00e7\u00e3o de resid\u00eancia para est\u00e1gio.&nbsp;<\/p>\n\n\n\n<p>11. Aproveitamento escolar;&nbsp;<\/p>\n\n\n\n<p>12. Meios de subsist\u00eancia;&nbsp;<\/p>\n\n\n\n<p>13. Declara\u00e7\u00e3o de que n\u00e3o est\u00e1 vinculado a pesquisa e\/ou ensino e\/ou extens\u00e3o acad\u00eamica.<\/p>\n\n\n\n<p><\/p>\n\n\n\n<p><\/p>\n","protected":false},"excerpt":{"rendered":"<p>Instru\u00e7\u00f5es para retirar o CPF A CCInt-IGc\/USP, recomenda a todos os estudantes, professores ou pesquisadores que venham a participar de&#46;&#46;&#46;<\/p>\n","protected":false},"author":1,"featured_media":0,"parent":36,"menu_order":0,"comment_status":"closed","ping_status":"closed","template":"","meta":{"_acf_changed":false,"om_disable_all_campaigns":false,"_monsterinsights_skip_tracking":false,"_monsterinsights_sitenote_active":false,"_monsterinsights_sitenote_note":"","_monsterinsights_sitenote_category":0,"_uf_show_specific_survey":0,"_uf_disable_surveys":false,"footnotes":"","_links_to":"","_links_to_target":""},"class_list":["post-40","page","type-page","status-publish","hentry"],"acf":[],"aioseo_notices":[],"publishpress_future_action":{"enabled":false,"date":"2026-04-12 10:37:43","action":"change-status","newStatus":"draft","terms":[],"taxonomy":"language","extraData":[]},"publishpress_future_workflow_manual_trigger":{"enabledWorkflows":[]},"_links":{"self":[{"href":"https:\/\/igc.usp.br\/ccint\/wp-json\/wp\/v2\/pages\/40","targetHints":{"allow":["GET"]}}],"collection":[{"href":"https:\/\/igc.usp.br\/ccint\/wp-json\/wp\/v2\/pages"}],"about":[{"href":"https:\/\/igc.usp.br\/ccint\/wp-json\/wp\/v2\/types\/page"}],"author":[{"embeddable":true,"href":"https:\/\/igc.usp.br\/ccint\/wp-json\/wp\/v2\/users\/1"}],"replies":[{"embeddable":true,"href":"https:\/\/igc.usp.br\/ccint\/wp-json\/wp\/v2\/comments?post=40"}],"version-history":[{"count":9,"href":"https:\/\/igc.usp.br\/ccint\/wp-json\/wp\/v2\/pages\/40\/revisions"}],"predecessor-version":[{"id":385,"href":"https:\/\/igc.usp.br\/ccint\/wp-json\/wp\/v2\/pages\/40\/revisions\/385"}],"up":[{"embeddable":true,"href":"https:\/\/igc.usp.br\/ccint\/wp-json\/wp\/v2\/pages\/36"}],"wp:attachment":[{"href":"https:\/\/igc.usp.br\/ccint\/wp-json\/wp\/v2\/media?parent=40"}],"curies":[{"name":"wp","href":"https:\/\/api.w.org\/{rel}","templated":true}]}}