{"id":36,"date":"2018-10-02T16:35:50","date_gmt":"2018-10-02T19:35:50","guid":{"rendered":"http:\/\/sites.igc.usp.br\/ccint\/?page_id=36"},"modified":"2025-11-07T15:03:35","modified_gmt":"2025-11-07T18:03:35","slug":"alunos-estrangeiros","status":"publish","type":"page","link":"https:\/\/igc.usp.br\/ccint\/alunos-estrangeiros\/","title":{"rendered":"Alunos Estrangeiros"},"content":{"rendered":"\n<h2 class=\"wp-block-heading\">Informa\u00e7\u00f5es<\/h2>\n\n\n\n<p>Todos os semestres letivos o Instituto de Geoci\u00eancias da USP recebe alunos de gradua\u00e7\u00e3o e p\u00f3s-gradua\u00e7\u00e3o que v\u00eam de outros pa\u00edses atrav\u00e9s de Programas Internacionais oferecidos pelas Universidades de origem com o objetivo de aprofundarem-se em sua \u00e1rea de estudo, realizarem pesquisas e est\u00e1gios, conhecerem um pouco mais da nossa cultura e adquirirem outras experi\u00eancias de vida. Al\u00e9m dos conv\u00eanios de pesquisa que j\u00e1 possui, a Unidade est\u00e1 sempre aberta a novas propostas e contatos, acreditando na experi\u00eancia internacional como um acontecimento enriquecedor e essencial para a vida de qualquer estudante.<\/p>\n\n\n\n<p>O IGc\/USP recebe os seus estudantes estrangeiros com grande satisfa\u00e7\u00e3o, procurando sempre orient\u00e1-los da melhor forma poss\u00edvel em suas d\u00favidas referentes \u00e0 moradia, documenta\u00e7\u00e3o, etc. Voc\u00ea pode obter informa\u00e7\u00f5es sobre as linhas de \u00f4nibus dispon\u00edveis gratuitamente para os portadores do<a href=\"https:\/\/sites.google.com\/usp.br\/international-guide-incoming\/home-page\/cart%C3%A3o-e-bilhete-usp\"> Bilhete USP, BUSP,&nbsp;aqui&nbsp;<\/a>e informa\u00e7\u00f5es sobre os <a href=\"https:\/\/sites.google.com\/usp.br\/international-guide-incoming\/home-page\/servi%C3%A7os-prestados-pela-usp\">restaurantes universit\u00e1rios da USP e outros servi\u00e7os da universidade, aqui.<\/a><br><br>A Comiss\u00e3o de Rela\u00e7\u00f5es Internacionais do IGc-USP recomenda fortemente que os alunos estrangeiros venham para o Brasil com o Visto de Estudante j\u00e1 regularizado e que, na oportunidade de faze-lo pe\u00e7am tamb\u00e9m pelo <a href=\"https:\/\/sites.google.com\/usp.br\/international-guide-incoming\/home-page\/documentos-no-brasil\" title=\"\">CPF<\/a> na embaixada. Voc\u00ea pode ler sobre os vistos, assim como as resolu\u00e7\u00f5es de base legal abaixo:<\/p>\n\n\n\n<ul class=\"wp-block-list\">\n<li><a href=\"https:\/\/www.gov.br\/mre\/pt-br\/embaixada-maputo\/vitem-i-pesquisa-ensino-e-extensao-academica\" title=\"\">VITEM I<\/a> &#8211; &nbsp;Pesquisador ou Professor &#8211; Para Professores visitantes, pesquisadores e p\u00f3s-doutorados sem vinculo empregat\u00edcio no Brasil. Leia mais: <a href=\"https:\/\/portaldeimigracao.mj.gov.br\/images\/resolucoes_normativas\/RN_20_-_2018.pdf\" title=\"\">RESOLU\u00c7\u00c3O NORMATIVA N\u00ba 20, DE 12 DE DEZEMBRO DE 2017<\/a>.<\/li>\n\n\n\n<li><a href=\"https:\/\/www.gov.br\/mre\/pt-br\/embaixada-maputo\/vitem-i-pesquisa-ensino-e-extensao-academica\" title=\"\">VITEM I <\/a> &#8211; Pesquisador ou Professor &#8211; Para Professores contratados por Institui\u00e7\u00f5es brasileiras. Leia mais: <a href=\"https:\/\/portaldeimigracao.mj.gov.br\/images\/resolucoes_normativas\/RN%2024%20-%202018.pdf\" title=\"\">RESOLU\u00c7\u00c3O NORMATIVA N\u00ba 24, DE 20 DE FEVEREIRO DE 2018<\/a><\/li>\n\n\n\n<li><a href=\"https:\/\/www.gov.br\/mre\/pt-br\/consulado-pedro-juan-caballero\/servicos-consulares\/vitem-iv-estudante\" title=\"\">VITEM IV<\/a> &#8211; Estudantes &#8211; Para estudantes da gradua\u00e7\u00e3o e p\u00f3s-gradua\u00e7\u00e3o. Leia mais:&nbsp;<a href=\"https:\/\/portaldeimigracao.mj.gov.br\/pt\/nav-guiada\/pi-07\">Portaria interministerial 7 de 13\/03\/2018<\/a>.<\/li>\n\n\n\n<li><a href=\"https:\/\/www.gov.br\/mre\/pt-br\/consulado-buenos-aires\/vistos-1\/vitem\/vitem-xiii-mercosur\" title=\"\">VITEM XIII <\/a> &#8211; Mercosul &#8211; O Visto Mercosul est\u00e1 dispon\u00edvel para cidad\u00e3os da Argentina, Paraguai, Uruguai, Bol\u00edvia, Chile, Col\u00f4mbia, Equador e Peru. <strong><mark style=\"background-color:rgba(0, 0, 0, 0)\" class=\"has-inline-color has-vivid-red-color\">\u00c9 importante destacar que a Universidade de S\u00e3o Paulo n\u00e3o trabalha com o Visto Mercosul e os agendamentos relacionados ao RNM do estrangeiro na Pol\u00edcia Federal precisar\u00e3o ser feitos por conta pr\u00f3pria, sem ajuda da Aucani ou USP.<\/mark><\/strong> Leia mais: <a href=\"https:\/\/www.planalto.gov.br\/ccivil_03\/_ato2007-2010\/2009\/decreto\/d6975.htm\" title=\"\">Decreto n\u00b0 6.975 de 07 de outubro de 2009.<\/a><\/li>\n<\/ul>\n\n\n\n<p>Ap\u00f3s a chegada no Pa\u00eds, o estrangeiro deve come\u00e7ar imediatamente a juntar os documentos necess\u00e1rios para conseguir seu RNM &#8211; documento de identifica\u00e7\u00e3o do estrangeiro no Brasil. O agendamento na Pol\u00edcia Federal para o seu RNM pode ser feito <a href=\"https:\/\/internationaloffice.usp.br\/new\/intercambio\/documentos-para-migracao\/\" title=\"\">via Aucani<\/a> caso seu visto seja o VITEM I ou o VITEM IV. Sem esse conjunto de documentos (Visto,<a href=\"https:\/\/sites.google.com\/usp.br\/international-guide-incoming\/home-page\/documentos-no-brasil\" title=\"\"> CPF e RNM<\/a>) \u00e9 imposs\u00edvel abrir contas de banco no Brasil para recebimento de bolsas, comprar chip de celular ou realizar o cadastro para o Bilhete \u00danico do Estudante, com o qual voc\u00ea como estudante de Institui\u00e7\u00e3o P\u00fablica na cidade de S\u00e3o Paulo tem acesso a pagar meia tarifa nos trens e metr\u00f4.<\/p>\n\n\n\n<p>Atente-se ainda as seguintes situa\u00e7\u00f5es nas quais a Aucani n\u00e3o ir\u00e1 realizar agendamentos (<a href=\"http:\/\/igc.usp.br\/ccint\/wp-content\/uploads\/sites\/11\/2025\/11\/rmn.pf_.2024.pdf\" title=\"\">AUCANI, p.10<\/a>):<\/p>\n\n\n\n<ul class=\"wp-block-list\">\n<li>Qualquer agendamento para dependentes;<\/li>\n\n\n\n<li>Agendamentos com v\u00ednculo empregat\u00edcio (VITEM V);<\/li>\n\n\n\n<li>Qualquer Autoriza\u00e7\u00e3o de Resid\u00eancia que n\u00e3o seja para Fins de Estudo (por exemplo, com base no Mercosul ou Comunidade dos Pa\u00edses de L\u00edngua Portuguesa).<\/li>\n<\/ul>\n\n\n\n<p><strong>Ressaltamos mais uma vez que ao vir para o Brasil com <mark style=\"background-color:rgba(0, 0, 0, 0)\" class=\"has-inline-color has-vivid-red-color\">Visto de Estudante e CPF <\/mark>em situa\u00e7\u00e3o regular, o estudante adianta muito o processo para solicitar o RNM, processo muito importante para o recebimento de bolsas de fomento. <\/strong><\/p>\n\n\n\n<p><\/p>\n","protected":false},"excerpt":{"rendered":"<p>Informa\u00e7\u00f5es Todos os semestres letivos o Instituto de Geoci\u00eancias da USP recebe alunos de gradua\u00e7\u00e3o e p\u00f3s-gradua\u00e7\u00e3o que v\u00eam de&#46;&#46;&#46;<\/p>\n","protected":false},"author":1,"featured_media":0,"parent":0,"menu_order":0,"comment_status":"closed","ping_status":"closed","template":"","meta":{"_acf_changed":false,"om_disable_all_campaigns":false,"_monsterinsights_skip_tracking":false,"_monsterinsights_sitenote_active":false,"_monsterinsights_sitenote_note":"","_monsterinsights_sitenote_category":0,"_uf_show_specific_survey":0,"_uf_disable_surveys":false,"footnotes":"","_links_to":"","_links_to_target":""},"class_list":["post-36","page","type-page","status-publish","hentry"],"acf":[],"aioseo_notices":[],"publishpress_future_action":{"enabled":false,"date":"2026-04-19 23:50:05","action":"change-status","newStatus":"draft","terms":[],"taxonomy":"language","extraData":[]},"publishpress_future_workflow_manual_trigger":{"enabledWorkflows":[]},"_links":{"self":[{"href":"https:\/\/igc.usp.br\/ccint\/wp-json\/wp\/v2\/pages\/36","targetHints":{"allow":["GET"]}}],"collection":[{"href":"https:\/\/igc.usp.br\/ccint\/wp-json\/wp\/v2\/pages"}],"about":[{"href":"https:\/\/igc.usp.br\/ccint\/wp-json\/wp\/v2\/types\/page"}],"author":[{"embeddable":true,"href":"https:\/\/igc.usp.br\/ccint\/wp-json\/wp\/v2\/users\/1"}],"replies":[{"embeddable":true,"href":"https:\/\/igc.usp.br\/ccint\/wp-json\/wp\/v2\/comments?post=36"}],"version-history":[{"count":17,"href":"https:\/\/igc.usp.br\/ccint\/wp-json\/wp\/v2\/pages\/36\/revisions"}],"predecessor-version":[{"id":579,"href":"https:\/\/igc.usp.br\/ccint\/wp-json\/wp\/v2\/pages\/36\/revisions\/579"}],"wp:attachment":[{"href":"https:\/\/igc.usp.br\/ccint\/wp-json\/wp\/v2\/media?parent=36"}],"curies":[{"name":"wp","href":"https:\/\/api.w.org\/{rel}","templated":true}]}}