{"id":295,"date":"2025-08-18T10:00:43","date_gmt":"2025-08-18T13:00:43","guid":{"rendered":"https:\/\/igc.usp.br\/ccint\/?page_id=295"},"modified":"2025-10-22T17:44:50","modified_gmt":"2025-10-22T20:44:50","slug":"agreements","status":"publish","type":"page","link":"https:\/\/igc.usp.br\/ccint\/en\/agreements\/","title":{"rendered":"CURRENT AGREEMENTS"},"content":{"rendered":"\n<div class=\"wp-block-group is-vertical is-layout-flex wp-container-core-group-is-layout-8cf370e7 wp-block-group-is-layout-flex\">\n<div class=\"wp-block-group is-vertical is-layout-flex wp-container-core-group-is-layout-76a81b31 wp-block-group-is-layout-flex\">\n<p>There are several possible agreements with the Institute of Geosciences:<\/p>\n\n\n\n<div class=\"wp-block-group is-vertical is-layout-flex wp-container-core-group-is-layout-76a81b31 wp-block-group-is-layout-flex\">\n<ul class=\"wp-block-list\">\n<li>Academic Agreement for International Mobility \u2013 \u200b\u200bthe only one used for student mobility abroad; <\/li>\n\n\n\n<li>Cooperation Agreement or Collaborative Research Agreement \u2013 \u200b\u200bwhich is aimed solely at research ; <\/li>\n\n\n\n<li>Consortium Agreement, which involves multiple institutions, sometimes from multiple countries.<\/li>\n<\/ul>\n\n\n\n<p>In addition to the USP agreements \u2013 which can be accessed <a href=\"https:\/\/internationaloffice.usp.br\/new\/cooperacoes\/instituicoes-conveniadas\/\" title=\"\">here<\/a> \u2013 the Institute of Geosciences currently has agreements with the following institutions:<\/p>\n<\/div>\n<\/div>\n<\/div>\n\n\n\n<p>AUSTRALIA &#8211; <strong>UNIVERSITY OF QUEENSLAND<\/strong><br>Cooperation Agreement<br>Coordinator: Valdecir de Assis Janasi<br><em>effective between<\/em> 01\/03\/2025 and 31\/03\/2027<\/p>\n\n\n\n<p>CANADA &#8211; <strong>CENTRE D&#8217;\u00c9TUDES SUR LES RESSOURCES MINERALES, UNIVERSIT\u00c9 DU QUEBEC&nbsp;\u00c0 CHICOUTIMI, QUEBEC<\/strong><br>Cooperation Agreement<br>Coordinator: Lena Virg\u00ednia Soares Monteiro<br><em>effective between<\/em> 02\/03\/2023 and 02\/03\/2028<\/p>\n\n\n\n<p>CANADA &#8211; <strong>UNIVERSITY OF GUELPH<\/strong><br>Cooperation Agreement<br>Coordinator: Reginaldo Antonio Bertolo<br><em>effective between<\/em> 12\/12\/2022 and 12\/12\/2027<\/p>\n\n\n\n<p>CHILE &#8211;<strong> UNIVERSIDAD ANDRES BELLO<\/strong><br>Academic Agreement for Internacional Mobility<br>Coordinator: Mauricio Parra Amezquita<br><em>effective between<\/em> 05\/07\/2024 and 14\/07\/2029<\/p>\n\n\n\n<p>COLOMBIA &#8211;<strong> UNIVERSIDAD DE LOS ANDES<\/strong><br>Academic Agreement for International Mobility<br>Coordinator:<br><em>effective between<\/em> 21\/06\/2024 and 20\/06\/2029<\/p>\n\n\n\n<p>FRANCE &#8211; <strong>UNIVERSIT\u00c9 GRENOBLE ALPES<\/strong><br>Cooperation Agreement<br>Coordinator: Vinicius Hector Abud Louro<br><em>effective between<\/em> <em>25\/09\/2023 and 25\/09\/2028<\/em><\/p>\n\n\n\n<p>ITALY &#8211; <strong>UNIVERSIT\u00c0 DEGLI STUDI DI TORINO<\/strong><br>Cooperation Agreement<br>Coordinator: F\u00e1bio Ramos Dias de Andrade<br><em>effective between<\/em> <em>10\/10\/2022 and 10\/10\/2027<\/em><\/p>\n\n\n\n<p>NIGERIA &#8211; <strong>UNIVERSITY OF IBADAN<\/strong><br>Cooperation Agreement<br>Coordinator: Maria Helena Bezerra Maia de Hollanda<br><em>effective between<\/em> <em>29\/04\/2023<\/em> <em>and<\/em> <em>29\/04\/2028<\/em><\/p>\n\n\n\n<p>SPAIN &#8211; <strong>INSTITUTO GEOL\u00d3GICO Y MINERO DE ESPA\u00d1A<\/strong><br>Cooperation Agreement<br>Coordinator: Maria da Gl\u00f3ria Motta Garcia<br><em>effective between<\/em> 24\/04\/2023 and 24\/04\/2028<\/p>\n\n\n\n<p>SWITZERLAND- <strong>DEPARTMENT OF EARTH SCIENCES, ETH, ZURICH<\/strong><br>Cooperation Agreement<br>Coordinator: Marly Babinski<br><em>effective between<\/em> <em>05\/01\/2023 and 05\/01\/2028<\/em><\/p>\n\n\n\n<p>UNITED STADES OF AMERICA &#8211; <strong>UNIVERSITY OF NEBRASKA, LINCOLN<\/strong> <br>Cooperation Agreement<br>Coordinator: Andr\u00e9 Oliveira Sawakuchi<br><em>effective between<\/em> 10\/05\/2022 and 10\/05\/2027<\/p>\n\n\n\n<p><strong>UNIVERSIT\u00c1 DEGLI STUDI DELLA CAMPAGNA \u201cLUIGI VANVITELLI\u201d<\/strong> (Italy), <strong>Universit\u00e1 of Western<br>Cape<\/strong> (South Africa), <strong>Avignon University<\/strong> (France), <strong>Politechnika Gdanska<\/strong> (Poland).<br>Consortium Agreement<br>Coordinator: Ricardo Hirata<br><em>effective between 24\/06\/2024 and 24\/04\/2027<\/em><\/p>\n\n\n\n<p><\/p>\n","protected":false},"excerpt":{"rendered":"<p>There are several possible agreements with the Institute of Geosciences: In addition to the USP agreements \u2013 which can be&#46;&#46;&#46;<\/p>\n","protected":false},"author":38,"featured_media":0,"parent":0,"menu_order":0,"comment_status":"closed","ping_status":"closed","template":"","meta":{"_acf_changed":false,"om_disable_all_campaigns":false,"_monsterinsights_skip_tracking":false,"_monsterinsights_sitenote_active":false,"_monsterinsights_sitenote_note":"","_monsterinsights_sitenote_category":0,"_uf_show_specific_survey":0,"_uf_disable_surveys":false,"footnotes":"","_links_to":"","_links_to_target":""},"class_list":["post-295","page","type-page","status-publish","hentry"],"acf":[],"aioseo_notices":[],"publishpress_future_action":{"enabled":false,"date":"2026-04-14 23:40:24","action":"change-status","newStatus":"draft","terms":[],"taxonomy":"language","extraData":[]},"publishpress_future_workflow_manual_trigger":{"enabledWorkflows":[]},"_links":{"self":[{"href":"https:\/\/igc.usp.br\/ccint\/wp-json\/wp\/v2\/pages\/295","targetHints":{"allow":["GET"]}}],"collection":[{"href":"https:\/\/igc.usp.br\/ccint\/wp-json\/wp\/v2\/pages"}],"about":[{"href":"https:\/\/igc.usp.br\/ccint\/wp-json\/wp\/v2\/types\/page"}],"author":[{"embeddable":true,"href":"https:\/\/igc.usp.br\/ccint\/wp-json\/wp\/v2\/users\/38"}],"replies":[{"embeddable":true,"href":"https:\/\/igc.usp.br\/ccint\/wp-json\/wp\/v2\/comments?post=295"}],"version-history":[{"count":13,"href":"https:\/\/igc.usp.br\/ccint\/wp-json\/wp\/v2\/pages\/295\/revisions"}],"predecessor-version":[{"id":501,"href":"https:\/\/igc.usp.br\/ccint\/wp-json\/wp\/v2\/pages\/295\/revisions\/501"}],"wp:attachment":[{"href":"https:\/\/igc.usp.br\/ccint\/wp-json\/wp\/v2\/media?parent=295"}],"curies":[{"name":"wp","href":"https:\/\/api.w.org\/{rel}","templated":true}]}}