{"id":279,"date":"2025-08-18T11:20:11","date_gmt":"2025-08-18T14:20:11","guid":{"rendered":"https:\/\/igc.usp.br\/ccint\/?page_id=279"},"modified":"2025-11-10T10:15:29","modified_gmt":"2025-11-10T13:15:29","slug":"convenios","status":"publish","type":"page","link":"https:\/\/igc.usp.br\/ccint\/convenios\/","title":{"rendered":"CONV\u00caNIOS"},"content":{"rendered":"\n<div class=\"wp-block-group is-vertical is-layout-flex wp-container-core-group-is-layout-8cf370e7 wp-block-group-is-layout-flex\">\n<div class=\"wp-block-group is-vertical is-layout-flex wp-container-core-group-is-layout-8cf370e7 wp-block-group-is-layout-flex\">\n<p>S\u00e3o possibilidades de Conv\u00eanios com o Instituto de Geoci\u00eancias: <\/p>\n\n\n\n<ul class=\"wp-block-list\">\n<li>Conv\u00eanio Acad\u00eamico &#8211; \u00fanico utilizado para mobilidade de alunos da gradua\u00e7\u00e3o para o exterior;<\/li>\n\n\n\n<li>Acordo de Coopera\u00e7\u00e3o ou Acordo de Pesquisa Colaborativa &#8211; voltado para pesquisa;<\/li>\n\n\n\n<li>Acordo de Cons\u00f3rcio &#8211; envolve m\u00faltiplas institui\u00e7\u00f5es, por vezes de m\u00faltiplos pa\u00edses. <\/li>\n<\/ul>\n<\/div>\n\n\n\n<p>Al\u00e9m dos conv\u00eanios da USP que podem ser acessados <a href=\"https:\/\/internationaloffice.usp.br\/new\/cooperacoes\/instituicoes-conveniadas\/\" title=\"\">aqui<\/a>, atualmente o Instituto de Geoci\u00eancias tem conv\u00eanios, acordo de coopera\u00e7\u00e3o e \/ou pesquisa colaborativa e\/ou cons\u00f3rcios com as seguintes institui\u00e7\u00f5es:<\/p>\n\n\n\n<p><\/p>\n\n\n\n\n\n<p><\/p>\n<\/div>\n\n\n\n<p><\/p>\n","protected":false},"excerpt":{"rendered":"<p>S\u00e3o possibilidades de Conv\u00eanios com o Instituto de Geoci\u00eancias: Al\u00e9m dos conv\u00eanios da USP que podem ser acessados aqui, atualmente&#46;&#46;&#46;<\/p>\n","protected":false},"author":38,"featured_media":0,"parent":0,"menu_order":0,"comment_status":"closed","ping_status":"closed","template":"","meta":{"_acf_changed":false,"om_disable_all_campaigns":false,"_monsterinsights_skip_tracking":false,"_monsterinsights_sitenote_active":false,"_monsterinsights_sitenote_note":"","_monsterinsights_sitenote_category":0,"_uf_show_specific_survey":0,"_uf_disable_surveys":false,"footnotes":"","_links_to":"","_links_to_target":""},"class_list":["post-279","page","type-page","status-publish","hentry"],"acf":[],"aioseo_notices":[],"publishpress_future_action":{"enabled":false,"date":"2026-04-12 10:19:52","action":"change-status","newStatus":"draft","terms":[],"taxonomy":"language","extraData":[]},"publishpress_future_workflow_manual_trigger":{"enabledWorkflows":[]},"_links":{"self":[{"href":"https:\/\/igc.usp.br\/ccint\/wp-json\/wp\/v2\/pages\/279","targetHints":{"allow":["GET"]}}],"collection":[{"href":"https:\/\/igc.usp.br\/ccint\/wp-json\/wp\/v2\/pages"}],"about":[{"href":"https:\/\/igc.usp.br\/ccint\/wp-json\/wp\/v2\/types\/page"}],"author":[{"embeddable":true,"href":"https:\/\/igc.usp.br\/ccint\/wp-json\/wp\/v2\/users\/38"}],"replies":[{"embeddable":true,"href":"https:\/\/igc.usp.br\/ccint\/wp-json\/wp\/v2\/comments?post=279"}],"version-history":[{"count":18,"href":"https:\/\/igc.usp.br\/ccint\/wp-json\/wp\/v2\/pages\/279\/revisions"}],"predecessor-version":[{"id":590,"href":"https:\/\/igc.usp.br\/ccint\/wp-json\/wp\/v2\/pages\/279\/revisions\/590"}],"wp:attachment":[{"href":"https:\/\/igc.usp.br\/ccint\/wp-json\/wp\/v2\/media?parent=279"}],"curies":[{"name":"wp","href":"https:\/\/api.w.org\/{rel}","templated":true}]}}