{"id":430,"date":"2018-11-07T16:02:51","date_gmt":"2018-11-07T18:02:51","guid":{"rendered":"http:\/\/sites.igc.usp.br\/biblioteca\/?page_id=430"},"modified":"2025-05-30T11:45:29","modified_gmt":"2025-05-30T14:45:29","slug":"vpn","status":"publish","type":"page","link":"https:\/\/igc.usp.br\/biblioteca\/produtos-servicos\/vpn\/","title":{"rendered":"Conex\u00e3o remota \u2013 VPN\/USP"},"content":{"rendered":"\t\t<div data-elementor-type=\"wp-post\" data-elementor-id=\"430\" class=\"elementor elementor-430\">\n\t\t\t\t\t\t<section class=\"elementor-section elementor-top-section elementor-element elementor-element-a143b2f elementor-section-boxed elementor-section-height-default elementor-section-height-default\" data-id=\"a143b2f\" data-element_type=\"section\" data-e-type=\"section\">\n\t\t\t\t\t\t<div class=\"elementor-container elementor-column-gap-default\">\n\t\t\t\t\t<div class=\"elementor-column elementor-col-100 elementor-top-column elementor-element elementor-element-00e06d3\" data-id=\"00e06d3\" data-element_type=\"column\" data-e-type=\"column\">\n\t\t\t<div class=\"elementor-widget-wrap elementor-element-populated\">\n\t\t\t\t\t\t<div class=\"elementor-element elementor-element-61102a0 elementor-widget elementor-widget-image\" data-id=\"61102a0\" data-element_type=\"widget\" data-e-type=\"widget\" data-widget_type=\"image.default\">\n\t\t\t\t<div class=\"elementor-widget-container\">\n\t\t\t\t\t\t\t\t\t\t\t\t\t\t\t<img fetchpriority=\"high\" decoding=\"async\" width=\"768\" height=\"334\" src=\"https:\/\/igc.usp.br\/biblioteca\/wp-content\/uploads\/sites\/6\/2018\/11\/blog-3428667_1920-e1541613795309-768x334.jpg\" class=\"attachment-medium_large size-medium_large wp-image-432\" alt=\"\" srcset=\"https:\/\/igc.usp.br\/biblioteca\/wp-content\/uploads\/sites\/6\/2018\/11\/blog-3428667_1920-e1541613795309-768x334.jpg 768w, https:\/\/igc.usp.br\/biblioteca\/wp-content\/uploads\/sites\/6\/2018\/11\/blog-3428667_1920-e1541613795309-300x130.jpg 300w, https:\/\/igc.usp.br\/biblioteca\/wp-content\/uploads\/sites\/6\/2018\/11\/blog-3428667_1920-e1541613795309-1024x445.jpg 1024w, https:\/\/igc.usp.br\/biblioteca\/wp-content\/uploads\/sites\/6\/2018\/11\/blog-3428667_1920-e1541613795309.jpg 1920w\" sizes=\"(max-width: 768px) 100vw, 768px\" \/>\t\t\t\t\t\t\t\t\t\t\t\t\t\t\t<\/div>\n\t\t\t\t<\/div>\n\t\t\t\t\t<\/div>\n\t\t<\/div>\n\t\t\t\t\t<\/div>\n\t\t<\/section>\n\t\t\t\t<section class=\"elementor-section elementor-top-section elementor-element elementor-element-22cb0f4 elementor-section-boxed elementor-section-height-default elementor-section-height-default\" data-id=\"22cb0f4\" data-element_type=\"section\" data-e-type=\"section\">\n\t\t\t\t\t\t<div class=\"elementor-container elementor-column-gap-default\">\n\t\t\t\t\t<div class=\"elementor-column elementor-col-100 elementor-top-column elementor-element elementor-element-1cda812\" data-id=\"1cda812\" data-element_type=\"column\" data-e-type=\"column\">\n\t\t\t<div class=\"elementor-widget-wrap elementor-element-populated\">\n\t\t\t\t\t\t<div class=\"elementor-element elementor-element-9015375 elementor-widget elementor-widget-text-editor\" data-id=\"9015375\" data-element_type=\"widget\" data-e-type=\"widget\" data-widget_type=\"text-editor.default\">\n\t\t\t\t<div class=\"elementor-widget-container\">\n\t\t\t\t\t\t\t\t\t<p class=\"highlight-black\"><span class=\"text-black\">A\u00a0<a title=\"Site Externo\" href=\"http:\/\/www.sti.usp.br\/\" target=\"_blank\" rel=\"noopener\">Superintend\u00eancia de Tecnologia da Informa\u00e7\u00e3o (STI)<\/a>\u00a0da USP oferece a op\u00e7\u00e3o de acesso remoto aos\u00a0acervos digitais\u00a0do <a href=\"http:\/\/www.bibliotecas.usp.br\/\" target=\"_blank\" rel=\"noopener\">Ag\u00eancia de Bibliotecas e Coel\u00e7\u00f5es Digitais (ABCD\/USP)<\/a>, incluindo os conte\u00fados disponibilizados a partir do\u00a0<a title=\"Site Externo\" href=\"http:\/\/www.periodicos.capes.gov.br\/\" target=\"_blank\" rel=\"noopener\">Portal Capes<\/a>.<br \/><\/span><span class=\"text-black\">Para acesso remoto aos conte\u00fados eletr\u00f4nicos siga os procedimentos indicados para o seu tipo de dispositivo.<\/span><\/p>\t\t\t\t\t\t\t\t<\/div>\n\t\t\t\t<\/div>\n\t\t\t\t\t<\/div>\n\t\t<\/div>\n\t\t\t\t\t<\/div>\n\t\t<\/section>\n\t\t\t\t<section class=\"elementor-section elementor-top-section elementor-element elementor-element-38c6d14 elementor-section-boxed elementor-section-height-default elementor-section-height-default\" data-id=\"38c6d14\" data-element_type=\"section\" data-e-type=\"section\">\n\t\t\t\t\t\t<div class=\"elementor-container elementor-column-gap-default\">\n\t\t\t\t\t<div class=\"elementor-column elementor-col-100 elementor-top-column elementor-element elementor-element-40b8102\" data-id=\"40b8102\" data-element_type=\"column\" data-e-type=\"column\">\n\t\t\t<div class=\"elementor-widget-wrap elementor-element-populated\">\n\t\t\t\t\t\t<div class=\"elementor-element elementor-element-12a6ffe elementor-widget elementor-widget-heading\" data-id=\"12a6ffe\" data-element_type=\"widget\" data-e-type=\"widget\" data-widget_type=\"heading.default\">\n\t\t\t\t<div class=\"elementor-widget-container\">\n\t\t\t\t\t<h2 class=\"elementor-heading-title elementor-size-default\">Configurar:<\/h2>\t\t\t\t<\/div>\n\t\t\t\t<\/div>\n\t\t\t\t\t<\/div>\n\t\t<\/div>\n\t\t\t\t\t<\/div>\n\t\t<\/section>\n\t\t\t\t<section class=\"elementor-section elementor-top-section elementor-element elementor-element-0a75af4 elementor-section-boxed elementor-section-height-default elementor-section-height-default\" data-id=\"0a75af4\" data-element_type=\"section\" data-e-type=\"section\">\n\t\t\t\t\t\t<div class=\"elementor-container elementor-column-gap-default\">\n\t\t\t\t\t<div class=\"elementor-column elementor-col-100 elementor-top-column elementor-element elementor-element-8dd7f21\" data-id=\"8dd7f21\" data-element_type=\"column\" data-e-type=\"column\">\n\t\t\t<div class=\"elementor-widget-wrap elementor-element-populated\">\n\t\t\t\t\t\t<div class=\"elementor-element elementor-element-5ca5f27 elementor-icon-list--layout-traditional elementor-list-item-link-full_width elementor-widget elementor-widget-icon-list\" data-id=\"5ca5f27\" data-element_type=\"widget\" data-e-type=\"widget\" data-widget_type=\"icon-list.default\">\n\t\t\t\t<div class=\"elementor-widget-container\">\n\t\t\t\t\t\t\t<ul class=\"elementor-icon-list-items\">\n\t\t\t\t\t\t\t<li class=\"elementor-icon-list-item\">\n\t\t\t\t\t\t\t\t\t\t\t<a href=\"https:\/\/atendimentosti.usp.br\/otrs\/public.pl?Action=PublicFAQZoom;ItemID=438;ZoomBackLink=QWN0aW9uPVB1YmxpY0ZBUUV4cGxvcmVyO0NhdGVnb3J5SUQ9MTI7U29ydEJ5PVRpdGxlO09yZGVyPVVwO1N0YXJ0SGl0PTE%3D;\" target=\"_blank\">\n\n\t\t\t\t\t\t\t\t\t\t\t\t<span class=\"elementor-icon-list-icon\">\n\t\t\t\t\t\t\t<i aria-hidden=\"true\" class=\"fab fa-windows\"><\/i>\t\t\t\t\t\t<\/span>\n\t\t\t\t\t\t\t\t\t\t<span class=\"elementor-icon-list-text\">Equipamento com Windows<\/span>\n\t\t\t\t\t\t\t\t\t\t\t<\/a>\n\t\t\t\t\t\t\t\t\t<\/li>\n\t\t\t\t\t\t\t\t<li class=\"elementor-icon-list-item\">\n\t\t\t\t\t\t\t\t\t\t\t<a href=\"https:\/\/atendimentosti.usp.br\/otrs\/public.pl?Action=PublicFAQZoom;ItemID=439;ZoomBackLink=QWN0aW9uPVB1YmxpY0ZBUUV4cGxvcmVyO0NhdGVnb3J5SUQ9MTI7U29ydEJ5PVRpdGxlO09yZGVyPVVwO1N0YXJ0SGl0PTE%3D;\" target=\"_blank\">\n\n\t\t\t\t\t\t\t\t\t\t\t\t<span class=\"elementor-icon-list-icon\">\n\t\t\t\t\t\t\t<i aria-hidden=\"true\" class=\"fab fa-apple\"><\/i>\t\t\t\t\t\t<\/span>\n\t\t\t\t\t\t\t\t\t\t<span class=\"elementor-icon-list-text\">Equipamentos com MacOS &amp; IOS (iPhone e IPad)<\/span>\n\t\t\t\t\t\t\t\t\t\t\t<\/a>\n\t\t\t\t\t\t\t\t\t<\/li>\n\t\t\t\t\t\t\t\t<li class=\"elementor-icon-list-item\">\n\t\t\t\t\t\t\t\t\t\t\t<a href=\"https:\/\/atendimentosti.usp.br\/otrs\/public.pl?Action=PublicFAQZoom;ItemID=441;ZoomBackLink=QWN0aW9uPVB1YmxpY0ZBUUV4cGxvcmVyO0NhdGVnb3J5SUQ9MTI7U29ydEJ5PVRpdGxlO09yZGVyPVVwO1N0YXJ0SGl0PTE%3D;\" target=\"_blank\">\n\n\t\t\t\t\t\t\t\t\t\t\t\t<span class=\"elementor-icon-list-icon\">\n\t\t\t\t\t\t\t<i aria-hidden=\"true\" class=\"fab fa-linux\"><\/i>\t\t\t\t\t\t<\/span>\n\t\t\t\t\t\t\t\t\t\t<span class=\"elementor-icon-list-text\">Equipamento Linux<\/span>\n\t\t\t\t\t\t\t\t\t\t\t<\/a>\n\t\t\t\t\t\t\t\t\t<\/li>\n\t\t\t\t\t\t\t\t<li class=\"elementor-icon-list-item\">\n\t\t\t\t\t\t\t\t\t\t\t<a href=\"https:\/\/atendimentosti.usp.br\/otrs\/public.pl?Action=PublicFAQZoom;ItemID=440;ZoomBackLink=QWN0aW9uPVB1YmxpY0ZBUUV4cGxvcmVyO0NhdGVnb3J5SUQ9MTI7U29ydEJ5PVRpdGxlO09yZGVyPVVwO1N0YXJ0SGl0PTE%3D;\" target=\"_blank\">\n\n\t\t\t\t\t\t\t\t\t\t\t\t<span class=\"elementor-icon-list-icon\">\n\t\t\t\t\t\t\t<i aria-hidden=\"true\" class=\"fab fa-android\"><\/i>\t\t\t\t\t\t<\/span>\n\t\t\t\t\t\t\t\t\t\t<span class=\"elementor-icon-list-text\">Smartphone \/ Tablet Android<\/span>\n\t\t\t\t\t\t\t\t\t\t\t<\/a>\n\t\t\t\t\t\t\t\t\t<\/li>\n\t\t\t\t\t\t<\/ul>\n\t\t\t\t\t\t<\/div>\n\t\t\t\t<\/div>\n\t\t\t\t\t<\/div>\n\t\t<\/div>\n\t\t\t\t\t<\/div>\n\t\t<\/section>\n\t\t\t\t<section class=\"elementor-section elementor-top-section elementor-element elementor-element-383b53c elementor-section-boxed elementor-section-height-default elementor-section-height-default\" data-id=\"383b53c\" data-element_type=\"section\" data-e-type=\"section\">\n\t\t\t\t\t\t<div class=\"elementor-container elementor-column-gap-default\">\n\t\t\t\t\t<div class=\"elementor-column elementor-col-100 elementor-top-column elementor-element elementor-element-0fa41d8\" data-id=\"0fa41d8\" data-element_type=\"column\" data-e-type=\"column\">\n\t\t\t<div class=\"elementor-widget-wrap elementor-element-populated\">\n\t\t\t\t\t\t<div class=\"elementor-element elementor-element-be89a9f elementor-widget elementor-widget-text-editor\" data-id=\"be89a9f\" data-element_type=\"widget\" data-e-type=\"widget\" data-widget_type=\"text-editor.default\">\n\t\t\t\t<div class=\"elementor-widget-container\">\n\t\t\t\t\t\t\t\t\t<p style=\"text-align: center\">Em caso de d\u00favida converse com a equipe da\u00a0Se\u00e7\u00e3o T\u00e9cnica de Inform\u00e1tica\u00a0do IGc\/USP:<br \/>Fone: (11) 3091-3986 | E-mail:\u00a0<a href=\"mailto:stiigc@usp.br\">stiigc@usp.br<\/a><br \/>Para chamados t\u00e9cnicos acesse: <a href=\"https:\/\/atendimento.igc.usp.br\/\">atendimento.igc.usp.br<\/a><\/p>\t\t\t\t\t\t\t\t<\/div>\n\t\t\t\t<\/div>\n\t\t\t\t\t<\/div>\n\t\t<\/div>\n\t\t\t\t\t<\/div>\n\t\t<\/section>\n\t\t\t\t<\/div>\n\t\t","protected":false},"excerpt":{"rendered":"<p>A\u00a0Superintend\u00eancia de Tecnologia da Informa\u00e7\u00e3o (STI)\u00a0da USP oferece a op\u00e7\u00e3o de acesso remoto aos\u00a0acervos digitais\u00a0do Ag\u00eancia de Bibliotecas e Coel\u00e7\u00f5es Digitais (ABCD\/USP), incluindo os conte\u00fados disponibilizados a partir do\u00a0Portal Capes.Para acesso remoto aos conte\u00fados&#46;&#46;&#46;<\/p>\n","protected":false},"author":6,"featured_media":0,"parent":399,"menu_order":0,"comment_status":"closed","ping_status":"closed","template":"","meta":{"_acf_changed":false,"om_disable_all_campaigns":false,"_monsterinsights_skip_tracking":false,"_monsterinsights_sitenote_active":false,"_monsterinsights_sitenote_note":"","_monsterinsights_sitenote_category":0,"_uf_show_specific_survey":0,"_uf_disable_surveys":false,"footnotes":"","_links_to":"","_links_to_target":""},"class_list":["post-430","page","type-page","status-publish","hentry"],"acf":[],"aioseo_notices":[],"publishpress_future_action":{"enabled":false,"date":"2026-05-16 04:29:12","action":"change-status","newStatus":"draft","terms":[],"taxonomy":"language","extraData":[]},"publishpress_future_workflow_manual_trigger":{"enabledWorkflows":[]},"_links":{"self":[{"href":"https:\/\/igc.usp.br\/biblioteca\/wp-json\/wp\/v2\/pages\/430","targetHints":{"allow":["GET"]}}],"collection":[{"href":"https:\/\/igc.usp.br\/biblioteca\/wp-json\/wp\/v2\/pages"}],"about":[{"href":"https:\/\/igc.usp.br\/biblioteca\/wp-json\/wp\/v2\/types\/page"}],"author":[{"embeddable":true,"href":"https:\/\/igc.usp.br\/biblioteca\/wp-json\/wp\/v2\/users\/6"}],"replies":[{"embeddable":true,"href":"https:\/\/igc.usp.br\/biblioteca\/wp-json\/wp\/v2\/comments?post=430"}],"version-history":[{"count":25,"href":"https:\/\/igc.usp.br\/biblioteca\/wp-json\/wp\/v2\/pages\/430\/revisions"}],"predecessor-version":[{"id":1896,"href":"https:\/\/igc.usp.br\/biblioteca\/wp-json\/wp\/v2\/pages\/430\/revisions\/1896"}],"up":[{"embeddable":true,"href":"https:\/\/igc.usp.br\/biblioteca\/wp-json\/wp\/v2\/pages\/399"}],"wp:attachment":[{"href":"https:\/\/igc.usp.br\/biblioteca\/wp-json\/wp\/v2\/media?parent=430"}],"curies":[{"name":"wp","href":"https:\/\/api.w.org\/{rel}","templated":true}]}}