{"id":260,"date":"2018-11-06T12:15:48","date_gmt":"2018-11-06T14:15:48","guid":{"rendered":"http:\/\/sites.igc.usp.br\/biblioteca\/?page_id=260"},"modified":"2025-06-25T15:10:01","modified_gmt":"2025-06-25T18:10:01","slug":"principal","status":"publish","type":"page","link":"https:\/\/igc.usp.br\/biblioteca\/","title":{"rendered":"Conhe\u00e7a nossa Biblioteca"},"content":{"rendered":"\t\t<div data-elementor-type=\"wp-post\" data-elementor-id=\"260\" class=\"elementor elementor-260\">\n\t\t\t\t\t\t<section class=\"elementor-section elementor-top-section elementor-element elementor-element-a9dd469 elementor-section-boxed elementor-section-height-default elementor-section-height-default\" data-id=\"a9dd469\" data-element_type=\"section\" data-e-type=\"section\">\n\t\t\t\t\t\t<div class=\"elementor-container elementor-column-gap-default\">\n\t\t\t\t\t<div class=\"elementor-column elementor-col-100 elementor-top-column elementor-element elementor-element-237d212\" data-id=\"237d212\" data-element_type=\"column\" data-e-type=\"column\">\n\t\t\t<div class=\"elementor-widget-wrap elementor-element-populated\">\n\t\t\t\t\t\t<div class=\"elementor-element elementor-element-d073e7a elementor-widget elementor-widget-html\" data-id=\"d073e7a\" data-element_type=\"widget\" data-e-type=\"widget\" data-widget_type=\"html.default\">\n\t\t\t\t<div class=\"elementor-widget-container\">\n\t\t\t\t\t<script type=\"text\/javascript\">\r\n      function searchPrimo() {\r\n             document.getElementById(\"freetext\").value = document.getElementById(\"primoQuery\").value;\r\n             document.forms[\"searchForm\"].submit();\r\n      }\r\n      \r\n      function searchKeyPress(e) {\r\n            if (typeof e == 'undefined' && window.event) {\r\n                  e = window.event;\r\n            }\r\n            if (e.keyCode == 13) {\r\n                  document.getElementById('go').click();\r\n            }\r\n      }\r\n<\/script>\r\n<center><b>Busque em todo o acervo (impresso e digital) da USP - Portal de Busca Integrada<\/b> \r\n<form name=\"searchForm\" role=\"search\" method=\"get\" action=\"https:\/\/buscaintegrada.usp.br\/primo_library\/libweb\/action\/search.do\" enctype=\"application\/x-www-form-urlencoded; charset=utf-8\" id=\"simple\" target=\"_blank\"  onsubmit=\"searchPrimo()\">\r\n    <input name=\"fn\" value=\"search\" type=\"hidden\">\r\n    <input name=\"vid\" value=\"USP\" type=\"hidden\">    \r\n    <input name=\"institution\" value=\"USP\" type=\"hidden\">\r\n    <input type=\"text\" size=\"25\" id=\"primoQuery\" value=\" \" name=\"query\" onkeypress=\"return searchPrimoEvent(event);\" \/>\r\n    <input type=\"hidden\" name=\"vl(freeText0)\" id=\"freetext\" \/>\r\n    <input id=\"go\" type=\"button\" value=\"Buscar\" title=\"Buscar\" onclick=\"searchPrimo();\" alt=\"Buscar\">\r\n<\/form>\t\t\t\t<\/div>\n\t\t\t\t<\/div>\n\t\t\t\t\t<\/div>\n\t\t<\/div>\n\t\t\t\t\t<\/div>\n\t\t<\/section>\n\t\t\t\t<section class=\"elementor-section elementor-top-section elementor-element elementor-element-1ac7729 elementor-section-boxed elementor-section-height-default elementor-section-height-default\" data-id=\"1ac7729\" data-element_type=\"section\" data-e-type=\"section\">\n\t\t\t\t\t\t<div class=\"elementor-container elementor-column-gap-default\">\n\t\t\t\t\t<div class=\"elementor-column elementor-col-100 elementor-top-column elementor-element elementor-element-95f0532\" data-id=\"95f0532\" data-element_type=\"column\" data-e-type=\"column\">\n\t\t\t<div class=\"elementor-widget-wrap elementor-element-populated\">\n\t\t\t\t\t\t<div class=\"elementor-element elementor-element-8fa6d66 elementor-widget elementor-widget-image\" data-id=\"8fa6d66\" data-element_type=\"widget\" data-e-type=\"widget\" data-widget_type=\"image.default\">\n\t\t\t\t<div class=\"elementor-widget-container\">\n\t\t\t\t\t\t\t\t\t\t\t\t\t\t\t\t<a href=\"https:\/\/api.whatsapp.com\/send?phone=551130914140\" target=\"_blank\">\n\t\t\t\t\t\t\t<img decoding=\"async\" width=\"150\" height=\"150\" src=\"https:\/\/igc.usp.br\/biblioteca\/wp-content\/uploads\/sites\/6\/2021\/11\/WhatsApp-1-150x150.png\" class=\"attachment-thumbnail size-thumbnail wp-image-1330\" alt=\"\" srcset=\"https:\/\/igc.usp.br\/biblioteca\/wp-content\/uploads\/sites\/6\/2021\/11\/WhatsApp-1-150x150.png 150w, https:\/\/igc.usp.br\/biblioteca\/wp-content\/uploads\/sites\/6\/2021\/11\/WhatsApp-1-300x300.png 300w, https:\/\/igc.usp.br\/biblioteca\/wp-content\/uploads\/sites\/6\/2021\/11\/WhatsApp-1-1019x1024.png 1019w, https:\/\/igc.usp.br\/biblioteca\/wp-content\/uploads\/sites\/6\/2021\/11\/WhatsApp-1-768x771.png 768w, https:\/\/igc.usp.br\/biblioteca\/wp-content\/uploads\/sites\/6\/2021\/11\/WhatsApp-1-e1636632388970.png 100w\" sizes=\"(max-width: 150px) 100vw, 150px\" \/>\t\t\t\t\t\t\t\t<\/a>\n\t\t\t\t\t\t\t\t\t\t\t\t\t\t\t<\/div>\n\t\t\t\t<\/div>\n\t\t\t\t<div class=\"elementor-element elementor-element-cb12903 elementor-widget elementor-widget-text-editor\" data-id=\"cb12903\" data-element_type=\"widget\" data-e-type=\"widget\" data-widget_type=\"text-editor.default\">\n\t\t\t\t<div class=\"elementor-widget-container\">\n\t\t\t\t\t\t\t\t\t<p style=\"text-align: center;\">Sabia que voc\u00ea pode falar com a Biblioteca via WhatsApp? <br \/>Envie uma mensagem <a href=\"https:\/\/api.whatsapp.com\/send?phone=551130914140\" target=\"_blank\" rel=\"noopener\">clicando aqui<\/a>.<\/p>\t\t\t\t\t\t\t\t<\/div>\n\t\t\t\t<\/div>\n\t\t\t\t<section class=\"elementor-section elementor-inner-section elementor-element elementor-element-ac7ba55 elementor-section-boxed elementor-section-height-default elementor-section-height-default\" data-id=\"ac7ba55\" data-element_type=\"section\" data-e-type=\"section\">\n\t\t\t\t\t\t<div class=\"elementor-container elementor-column-gap-default\">\n\t\t\t\t\t<div class=\"elementor-column elementor-col-50 elementor-inner-column elementor-element elementor-element-d18fea7\" data-id=\"d18fea7\" data-element_type=\"column\" data-e-type=\"column\">\n\t\t\t<div class=\"elementor-widget-wrap elementor-element-populated\">\n\t\t\t\t\t\t<div class=\"elementor-element elementor-element-0a32983 elementor-widget elementor-widget-text-editor\" data-id=\"0a32983\" data-element_type=\"widget\" data-e-type=\"widget\" data-widget_type=\"text-editor.default\">\n\t\t\t\t<div class=\"elementor-widget-container\">\n\t\t\t\t\t\t\t\t\t<p style=\"text-align: center;\"><span style=\"color: #ff6600;\"><strong>Conhe\u00e7a os principais recursos informacionais dispon\u00edveis &gt; &gt; &gt;<br \/><\/strong><\/span><a href=\"http:\/\/sites.igc.usp.br\/biblioteca\/recursos\/\" rel=\"noopener\"><img decoding=\"async\" class=\"alignnone wp-image-269 size-thumbnail\" src=\"http:\/\/sites.igc.usp.br\/biblioteca\/wp-content\/uploads\/sites\/6\/2018\/11\/database-search-2797375-150x150.png\" alt=\"\" width=\"150\" height=\"150\" srcset=\"https:\/\/igc.usp.br\/biblioteca\/wp-content\/uploads\/sites\/6\/2018\/11\/database-search-2797375-150x150.png 150w, https:\/\/igc.usp.br\/biblioteca\/wp-content\/uploads\/sites\/6\/2018\/11\/database-search-2797375-300x300.png 300w, https:\/\/igc.usp.br\/biblioteca\/wp-content\/uploads\/sites\/6\/2018\/11\/database-search-2797375-768x768.png 768w, https:\/\/igc.usp.br\/biblioteca\/wp-content\/uploads\/sites\/6\/2018\/11\/database-search-2797375-1024x1024.png 1024w, https:\/\/igc.usp.br\/biblioteca\/wp-content\/uploads\/sites\/6\/2018\/11\/database-search-2797375.png 1920w\" sizes=\"(max-width: 150px) 100vw, 150px\" \/><\/a><\/p>\t\t\t\t\t\t\t\t<\/div>\n\t\t\t\t<\/div>\n\t\t\t\t\t<\/div>\n\t\t<\/div>\n\t\t\t\t<div class=\"elementor-column elementor-col-50 elementor-inner-column elementor-element elementor-element-f8385c8\" data-id=\"f8385c8\" data-element_type=\"column\" data-e-type=\"column\">\n\t\t\t<div class=\"elementor-widget-wrap elementor-element-populated\">\n\t\t\t\t\t\t<div class=\"elementor-element elementor-element-18ae4c1 elementor-widget elementor-widget-text-editor\" data-id=\"18ae4c1\" data-element_type=\"widget\" data-e-type=\"widget\" data-widget_type=\"text-editor.default\">\n\t\t\t\t<div class=\"elementor-widget-container\">\n\t\t\t\t\t\t\t\t\t<p style=\"text-align: center;\"><span style=\"color: #333399;\"><strong><span style=\"color: #ff6600;\">Conhe\u00e7a o Portal de Peri\u00f3dicos Eletr\u00f4nicos em Geoci\u00eancias (PPEGeo)<\/span><br \/><a href=\"http:\/\/ppegeo.igc.usp.br\/portal\/\" target=\"_blank\" rel=\"noopener\"><img decoding=\"async\" class=\"alignnone wp-image-271\" src=\"http:\/\/sites.igc.usp.br\/biblioteca\/wp-content\/uploads\/sites\/6\/2018\/11\/screenshot-ppegeo.igc_.usp_.br-2018.11.06-12-52-47.png\" alt=\"\" width=\"184\" height=\"138\" srcset=\"https:\/\/igc.usp.br\/biblioteca\/wp-content\/uploads\/sites\/6\/2018\/11\/screenshot-ppegeo.igc_.usp_.br-2018.11.06-12-52-47.png 1035w, https:\/\/igc.usp.br\/biblioteca\/wp-content\/uploads\/sites\/6\/2018\/11\/screenshot-ppegeo.igc_.usp_.br-2018.11.06-12-52-47-300x225.png 300w, https:\/\/igc.usp.br\/biblioteca\/wp-content\/uploads\/sites\/6\/2018\/11\/screenshot-ppegeo.igc_.usp_.br-2018.11.06-12-52-47-768x577.png 768w, https:\/\/igc.usp.br\/biblioteca\/wp-content\/uploads\/sites\/6\/2018\/11\/screenshot-ppegeo.igc_.usp_.br-2018.11.06-12-52-47-1024x769.png 1024w\" sizes=\"(max-width: 184px) 100vw, 184px\" \/><\/a><br \/><\/strong><\/span><\/p>\t\t\t\t\t\t\t\t<\/div>\n\t\t\t\t<\/div>\n\t\t\t\t\t<\/div>\n\t\t<\/div>\n\t\t\t\t\t<\/div>\n\t\t<\/section>\n\t\t\t\t\t<\/div>\n\t\t<\/div>\n\t\t\t\t\t<\/div>\n\t\t<\/section>\n\t\t\t\t<\/div>\n\t\t","protected":false},"excerpt":{"rendered":"<p>Busque em todo o acervo (impresso e digital) da USP &#8211; Portal de Busca Integrada Sabia que voc\u00ea pode falar com a Biblioteca via WhatsApp? Envie uma mensagem clicando aqui. Conhe\u00e7a os principais recursos&#46;&#46;&#46;<\/p>\n","protected":false},"author":5,"featured_media":0,"parent":0,"menu_order":0,"comment_status":"closed","ping_status":"closed","template":"","meta":{"_acf_changed":false,"om_disable_all_campaigns":false,"_monsterinsights_skip_tracking":false,"_monsterinsights_sitenote_active":false,"_monsterinsights_sitenote_note":"","_monsterinsights_sitenote_category":0,"_uf_show_specific_survey":0,"_uf_disable_surveys":false,"footnotes":"","_links_to":"","_links_to_target":""},"class_list":["post-260","page","type-page","status-publish","hentry"],"acf":[],"aioseo_notices":[],"publishpress_future_action":{"enabled":false,"date":"2026-05-16 02:28:58","action":"change-status","newStatus":"draft","terms":[],"taxonomy":"language","extraData":[]},"publishpress_future_workflow_manual_trigger":{"enabledWorkflows":[]},"_links":{"self":[{"href":"https:\/\/igc.usp.br\/biblioteca\/wp-json\/wp\/v2\/pages\/260","targetHints":{"allow":["GET"]}}],"collection":[{"href":"https:\/\/igc.usp.br\/biblioteca\/wp-json\/wp\/v2\/pages"}],"about":[{"href":"https:\/\/igc.usp.br\/biblioteca\/wp-json\/wp\/v2\/types\/page"}],"author":[{"embeddable":true,"href":"https:\/\/igc.usp.br\/biblioteca\/wp-json\/wp\/v2\/users\/5"}],"replies":[{"embeddable":true,"href":"https:\/\/igc.usp.br\/biblioteca\/wp-json\/wp\/v2\/comments?post=260"}],"version-history":[{"count":75,"href":"https:\/\/igc.usp.br\/biblioteca\/wp-json\/wp\/v2\/pages\/260\/revisions"}],"predecessor-version":[{"id":1990,"href":"https:\/\/igc.usp.br\/biblioteca\/wp-json\/wp\/v2\/pages\/260\/revisions\/1990"}],"wp:attachment":[{"href":"https:\/\/igc.usp.br\/biblioteca\/wp-json\/wp\/v2\/media?parent=260"}],"curies":[{"name":"wp","href":"https:\/\/api.w.org\/{rel}","templated":true}]}}