{"id":1605,"date":"2024-04-19T10:52:11","date_gmt":"2024-04-19T13:52:11","guid":{"rendered":"https:\/\/igc.usp.br\/biblioteca\/recursos\/mapas-copy\/"},"modified":"2025-03-18T19:32:27","modified_gmt":"2025-03-18T22:32:27","slug":"tdtf","status":"publish","type":"page","link":"https:\/\/igc.usp.br\/biblioteca\/recursos\/tdtf\/","title":{"rendered":"Teses &#8211; Disserta\u00e7\u00f5es &#8211; TF&#8217;s"},"content":{"rendered":"\n<p>Lista dos recursos dispon\u00edveis de Teses, Disserta\u00e7\u00f5es e Trabalhos Acad\u00eamicos (Trabalhos de Formatura):<\/p>\n\n\n\r\n\r\n\t<a href=\"#\"class=\"sld_scrollToTop\">Scroll To Top<\/a>\r\n\r\n<!--  Starting Simple Link Directory Plugin Output -->\r\n\r\n<div class=\"qcopd_embed_container sld-top-area\">\r\n\r\n\t\r\n\r\n\r\n\r\n\r\n<\/div>\r\n<div class=\"qcld-main-container-style-1\"><div class=\"qcopd-list-wrapper\" ><div id=\"opd-list-holder\" class=\"qc-grid qcopd-list-holder opd-list-holder-style-1\">\r\n\t\t\r\n\r\n\t\t<div id=\"qcopd-list-1-1602\" class=\"qc-grid-item qcopd-list-column opd-column-1 style-1 opd-list-id-1602\">\r\n\r\n\t\t\t<div class=\"qcopd-single-list-1\">\r\n\t\t\t\t\r\n\t\t\t\t<h2>\r\n\t\t\t\t\tTeses &#8211; Disserta\u00e7\u00f5es &#8211; TFs\t\t\t\t<\/h2>\r\n\t\t\t\t<ul class=\"ca-menu\">\r\n\t\t\t\t\t\t\t\t\t\t\t\t\t\t\t\r\n\t\t\t\t\t<li id=\"item-1602-1\" style=\"\">\r\n\t\t\t\t\t\t\t\t\t\t\t\t<!-- List Anchor -->\r\n\t\t\t\t\t\t<a class=\"qcld-con-list-img\"  href=\"https:\/\/teses.usp.br\" target=\"_blank\">\r\n\r\n\t\t\t\t\t\t\t<!-- Image, If Present -->\r\n\t\t\t\t\t\t\t\t\t\t\t\t\t\t\t<span class=\"ca-icon list-img-1\">\r\n\t\t\t\t\t\t\t\t\t<img decoding=\"async\" src=\"https:\/\/igc.usp.br\/biblioteca\/wp-content\/plugins\/simple-link-directory\/assets\/images\/list-image-placeholder.png\" alt=\"\">\r\n\t\t\t\t\t\t\t\t<\/span>\r\n\t\t\t\t\t\t\t\t\t\t\t\t\t\t<\/a>\r\n\t\t\t\t\t\t\t<a class=\"qcld-con-list\"  href=\"https:\/\/teses.usp.br\" target=\"_blank\">\r\n\r\n\t\t\t\t\t\t\t<div class=\"qcld-sld-content-dividar visible\"><\/div>\r\n\t\t\t\t\t\t\t<!-- Link Text -->\r\n\t\t\t\t\t\t\t<div class=\"ca-content\">\r\n                                <h3 class=\"ca-main subtitle-present\">\r\n\t\t\t\t\t\t\t\tBiblioteca Digital de Teses e Disserta\u00e7\u00f5es da USP                                <\/h3>\r\n                                \t                                <p class=\"ca-sub\">\r\n\t                                A Biblioteca Digital de Teses e Disserta\u00e7\u00f5es da Universidade de S\u00e3o Paulo foi criada para disponibilizar na Internet o conhecimento produzido pelos trabalhos defendidos na Universidade de S\u00e3o Paulo, permitindo que as comunidades brasileira e internacional possam ter em m\u00e3os a vers\u00e3o digital completa das teses e disserta\u00e7\u00f5es.\t                                <\/p>\r\n\t                                                        <\/div>\r\n\r\n\t\t\t\t\t\t<\/a>\r\n\t\t\t\t\t\t\r\n\t\t\t\t\t\t\t<!-- upvote section -->\r\n\t\t\t\t\t\t\t<div class=\"upvote-section style-1-upvote-section\">\r\n\t\t\t\t\t\t\t\t<span data-post-id=\"1602\" data-item-title=\"Biblioteca Digital de Teses e Disserta\u00e7\u00f5es da USP\" data-item-link=\"https:\/\/teses.usp.br\" class=\"upvote-btn upvote-on\">\r\n\t\t\t\t\t\t\t\t\t<i class=\"fa fa-thumbs-up\"><\/i>\r\n\t\t\t\t\t\t\t\t<\/span>\r\n\t\t\t\t\t\t\t\t<span class=\"upvote-count\">\r\n\t\t\t\t\t\t\t\t\t\t\t\t\t\t\t\t\t<\/span>\r\n\t\t\t\t\t\t\t<\/div>\r\n\t\t\t\t\t\t\t<!-- \/upvote section -->\r\n\r\n\t\t\t\t\t\t\t\t\t\t\t\t\r\n\t\t\t\t\t\t\t\t\t\t\t\t\r\n\t\t\t\t\t<\/li>\r\n\t\t\t\t\t\t\t\t\t\t\r\n\t\t\t\t\t<li id=\"item-1602-2\" style=\"\">\r\n\t\t\t\t\t\t\t\t\t\t\t\t<!-- List Anchor -->\r\n\t\t\t\t\t\t<a class=\"qcld-con-list-img\"  href=\"https:\/\/bdta.abcd.usp.br\/\" target=\"_blank\">\r\n\r\n\t\t\t\t\t\t\t<!-- Image, If Present -->\r\n\t\t\t\t\t\t\t\t\t\t\t\t\t\t\t<span class=\"ca-icon list-img-1\">\r\n\t\t\t\t\t\t\t\t\t<img decoding=\"async\" src=\"https:\/\/igc.usp.br\/biblioteca\/wp-content\/plugins\/simple-link-directory\/assets\/images\/list-image-placeholder.png\" alt=\"\">\r\n\t\t\t\t\t\t\t\t<\/span>\r\n\t\t\t\t\t\t\t\t\t\t\t\t\t\t<\/a>\r\n\t\t\t\t\t\t\t<a class=\"qcld-con-list\"  href=\"https:\/\/bdta.abcd.usp.br\/\" target=\"_blank\">\r\n\r\n\t\t\t\t\t\t\t<div class=\"qcld-sld-content-dividar visible\"><\/div>\r\n\t\t\t\t\t\t\t<!-- Link Text -->\r\n\t\t\t\t\t\t\t<div class=\"ca-content\">\r\n                                <h3 class=\"ca-main subtitle-present\">\r\n\t\t\t\t\t\t\t\tBiblioteca Digital de Trabalhos Acad\u00eamicos da USP                                <\/h3>\r\n                                \t                                <p class=\"ca-sub\">\r\n\t                                A Biblioteca Digital de Trabalhos Acad\u00eamicos da USP (BDTA) \u00e9 um reposit\u00f3rio online que oferece acesso aberto ao texto completo de Trabalhos de Conclus\u00e3o de Cursos nos seguintes Graus: Gradua\u00e7\u00e3o, Especializa\u00e7\u00e3o, Master of Business Administration (MBA), Resid\u00eancia M\u00e9dica e Aperfei\u00e7oamento Profissional conclu\u00eddos na Universidade de S\u00e3o Paulo.\t                                <\/p>\r\n\t                                                        <\/div>\r\n\r\n\t\t\t\t\t\t<\/a>\r\n\t\t\t\t\t\t\r\n\t\t\t\t\t\t\t<!-- upvote section -->\r\n\t\t\t\t\t\t\t<div class=\"upvote-section style-1-upvote-section\">\r\n\t\t\t\t\t\t\t\t<span data-post-id=\"1602\" data-item-title=\"Biblioteca Digital de Trabalhos Acad\u00eamicos da USP\" data-item-link=\"https:\/\/bdta.abcd.usp.br\/\" class=\"upvote-btn upvote-on\">\r\n\t\t\t\t\t\t\t\t\t<i class=\"fa fa-thumbs-up\"><\/i>\r\n\t\t\t\t\t\t\t\t<\/span>\r\n\t\t\t\t\t\t\t\t<span class=\"upvote-count\">\r\n\t\t\t\t\t\t\t\t\t\t\t\t\t\t\t\t\t<\/span>\r\n\t\t\t\t\t\t\t<\/div>\r\n\t\t\t\t\t\t\t<!-- \/upvote section -->\r\n\r\n\t\t\t\t\t\t\t\t\t\t\t\t\r\n\t\t\t\t\t\t\t\t\t\t\t\t\r\n\t\t\t\t\t<\/li>\r\n\t\t\t\t\t\t\t\t\t\t\r\n\t\t\t\t\t<li id=\"item-1602-3\" style=\"\">\r\n\t\t\t\t\t\t\t\t\t\t\t\t<!-- List Anchor -->\r\n\t\t\t\t\t\t<a class=\"qcld-con-list-img\"  href=\"https:\/\/bdtd.ibict.br\/\" target=\"_blank\">\r\n\r\n\t\t\t\t\t\t\t<!-- Image, If Present -->\r\n\t\t\t\t\t\t\t\t\t\t\t\t\t\t\t<span class=\"ca-icon list-img-1\">\r\n\t\t\t\t\t\t\t\t\t<img decoding=\"async\" src=\"https:\/\/igc.usp.br\/biblioteca\/wp-content\/plugins\/simple-link-directory\/assets\/images\/list-image-placeholder.png\" alt=\"\">\r\n\t\t\t\t\t\t\t\t<\/span>\r\n\t\t\t\t\t\t\t\t\t\t\t\t\t\t<\/a>\r\n\t\t\t\t\t\t\t<a class=\"qcld-con-list\"  href=\"https:\/\/bdtd.ibict.br\/\" target=\"_blank\">\r\n\r\n\t\t\t\t\t\t\t<div class=\"qcld-sld-content-dividar visible\"><\/div>\r\n\t\t\t\t\t\t\t<!-- Link Text -->\r\n\t\t\t\t\t\t\t<div class=\"ca-content\">\r\n                                <h3 class=\"ca-main subtitle-present\">\r\n\t\t\t\t\t\t\t\tBiblioteca Digital de Teses e Disserta\u00e7\u00f5es \u2013 BDTD Brasil                                <\/h3>\r\n                                \t                                <p class=\"ca-sub\">\r\n\t                                Biblioteca Digital de Teses e Disserta\u00e7\u00f5es \u2013 BDTD Brasil re\u00fane a produ\u00e7\u00e3o acad\u00eamica de 105 institui\u00e7\u00f5es brasileiras. A Biblioteca Digital Brasileira de Teses e Disserta\u00e7\u00f5es (BDTD) tem por objetivo reunir, em um s\u00f3 portal de busca, as teses e disserta\u00e7\u00f5es defendidas em todo o Pa\u00eds e por brasileiros no exterior. A BDTD foi concebida e \u00e9 mantida pelo Instituto Brasileiro de Informa\u00e7\u00e3o em Ci\u00eancia e Tecnologia (IBICT) no \u00e2mbito do Programa da Biblioteca Digital Brasileira (BDB), com apoio da Financiadora de Estudos e Pesquisas (FINEP), tendo o seu lan\u00e7amento oficial no final do ano de 2002.\t                                <\/p>\r\n\t                                                        <\/div>\r\n\r\n\t\t\t\t\t\t<\/a>\r\n\t\t\t\t\t\t\r\n\t\t\t\t\t\t\t<!-- upvote section -->\r\n\t\t\t\t\t\t\t<div class=\"upvote-section style-1-upvote-section\">\r\n\t\t\t\t\t\t\t\t<span data-post-id=\"1602\" data-item-title=\"Biblioteca Digital de Teses e Disserta\u00e7\u00f5es \u2013 BDTD Brasil\" data-item-link=\"https:\/\/bdtd.ibict.br\/\" class=\"upvote-btn upvote-on\">\r\n\t\t\t\t\t\t\t\t\t<i class=\"fa fa-thumbs-up\"><\/i>\r\n\t\t\t\t\t\t\t\t<\/span>\r\n\t\t\t\t\t\t\t\t<span class=\"upvote-count\">\r\n\t\t\t\t\t\t\t\t\t\t\t\t\t\t\t\t\t<\/span>\r\n\t\t\t\t\t\t\t<\/div>\r\n\t\t\t\t\t\t\t<!-- \/upvote section -->\r\n\r\n\t\t\t\t\t\t\t\t\t\t\t\t\r\n\t\t\t\t\t\t\t\t\t\t\t\t\r\n\t\t\t\t\t<\/li>\r\n\t\t\t\t\t\t\t\t\t\t\r\n\t\t\t\t\t<li id=\"item-1602-4\" style=\"\">\r\n\t\t\t\t\t\t\t\t\t\t\t\t<!-- List Anchor -->\r\n\t\t\t\t\t\t<a class=\"qcld-con-list-img\"  href=\"https:\/\/catalogodeteses.capes.gov.br\/\" target=\"_blank\">\r\n\r\n\t\t\t\t\t\t\t<!-- Image, If Present -->\r\n\t\t\t\t\t\t\t\t\t\t\t\t\t\t\t<span class=\"ca-icon list-img-1\">\r\n\t\t\t\t\t\t\t\t\t<img decoding=\"async\" src=\"https:\/\/igc.usp.br\/biblioteca\/wp-content\/plugins\/simple-link-directory\/assets\/images\/list-image-placeholder.png\" alt=\"\">\r\n\t\t\t\t\t\t\t\t<\/span>\r\n\t\t\t\t\t\t\t\t\t\t\t\t\t\t<\/a>\r\n\t\t\t\t\t\t\t<a class=\"qcld-con-list\"  href=\"https:\/\/catalogodeteses.capes.gov.br\/\" target=\"_blank\">\r\n\r\n\t\t\t\t\t\t\t<div class=\"qcld-sld-content-dividar visible\"><\/div>\r\n\t\t\t\t\t\t\t<!-- Link Text -->\r\n\t\t\t\t\t\t\t<div class=\"ca-content\">\r\n                                <h3 class=\"ca-main subtitle-absent\">\r\n\t\t\t\t\t\t\t\tCat\u00e1logo de Teses &amp; Disserta\u00e7\u00f5es - CAPES                                <\/h3>\r\n                                \t                                <p class=\"ca-sub\">\r\n\t                                \t                                <\/p>\r\n\t                                                        <\/div>\r\n\r\n\t\t\t\t\t\t<\/a>\r\n\t\t\t\t\t\t\r\n\t\t\t\t\t\t\t<!-- upvote section -->\r\n\t\t\t\t\t\t\t<div class=\"upvote-section style-1-upvote-section\">\r\n\t\t\t\t\t\t\t\t<span data-post-id=\"1602\" data-item-title=\"Cat\u00e1logo de Teses &amp; Disserta\u00e7\u00f5es - CAPES\" data-item-link=\"https:\/\/catalogodeteses.capes.gov.br\/\" class=\"upvote-btn upvote-on\">\r\n\t\t\t\t\t\t\t\t\t<i class=\"fa fa-thumbs-up\"><\/i>\r\n\t\t\t\t\t\t\t\t<\/span>\r\n\t\t\t\t\t\t\t\t<span class=\"upvote-count\">\r\n\t\t\t\t\t\t\t\t\t\t\t\t\t\t\t\t\t<\/span>\r\n\t\t\t\t\t\t\t<\/div>\r\n\t\t\t\t\t\t\t<!-- \/upvote section -->\r\n\r\n\t\t\t\t\t\t\t\t\t\t\t\t\r\n\t\t\t\t\t\t\t\t\t\t\t\t\r\n\t\t\t\t\t<\/li>\r\n\t\t\t\t\t\t\t\t\t\t\r\n\t\t\t\t\t<li id=\"item-1602-5\" style=\"\">\r\n\t\t\t\t\t\t\t\t\t\t\t\t<!-- List Anchor -->\r\n\t\t\t\t\t\t<a class=\"qcld-con-list-img\"  href=\"https:\/\/ndltd.org\/\" target=\"_blank\">\r\n\r\n\t\t\t\t\t\t\t<!-- Image, If Present -->\r\n\t\t\t\t\t\t\t\t\t\t\t\t\t\t\t<span class=\"ca-icon list-img-1\">\r\n\t\t\t\t\t\t\t\t\t<img decoding=\"async\" src=\"https:\/\/igc.usp.br\/biblioteca\/wp-content\/plugins\/simple-link-directory\/assets\/images\/list-image-placeholder.png\" alt=\"\">\r\n\t\t\t\t\t\t\t\t<\/span>\r\n\t\t\t\t\t\t\t\t\t\t\t\t\t\t<\/a>\r\n\t\t\t\t\t\t\t<a class=\"qcld-con-list\"  href=\"https:\/\/ndltd.org\/\" target=\"_blank\">\r\n\r\n\t\t\t\t\t\t\t<div class=\"qcld-sld-content-dividar visible\"><\/div>\r\n\t\t\t\t\t\t\t<!-- Link Text -->\r\n\t\t\t\t\t\t\t<div class=\"ca-content\">\r\n                                <h3 class=\"ca-main subtitle-present\">\r\n\t\t\t\t\t\t\t\tNetworked Digital Library of Theses and Dissertations                                <\/h3>\r\n                                \t                                <p class=\"ca-sub\">\r\n\t                                A Biblioteca Digital em Rede de Teses e Disserta\u00e7\u00f5es (NDLTD) \u00e9 uma organiza\u00e7\u00e3o internacional dedicada a promover a ado\u00e7\u00e3o, cria\u00e7\u00e3o, uso, dissemina\u00e7\u00e3o e preserva\u00e7\u00e3o de teses e disserta\u00e7\u00f5es eletr\u00f4nicas (ETDs). Apoiamos a publica\u00e7\u00e3o eletr\u00f4nica e o acesso aberto a bolsas de estudos, a fim de aprimorar o compartilhamento de conhecimento em todo o mundo. Nosso site inclui recursos para administradores de universidades, bibliotec\u00e1rios, professores, estudantes e o p\u00fablico em geral. Os t\u00f3picos incluem como encontrar, criar e preservar ETDs; como configurar um programa ETD; quest\u00f5es legais e t\u00e9cnicas; e as \u00faltimas not\u00edcias e pesquisas na comunidade ETD.\t                                <\/p>\r\n\t                                                        <\/div>\r\n\r\n\t\t\t\t\t\t<\/a>\r\n\t\t\t\t\t\t\r\n\t\t\t\t\t\t\t<!-- upvote section -->\r\n\t\t\t\t\t\t\t<div class=\"upvote-section style-1-upvote-section\">\r\n\t\t\t\t\t\t\t\t<span data-post-id=\"1602\" data-item-title=\"Networked Digital Library of Theses and Dissertations\" data-item-link=\"https:\/\/ndltd.org\/\" class=\"upvote-btn upvote-on\">\r\n\t\t\t\t\t\t\t\t\t<i class=\"fa fa-thumbs-up\"><\/i>\r\n\t\t\t\t\t\t\t\t<\/span>\r\n\t\t\t\t\t\t\t\t<span class=\"upvote-count\">\r\n\t\t\t\t\t\t\t\t\t\t\t\t\t\t\t\t\t<\/span>\r\n\t\t\t\t\t\t\t<\/div>\r\n\t\t\t\t\t\t\t<!-- \/upvote section -->\r\n\r\n\t\t\t\t\t\t\t\t\t\t\t\t\r\n\t\t\t\t\t\t\t\t\t\t\t\t\r\n\t\t\t\t\t<\/li>\r\n\t\t\t\t\t\t\t\t\t\t\r\n\t\t\t\t\t<li id=\"item-1602-6\" style=\"\">\r\n\t\t\t\t\t\t\t\t\t\t\t\t<!-- List Anchor -->\r\n\t\t\t\t\t\t<a class=\"qcld-con-list-img\"  href=\"https:\/\/www.proquest.com\/pqdtglobal\" target=\"_blank\">\r\n\r\n\t\t\t\t\t\t\t<!-- Image, If Present -->\r\n\t\t\t\t\t\t\t\t\t\t\t\t\t\t\t<span class=\"ca-icon list-img-1\">\r\n\t\t\t\t\t\t\t\t\t<img decoding=\"async\" src=\"https:\/\/igc.usp.br\/biblioteca\/wp-content\/plugins\/simple-link-directory\/assets\/images\/list-image-placeholder.png\" alt=\"\">\r\n\t\t\t\t\t\t\t\t<\/span>\r\n\t\t\t\t\t\t\t\t\t\t\t\t\t\t<\/a>\r\n\t\t\t\t\t\t\t<a class=\"qcld-con-list\"  href=\"https:\/\/www.proquest.com\/pqdtglobal\" target=\"_blank\">\r\n\r\n\t\t\t\t\t\t\t<div class=\"qcld-sld-content-dividar visible\"><\/div>\r\n\t\t\t\t\t\t\t<!-- Link Text -->\r\n\t\t\t\t\t\t\t<div class=\"ca-content\">\r\n                                <h3 class=\"ca-main subtitle-present\">\r\n\t\t\t\t\t\t\t\tProQuest Dissertations &amp; Theses Global (PQDT) \u2122                                <\/h3>\r\n                                \t                                <p class=\"ca-sub\">\r\n\t                                A Base de dados ProQuest Dissertations &amp; Theses Global (PQDT) \u2122 \u00e9 a cole\u00e7\u00e3o com curadoria mais abrangente de disserta\u00e7\u00f5es e teses multidisciplinares de todo o mundo, oferecendo mais de 5 milh\u00f5es de cita\u00e7\u00f5es e 3 milh\u00f5es de trabalhos de texto completo de milhares de universidades. Dentro de disserta\u00e7\u00f5es e teses h\u00e1 uma riqueza de estudos, mas muitas vezes \u00e9 negligenciada porque a maioria n\u00e3o \u00e9 publicada. Descubra novas ideias e inova\u00e7\u00f5es com mais confian\u00e7a e efici\u00eancia. A ProQuest Dissertations &amp; Theses Global oferece um caminho focado para pesquisadores, aproveitando uma rede global de pesquisa conectada. A PQTD agora tamb\u00e9m est\u00e1 integrada com a renomada plataforma Web of Science\u2122. Com essa integra\u00e7\u00e3o, o Web of Science \u00e9 enriquecido para permitir a descoberta de milh\u00f5es cita\u00e7\u00f5es de disserta\u00e7\u00f5es e teses junto com artigos de peri\u00f3dicos, dados de pesquisa, patentes e pr\u00e9-impress\u00f5es. Essa integra\u00e7\u00e3o capacita pesquisadores e alunos a realizar revis\u00f5es de literatura mais amplas, incorporando estudos in\u00e9ditos e diversas perspectivas.\t                                <\/p>\r\n\t                                                        <\/div>\r\n\r\n\t\t\t\t\t\t<\/a>\r\n\t\t\t\t\t\t\r\n\t\t\t\t\t\t\t<!-- upvote section -->\r\n\t\t\t\t\t\t\t<div class=\"upvote-section style-1-upvote-section\">\r\n\t\t\t\t\t\t\t\t<span data-post-id=\"1602\" data-item-title=\"ProQuest Dissertations &amp; Theses Global (PQDT) \u2122\" data-item-link=\"https:\/\/www.proquest.com\/pqdtglobal\" class=\"upvote-btn upvote-on\">\r\n\t\t\t\t\t\t\t\t\t<i class=\"fa fa-thumbs-up\"><\/i>\r\n\t\t\t\t\t\t\t\t<\/span>\r\n\t\t\t\t\t\t\t\t<span class=\"upvote-count\">\r\n\t\t\t\t\t\t\t\t\t\t\t\t\t\t\t\t\t<\/span>\r\n\t\t\t\t\t\t\t<\/div>\r\n\t\t\t\t\t\t\t<!-- \/upvote section -->\r\n\r\n\t\t\t\t\t\t\t\t\t\t\t\t\r\n\t\t\t\t\t\t\t\t\t\t\t\t\r\n\t\t\t\t\t<\/li>\r\n\t\t\t\t\t\t\t\t\t<\/ul>\r\n\r\n\t\t\t<\/div>\r\n\t\t<\/div>\r\n\r\n\t\t\r\n\t\t<div class=\"sld-clearfix\"><\/div>\r\n\t\t\t<\/div>\r\n\t\t<div class=\"sld-clearfix\"><\/div>\r\n\t<\/div><\/div>\n","protected":false},"excerpt":{"rendered":"<p>Lista dos recursos dispon\u00edveis de Teses, Disserta\u00e7\u00f5es e Trabalhos Acad\u00eamicos (Trabalhos de Formatura):<\/p>\n","protected":false},"author":6,"featured_media":0,"parent":215,"menu_order":5,"comment_status":"closed","ping_status":"closed","template":"","meta":{"_acf_changed":false,"om_disable_all_campaigns":false,"_monsterinsights_skip_tracking":false,"_monsterinsights_sitenote_active":false,"_monsterinsights_sitenote_note":"","_monsterinsights_sitenote_category":0,"_uf_show_specific_survey":0,"_uf_disable_surveys":false,"footnotes":"","_links_to":"","_links_to_target":""},"class_list":["post-1605","page","type-page","status-publish","hentry"],"acf":[],"aioseo_notices":[],"publishpress_future_action":{"enabled":false,"date":"2026-05-18 05:39:37","action":"change-status","newStatus":"draft","terms":[],"taxonomy":"language","extraData":[]},"publishpress_future_workflow_manual_trigger":{"enabledWorkflows":[]},"_links":{"self":[{"href":"https:\/\/igc.usp.br\/biblioteca\/wp-json\/wp\/v2\/pages\/1605","targetHints":{"allow":["GET"]}}],"collection":[{"href":"https:\/\/igc.usp.br\/biblioteca\/wp-json\/wp\/v2\/pages"}],"about":[{"href":"https:\/\/igc.usp.br\/biblioteca\/wp-json\/wp\/v2\/types\/page"}],"author":[{"embeddable":true,"href":"https:\/\/igc.usp.br\/biblioteca\/wp-json\/wp\/v2\/users\/6"}],"replies":[{"embeddable":true,"href":"https:\/\/igc.usp.br\/biblioteca\/wp-json\/wp\/v2\/comments?post=1605"}],"version-history":[{"count":4,"href":"https:\/\/igc.usp.br\/biblioteca\/wp-json\/wp\/v2\/pages\/1605\/revisions"}],"predecessor-version":[{"id":1613,"href":"https:\/\/igc.usp.br\/biblioteca\/wp-json\/wp\/v2\/pages\/1605\/revisions\/1613"}],"up":[{"embeddable":true,"href":"https:\/\/igc.usp.br\/biblioteca\/wp-json\/wp\/v2\/pages\/215"}],"wp:attachment":[{"href":"https:\/\/igc.usp.br\/biblioteca\/wp-json\/wp\/v2\/media?parent=1605"}],"curies":[{"name":"wp","href":"https:\/\/api.w.org\/{rel}","templated":true}]}}