{"id":1427,"date":"2022-03-09T07:58:50","date_gmt":"2022-03-09T10:58:50","guid":{"rendered":"https:\/\/igc.usp.br\/biblioteca\/?page_id=1427"},"modified":"2022-03-11T17:25:57","modified_gmt":"2022-03-11T20:25:57","slug":"protocolo","status":"publish","type":"page","link":"https:\/\/igc.usp.br\/biblioteca\/protocolo\/","title":{"rendered":"Protocolo de Funcionamento"},"content":{"rendered":"\n<p><em>Considerando<\/em><\/p>\n\n\n\n<ol class=\"wp-block-list\"><li><em>A evolu\u00e7\u00e3o da pandemia de Covid-19 na cidade de S\u00e3o Paulo;<\/em><\/li><li><em>As Portarias USP GR n<sup>os<\/sup> <a href=\"https:\/\/igc.usp.br\/covid\/comissao-especial\/docs-oficiais\/portaria-gr-7687\/\">7687<\/a> e <a href=\"https:\/\/igc.usp.br\/covid\/comissao-especial\/docs-oficiais\/portaria-gr-7689\/\">7689<\/a>;<\/em><\/li><li><em>A necessidade de atendimento \u00e0 comunidade IGc\/USP quanto \u00e0s suas demandas informacionais; o Servi\u00e7o de Biblioteca e o Conselho de Biblioteca estabelecem:<\/em><\/li><\/ol>\n\n\n\n<p><strong>PROTOCOLO DE FUNCIONAMENTO<\/strong><\/p>\n\n\n\n<ol class=\"wp-block-list\"><li><strong>Protocolos de Biosseguran\u00e7a<\/strong><ul><li>De acordo com a recomenda\u00e7\u00e3o do Artigo 3\u00ba do Decreto Municipal n\u00ba 60.989, de 6 de janeiro de 2022; e do Artigo 5\u00ba da Portaria GR\/USP n\u00ba 7.687, de 23 de dezembro de 2021, os usu\u00e1rios poder\u00e3o utilizar a Biblioteca, bem como todo o Instituto de Geoci\u00eancias da USP, somente mediante a apresenta\u00e7\u00e3o do passaporte da vacina contra a Covid-19 (em formato impresso ou digital) acompanhado de documento de identidade com foto, comprovando pelo menos 2 doses da vacina\u00e7\u00e3o conclu\u00eddas para pessoas com 12 anos ou mais e 1 dose para crian\u00e7as de 5 a 11 anos. As demais faixas et\u00e1rias n\u00e3o previstas no Plano Nacional de Imuniza\u00e7\u00e3o n\u00e3o ter\u00e3o acesso enquanto perdurar o estado de&nbsp; pandemia da Covid-19 a fim de proteg\u00ea-los de uma poss\u00edvel contamina\u00e7\u00e3o. Poder\u00e1 ser utilizado pela comunidade USP a <a href=\"https:\/\/atendimentosti.usp.br\/otrs\/public.pl?Action=PublicFAQZoom;ItemID=313\">Carteirinha Digital USP (e-Card USP)<\/a> desde que contenha os dados de vacina\u00e7\u00e3o validados;<\/li><li>De acordo com a Lei Federal n\u00ba 14.019, de 2 de julho de 2020; com o Decreto Estadual n\u00ba 64.959, de 04 de maio de 2020; e com as Diretrizes aos Dirigentes das Unidades USP, de 12 de janeiro de 2022; \u00e9 obrigat\u00f3rio o uso de m\u00e1scaras bem ajustadas (cobrindo totalmente a boca e o nariz) por todos os usu\u00e1rios, em todas as depend\u00eancias e durante toda sua perman\u00eancia no Instituto de Geoci\u00eancias da USP;<\/li><li>A Biblioteca disponibiliza \u00e1lcool em gel e \u00e1lcool l\u00edquido 70<sup>o<\/sup> para higieniza\u00e7\u00e3o das m\u00e3os e pertences dos usu\u00e1rios;&nbsp;<\/li><\/ul><\/li><\/ol>\n\n\n\n<ol class=\"wp-block-list\" start=\"2\"><li><strong>Servi\u00e7os Oferecidos<\/strong><ul><li>A Biblioteca realizar\u00e1 os empr\u00e9stimos de material bibliogr\u00e1fico normalmente e de acordo com seu <a href=\"https:\/\/igc.usp.br\/biblioteca\/principal\/regulamento\/\">Regulamento<\/a>;<\/li><li>A devolu\u00e7\u00e3o de material bibliogr\u00e1fico dever\u00e1 ser realizada preferencialmente na Caixa de Devolu\u00e7\u00e3o 24 horas localizada na entrada da Biblioteca;<\/li><li>A solicita\u00e7\u00e3o de digitaliza\u00e7\u00e3o de material bibliogr\u00e1fico deve ser realizada pelo <a href=\"https:\/\/igc.usp.br\/biblioteca\/fale\/\">formul\u00e1rio online\u00a0 Fale Conosco<\/a> e o prazo de atendimento \u00e9 de 3 dias \u00fateis;<\/li><li>A cole\u00e7\u00e3o de Mapas da Biblioteca est\u00e1 dispon\u00edvel online e com acesso livre aos arquivos de imagem em alta resolu\u00e7\u00e3o pela <a href=\"https:\/\/colecoes.igc.usp.br\/colecao\/mapoteca\">Mapoteca Digital<\/a>;<\/li><li>As renova\u00e7\u00f5es de obras emprestadas dever\u00e3o ser realizadas, preferencialmente, pelo pr\u00f3prio usu\u00e1rio via Dedalus, Portal de Busca Integrada ou app Bibliotecas USP. S\u00e3o permitidas at\u00e9 tr\u00eas renova\u00e7\u00f5es consecutivas, desde que n\u00e3o existam reservas para o material, conforme o <a href=\"https:\/\/igc.usp.br\/biblioteca\/principal\/regulamento\/\">Regulamento da Biblioteca<\/a>;<\/li><\/ul><\/li><\/ol>\n\n\n\n<ol class=\"wp-block-list\" start=\"3\"><li><strong>Uso dos Espa\u00e7os<\/strong><ul><li>O Hor\u00e1rio de Funcionamento da Biblioteca ser\u00e1 das 7h30min \u00e0s 19h30min de segunda \u00e0 sexta-feira;<\/li><li>\u00c9 permitido o acesso \u00e0 Biblioteca com bolsas, pastas e cong\u00eaneres. A Biblioteca n\u00e3o disp\u00f5e de arm\u00e1rios para armazenamento dos pertences dos usu\u00e1rios;<\/li><li>Todos os ambientes da Biblioteca, incluindo Acervo, \u00c1reas de Atendimento e Estudo localizadas no t\u00e9rreo e primeiro andar da Biblioteca est\u00e3o liberadas para uso comum, mantido o distanciamento m\u00ednimo de um metro entre as pessoas;<\/li><li>A Sala de Computadores e Mini-Audit\u00f3rio, localizados no primeiro andar, <strong>n\u00e3o estar\u00e3o dispon\u00edveis durante o per\u00edodo de pandemia<\/strong>;<\/li><li>O espa\u00e7o <strong>GeoFactory <\/strong>de Coworking est\u00e1 com seu acesso e uso liberados 24 horas por dia, todos os dias da semana, para uso comum, mantido o distanciamento m\u00ednimo de um metro entre as pessoas. Para seu uso utilize o formul\u00e1rio de <a rel=\"noreferrer noopener\" href=\"https:\/\/igc.usp.br\/geoinova\/geofactory\/agendamento\/\" data-type=\"URL\" data-id=\"https:\/\/igc.usp.br\/geoinova\/geofactory\/agendamento\/\" target=\"_blank\">agendamento online<\/a>.<\/li><\/ul><\/li><\/ol>\n\n\n\n<p class=\"has-text-align-right\">S\u00e3o Paulo, 14 de mar\u00e7o de 2022.<\/p>\n\n\n\n<figure class=\"wp-block-table is-style-stripes\"><table><tbody><tr><td class=\"has-text-align-center\" data-align=\"center\"><strong>Anderson de Santana<\/strong><br>Chefe T\u00e9cnico<br>Servi\u00e7o de Biblioteca<\/td><td><\/td><td class=\"has-text-align-center\" data-align=\"center\"><strong>Prof. Dr. Paulo Cesar Boggiani<\/strong><br>Presidente<br>Conselho da Biblioteca<\/td><\/tr><\/tbody><\/table><\/figure>\n","protected":false},"excerpt":{"rendered":"<p>Considerando A evolu\u00e7\u00e3o da pandemia de Covid-19 na cidade de S\u00e3o Paulo; As Portarias USP GR nos 7687 e 7689; A necessidade de atendimento \u00e0 comunidade IGc\/USP quanto \u00e0s suas demandas informacionais; o Servi\u00e7o&#46;&#46;&#46;<\/p>\n","protected":false},"author":6,"featured_media":0,"parent":0,"menu_order":0,"comment_status":"closed","ping_status":"closed","template":"","meta":{"_acf_changed":false,"om_disable_all_campaigns":false,"_monsterinsights_skip_tracking":false,"_monsterinsights_sitenote_active":false,"_monsterinsights_sitenote_note":"","_monsterinsights_sitenote_category":0,"_uf_show_specific_survey":0,"_uf_disable_surveys":false,"footnotes":"","_links_to":"","_links_to_target":""},"class_list":["post-1427","page","type-page","status-publish","hentry"],"acf":[],"aioseo_notices":[],"publishpress_future_action":{"enabled":false,"date":"2026-04-11 00:24:11","action":"change-status","newStatus":"draft","terms":[],"taxonomy":"language","extraData":[]},"publishpress_future_workflow_manual_trigger":{"enabledWorkflows":[]},"_links":{"self":[{"href":"https:\/\/igc.usp.br\/biblioteca\/wp-json\/wp\/v2\/pages\/1427","targetHints":{"allow":["GET"]}}],"collection":[{"href":"https:\/\/igc.usp.br\/biblioteca\/wp-json\/wp\/v2\/pages"}],"about":[{"href":"https:\/\/igc.usp.br\/biblioteca\/wp-json\/wp\/v2\/types\/page"}],"author":[{"embeddable":true,"href":"https:\/\/igc.usp.br\/biblioteca\/wp-json\/wp\/v2\/users\/6"}],"replies":[{"embeddable":true,"href":"https:\/\/igc.usp.br\/biblioteca\/wp-json\/wp\/v2\/comments?post=1427"}],"version-history":[{"count":5,"href":"https:\/\/igc.usp.br\/biblioteca\/wp-json\/wp\/v2\/pages\/1427\/revisions"}],"predecessor-version":[{"id":1454,"href":"https:\/\/igc.usp.br\/biblioteca\/wp-json\/wp\/v2\/pages\/1427\/revisions\/1454"}],"wp:attachment":[{"href":"https:\/\/igc.usp.br\/biblioteca\/wp-json\/wp\/v2\/media?parent=1427"}],"curies":[{"name":"wp","href":"https:\/\/api.w.org\/{rel}","templated":true}]}}