{"id":49,"date":"2020-07-21T15:35:23","date_gmt":"2020-07-21T18:35:23","guid":{"rendered":"http:\/\/igc.usp.br\/acolhimento\/?page_id=49"},"modified":"2020-09-28T15:20:50","modified_gmt":"2020-09-28T18:20:50","slug":"eventos","status":"publish","type":"page","link":"https:\/\/igc.usp.br\/acolhimento\/eventos\/","title":{"rendered":"Eventos"},"content":{"rendered":"\n<div class=\"wp-block-group\"><div class=\"wp-block-group__inner-container is-layout-flow wp-block-group-is-layout-flow\">\n<div class=\"wp-block-image\"><figure class=\"aligncenter size-large is-resized\"><img fetchpriority=\"high\" decoding=\"async\" src=\"http:\/\/igc.usp.br\/acolhimento\/wp-content\/uploads\/sites\/30\/2020\/08\/Acolhimento_Mensagem.png\" alt=\"\" class=\"wp-image-90\" width=\"235\" height=\"216\" srcset=\"https:\/\/igc.usp.br\/acolhimento\/wp-content\/uploads\/sites\/30\/2020\/08\/Acolhimento_Mensagem.png 415w, https:\/\/igc.usp.br\/acolhimento\/wp-content\/uploads\/sites\/30\/2020\/08\/Acolhimento_Mensagem-300x276.png 300w\" sizes=\"(max-width: 235px) 100vw, 235px\" \/><\/figure><\/div>\n<\/div><\/div>\n\n\n\n<p>As a\u00e7\u00f5es propostas t\u00eam por objetivo promover o bem estar, integrar e interagir com toda a comunidade do IGc, visando propiciar a amplia\u00e7\u00e3o do sentimento de pertencimento e melhorar a conviv\u00eancia, tais como:<\/p>\n\n\n\n<p><strong>\u2663&nbsp;<\/strong>Eventos e iniciativas: motivar a integra\u00e7\u00e3o por meio de visitas, viv\u00eancias, dentre outras atividades, bem como, proporcionar o bem estar e um ambiente agrad\u00e1vel.<\/p>\n\n\n\n<p><strong>\u2663&nbsp;<\/strong>Palestras: exposi\u00e7\u00e3o dialogada com temas pertinentes as quest\u00f5es humanas, dentre outras, com profissionais da USP e de outras institui\u00e7\u00f5es.<\/p>\n\n\n\n<p><strong><em>Sugest\u00f5es de iniciativas ou temas para palestras enviar para<\/em><\/strong>:<br>Rosana Oba &#8211; E-mail: <a href=\"mailto:acolhimentoigc@usp.br\">acolhimentoigc@usp.br<\/a>.<\/p>\n\n\n\n<p class=\"has-medium-font-size\"><strong>Acompanhe a programa\u00e7\u00e3o:<\/strong><\/p>\n\n\n\n<p class=\"has-primary-color has-light-gray-background-color has-text-color has-background has-medium-font-size\"><strong>Palestras:<\/strong><\/p>\n\n\n\n<ul class=\"wp-block-list\"><li><a href=\"http:\/\/igc.usp.br\/acolhimento\/?p=108\" target=\"_blank\" rel=\"noreferrer noopener\">Dia 31\/08\/2020 \u00e0s 17h &#8211; <em>\u201cOuse Ser Voc\u00ea Mesmo! Como encontrar coragem para vencer o medo de ser vulner\u00e1vel e se tornar a sua melhor vers\u00e3o!\u201d<\/em> pela especialista em ludicidade e programas de Desenvolvimento Humano, <strong>Ju Linares<\/strong>.<\/a><\/li><li><strong><a href=\"http:\/\/igc.usp.br\/acolhimento\/?p=61\" target=\"_blank\" rel=\"noreferrer noopener\">Dia 13\/07\/2020 \u00e0s 18h &#8211; \u201c<em>Tempo, tempo, tempo, tempo: em \u2018tempos\u2019 de pandemia e trabalho remoto<\/em>\u201d, pela Psic\u00f3loga Daniela Campos Bahia Moscon.<\/a><\/strong><\/li><li><a href=\"http:\/\/igc.usp.br\/acolhimento\/?p=58\" target=\"_blank\" rel=\"noreferrer noopener\">Dia 25\/06\/2020 e 02\/07\/2020 \u00e0s 18h &#8211; &#8220;<strong><em>Crises de Ansiedade: Compreens\u00e3o e Melhora &#8211; Uma forma de compreender e transformar as crises que nos acometem em v\u00e1rios momentos da vida<\/em><\/strong>\u201c, pelo Psic\u00f3logo e Aluno do 1o. Ano do LIGEA <strong>Ivan Bordin<\/strong>.<\/a><\/li><\/ul>\n\n\n\n<p><\/p>\n","protected":false},"excerpt":{"rendered":"<p>As a\u00e7\u00f5es propostas t\u00eam por objetivo promover o bem estar, integrar e interagir com toda a comunidade do IGc, visando propiciar a amplia\u00e7\u00e3o do sentimento de pertencimento e melhorar a conviv\u00eancia.<\/p>\n","protected":false},"author":6,"featured_media":0,"parent":0,"menu_order":3,"comment_status":"closed","ping_status":"closed","template":"","meta":{"_acf_changed":false,"om_disable_all_campaigns":false,"_monsterinsights_skip_tracking":false,"_monsterinsights_sitenote_active":false,"_monsterinsights_sitenote_note":"","_monsterinsights_sitenote_category":0,"_uf_show_specific_survey":0,"_uf_disable_surveys":false,"footnotes":"","_links_to":"","_links_to_target":""},"class_list":["post-49","page","type-page","status-publish","hentry"],"acf":[],"aioseo_notices":[],"publishpress_future_action":{"enabled":false,"date":"2026-05-19 10:53:34","action":"change-status","newStatus":"draft","terms":[],"taxonomy":"language","extraData":[]},"publishpress_future_workflow_manual_trigger":{"enabledWorkflows":[]},"_links":{"self":[{"href":"https:\/\/igc.usp.br\/acolhimento\/wp-json\/wp\/v2\/pages\/49","targetHints":{"allow":["GET"]}}],"collection":[{"href":"https:\/\/igc.usp.br\/acolhimento\/wp-json\/wp\/v2\/pages"}],"about":[{"href":"https:\/\/igc.usp.br\/acolhimento\/wp-json\/wp\/v2\/types\/page"}],"author":[{"embeddable":true,"href":"https:\/\/igc.usp.br\/acolhimento\/wp-json\/wp\/v2\/users\/6"}],"replies":[{"embeddable":true,"href":"https:\/\/igc.usp.br\/acolhimento\/wp-json\/wp\/v2\/comments?post=49"}],"version-history":[{"count":9,"href":"https:\/\/igc.usp.br\/acolhimento\/wp-json\/wp\/v2\/pages\/49\/revisions"}],"predecessor-version":[{"id":121,"href":"https:\/\/igc.usp.br\/acolhimento\/wp-json\/wp\/v2\/pages\/49\/revisions\/121"}],"wp:attachment":[{"href":"https:\/\/igc.usp.br\/acolhimento\/wp-json\/wp\/v2\/media?parent=49"}],"curies":[{"name":"wp","href":"https:\/\/api.w.org\/{rel}","templated":true}]}}