{"id":40,"date":"2020-07-21T15:15:49","date_gmt":"2020-07-21T18:15:49","guid":{"rendered":"http:\/\/igc.usp.br\/acolhimento\/?page_id=40"},"modified":"2020-08-20T12:56:06","modified_gmt":"2020-08-20T15:56:06","slug":"mentoria","status":"publish","type":"page","link":"https:\/\/igc.usp.br\/acolhimento\/mentoria\/","title":{"rendered":"Mentoria"},"content":{"rendered":"\n<div class=\"wp-block-image is-style-default\"><figure class=\"aligncenter size-large is-resized\"><img fetchpriority=\"high\" decoding=\"async\" src=\"http:\/\/igc.usp.br\/acolhimento\/wp-content\/uploads\/sites\/30\/2020\/08\/Acolhimento_Roda_de_Conversa.png\" alt=\"\" class=\"wp-image-87\" width=\"252\" height=\"232\" srcset=\"https:\/\/igc.usp.br\/acolhimento\/wp-content\/uploads\/sites\/30\/2020\/08\/Acolhimento_Roda_de_Conversa.png 415w, https:\/\/igc.usp.br\/acolhimento\/wp-content\/uploads\/sites\/30\/2020\/08\/Acolhimento_Roda_de_Conversa-300x276.png 300w\" sizes=\"(max-width: 252px) 100vw, 252px\" \/><\/figure><\/div>\n\n\n\n<p>A Mentoria&nbsp; tem o prop\u00f3sito de promover o ato de escutar e dialogar,&nbsp;proporcionar uma rela\u00e7\u00e3o mais respeitosa, perceptiva e comunicativa, assim como orientar e auxiliar qualquer membro da comunidade do IGc que necessite deste amparo, por&nbsp; meio de encontros.&nbsp;\u00c9 um espa\u00e7o para troca de experi\u00eancias, de amparo e de discuss\u00f5es reflexivas sobre quest\u00f5es relacionadas ao cotidiano, sem cunho psicol\u00f3gico.<\/p>\n\n\n\n<p><strong>ATEN\u00c7\u00c3O<\/strong>: Devido ao isolamento social causado pela COVID-19, a Mentoria se adaptou \u00e0 um novo formato. Os Encontros\/Rodas de Conversa ocorrem virtualmente,&nbsp; abertos a comunidade,&nbsp; sem a necessidade de inscri\u00e7\u00e3o. Os encontros poder\u00e3o ocorrer uma ou duas vezes por m\u00eas, via Google Meet com dura\u00e7\u00e3o de 1 hora. O convite para participar das Rodas de Conversas ser\u00e1 enviado por e-mail aos membros da comunidade,&nbsp; juntamente com o link.<\/p>\n\n\n\n<p><strong>O que \u00e9 essa Mentoria?<\/strong><\/p>\n\n\n\n<p>\u2663 Rodas de Conversas: escutar o que outro tem a dizer, suas necessidades, expectativas, inseguran\u00e7as, inc\u00f4modos e trocar experi\u00eancias.<\/p>\n\n\n\n<p>\u2663 Atividade em grupo que oferece uma rela\u00e7\u00e3o de amparo a todos da comunidade do IGc que necessite desse apoio. <\/p>\n\n\n\n<p>\u2663 Cada grupo ser\u00e1 formado por at\u00e9 10 interessados e por um par de mentores (professor ou funcion\u00e1rio + discente).&nbsp;O ciclo deste grupo de mentoria\/rodas de conversas \u00e9 anual.<\/p>\n\n\n\n<p>\u2663 Encontros: Poder\u00e3o ocorrer uma ou duas vezes por m\u00eas, com dura\u00e7\u00e3o de 1 hora. Local, datas e hor\u00e1rios a ser divulgado neste site.<\/p>\n\n\n\n<p>\u2663 Mentores: Clique aqui para conhecer os grupos. A op\u00e7\u00e3o pelo grupo de mentores \u00e9 de livre escolha do interessado. Caso necessite de conversas individuais o contato deve ser direto com o Mentor.<\/p>\n\n\n\n<p>\u2663 Inscri\u00e7\u00e3o: preencher o formul\u00e1rio no link: <a href=\"https:\/\/forms.gle\/Zpt1pyRiDXEsGxZo8\" target=\"_blank\" rel=\"noreferrer noopener\">https:\/\/forms.gle\/Zpt1pyRiDXEsGxZo8<\/a><\/p>\n\n\n\n<p><strong>ATEN\u00c7\u00c3O:<\/strong> Devido a situa\u00e7\u00e3o atual, os encontros s\u00e3o abertos, sem a necessidade de inscri\u00e7\u00e3o, sem escolha de grupos e realizados virtualmente, via Google Meet.<\/p>\n\n\n\n<p><strong>D\u00favidas?<\/strong><\/p>\n\n\n\n<p>Entre em contato com Rosana Oba (E-mail: <a href=\"mailto:acolhimentoigc@usp.br\">acolhimentoigc@usp.br<\/a> | Fone: 3091-3928).<\/p>\n","protected":false},"excerpt":{"rendered":"<p>A Mentoria  tem o prop\u00f3sito de promover o ato de escutar e dialogar, proporcionar uma rela\u00e7\u00e3o mais respeitosa, perceptiva e comunicativa, assim como orientar e auxiliar qualquer membro da comunidade do IGc que necessite deste amparo, por  meio de encontros. \u00c9 um espa\u00e7o troca de experi\u00eancias, amparo e de discuss\u00f5es reflexivas sobre quest\u00f5es relacionadas ao cotidiano, sem cunho psicol\u00f3gico.<\/p>\n","protected":false},"author":6,"featured_media":0,"parent":0,"menu_order":2,"comment_status":"closed","ping_status":"closed","template":"","meta":{"_acf_changed":false,"om_disable_all_campaigns":false,"_monsterinsights_skip_tracking":false,"_monsterinsights_sitenote_active":false,"_monsterinsights_sitenote_note":"","_monsterinsights_sitenote_category":0,"_uf_show_specific_survey":0,"_uf_disable_surveys":false,"footnotes":"","_links_to":"","_links_to_target":""},"class_list":["post-40","page","type-page","status-publish","hentry"],"acf":[],"aioseo_notices":[],"publishpress_future_action":{"enabled":false,"date":"2026-05-20 00:19:16","action":"change-status","newStatus":"draft","terms":[],"taxonomy":"language","extraData":[]},"publishpress_future_workflow_manual_trigger":{"enabledWorkflows":[]},"_links":{"self":[{"href":"https:\/\/igc.usp.br\/acolhimento\/wp-json\/wp\/v2\/pages\/40","targetHints":{"allow":["GET"]}}],"collection":[{"href":"https:\/\/igc.usp.br\/acolhimento\/wp-json\/wp\/v2\/pages"}],"about":[{"href":"https:\/\/igc.usp.br\/acolhimento\/wp-json\/wp\/v2\/types\/page"}],"author":[{"embeddable":true,"href":"https:\/\/igc.usp.br\/acolhimento\/wp-json\/wp\/v2\/users\/6"}],"replies":[{"embeddable":true,"href":"https:\/\/igc.usp.br\/acolhimento\/wp-json\/wp\/v2\/comments?post=40"}],"version-history":[{"count":6,"href":"https:\/\/igc.usp.br\/acolhimento\/wp-json\/wp\/v2\/pages\/40\/revisions"}],"predecessor-version":[{"id":99,"href":"https:\/\/igc.usp.br\/acolhimento\/wp-json\/wp\/v2\/pages\/40\/revisions\/99"}],"wp:attachment":[{"href":"https:\/\/igc.usp.br\/acolhimento\/wp-json\/wp\/v2\/media?parent=40"}],"curies":[{"name":"wp","href":"https:\/\/api.w.org\/{rel}","templated":true}]}}