{"id":132,"date":"2021-03-02T11:50:23","date_gmt":"2021-03-02T14:50:23","guid":{"rendered":"http:\/\/igc.usp.br\/acolhimento\/?page_id=132"},"modified":"2025-05-27T09:53:31","modified_gmt":"2025-05-27T12:53:31","slug":"historias-contadas","status":"publish","type":"page","link":"https:\/\/igc.usp.br\/acolhimento\/acervo-de-historias-vividas\/historias-contadas\/","title":{"rendered":"Hist\u00f3rias Contadas"},"content":{"rendered":"\t\t<div data-elementor-type=\"wp-page\" data-elementor-id=\"132\" class=\"elementor elementor-132\">\n\t\t\t\t\t\t<section class=\"elementor-section elementor-top-section elementor-element elementor-element-200fcb01 elementor-section-boxed elementor-section-height-default elementor-section-height-default\" data-id=\"200fcb01\" data-element_type=\"section\" data-e-type=\"section\">\n\t\t\t\t\t\t<div class=\"elementor-container elementor-column-gap-default\">\n\t\t\t\t\t<div class=\"elementor-column elementor-col-100 elementor-top-column elementor-element elementor-element-1882d9a3\" data-id=\"1882d9a3\" data-element_type=\"column\" data-e-type=\"column\">\n\t\t\t<div class=\"elementor-widget-wrap elementor-element-populated\">\n\t\t\t\t\t\t<div class=\"elementor-element elementor-element-73658aeb elementor-widget elementor-widget-text-editor\" data-id=\"73658aeb\" data-element_type=\"widget\" data-e-type=\"widget\" data-widget_type=\"text-editor.default\">\n\t\t\t\t<div class=\"elementor-widget-container\">\n\t\t\t\t\t\t\t\t\t<p><strong style=\"font-size: 1.0625rem;\">Contadores de hist\u00f3rias vividas<\/strong><\/p><p><span style=\"font-size: 1.0625rem;\">Ao ouvirmos a viv\u00eancia do outro expandimos a nossa experi\u00eancia e nos colocamos no lugar do narrador.<\/span><\/p><p><strong style=\"font-size: 1.0625rem;\">Assista aos v\u00eddeos das pessoas que fizeram e fazem parte da hist\u00f3ria do IGc.<\/strong><\/p><p><em><span style=\"font-size: 1.0625rem;\">Aqui ser\u00e3o inseridos os v\u00eddeos.<\/span><\/em><\/p>\t\t\t\t\t\t\t\t<\/div>\n\t\t\t\t<\/div>\n\t\t\t\t\t<\/div>\n\t\t<\/div>\n\t\t\t\t\t<\/div>\n\t\t<\/section>\n\t\t\t\t<section class=\"elementor-section elementor-top-section elementor-element elementor-element-77c98b7 elementor-section-boxed elementor-section-height-default elementor-section-height-default\" data-id=\"77c98b7\" data-element_type=\"section\" data-e-type=\"section\">\n\t\t\t\t\t\t<div class=\"elementor-container elementor-column-gap-default\">\n\t\t\t\t\t<div class=\"elementor-column elementor-col-100 elementor-top-column elementor-element elementor-element-42de6aa\" data-id=\"42de6aa\" data-element_type=\"column\" data-e-type=\"column\">\n\t\t\t<div class=\"elementor-widget-wrap elementor-element-populated\">\n\t\t\t\t\t\t<div class=\"elementor-element elementor-element-bc127b1 elementor-widget-divider--separator-type-pattern elementor-widget-divider--no-spacing elementor-widget-divider--view-line elementor-widget elementor-widget-divider\" data-id=\"bc127b1\" data-element_type=\"widget\" data-e-type=\"widget\" data-widget_type=\"divider.default\">\n\t\t\t\t<div class=\"elementor-widget-container\">\n\t\t\t\t\t\t\t<div class=\"elementor-divider\" style=\"--divider-pattern-url: url(&quot;data:image\/svg+xml,%3Csvg xmlns=&#039;http:\/\/www.w3.org\/2000\/svg&#039; preserveAspectRatio=&#039;xMidYMid meet&#039; overflow=&#039;visible&#039; height=&#039;100%&#039; viewBox=&#039;0 0 126 26&#039; fill=&#039;black&#039; stroke=&#039;none&#039;%3E%3Cpath d=&#039;M3,10.2c2.6,0,2.6,2,2.6,3.2S4.4,16.5,3,16.5s-3-1.4-3-3.2S0.4,10.2,3,10.2z M18.8,10.2c1.7,0,3.2,1.4,3.2,3.2s-1.4,3.2-3.2,3.2c-1.7,0-3.2-1.4-3.2-3.2S17,10.2,18.8,10.2z M34.6,10.2c1.5,0,2.6,1.4,2.6,3.2s-0.5,3.2-1.9,3.2c-1.5,0-3.4-1.4-3.4-3.2S33.1,10.2,34.6,10.2z M50.5,10.2c1.7,0,3.2,1.4,3.2,3.2s-1.4,3.2-3.2,3.2c-1.7,0-3.3-0.9-3.3-2.6S48.7,10.2,50.5,10.2z M66.2,10.2c1.5,0,3.4,1.4,3.4,3.2s-1.9,3.2-3.4,3.2c-1.5,0-2.6-0.4-2.6-2.1S64.8,10.2,66.2,10.2z M82.2,10.2c1.7,0.8,2.6,1.4,2.6,3.2s-0.1,3.2-1.6,3.2c-1.5,0-3.7-1.4-3.7-3.2S80.5,9.4,82.2,10.2zM98.6,10.2c1.5,0,2.6,0.4,2.6,2.1s-1.2,4.2-2.6,4.2c-1.5,0-3.7-0.4-3.7-2.1S97.1,10.2,98.6,10.2z M113.4,10.2c1.2,0,2.2,0.9,2.2,3.2s-0.1,3.2-1.3,3.2s-3.1-1.4-3.1-3.2S112.2,10.2,113.4,10.2z&#039;\/%3E%3C\/svg%3E&quot;);\">\n\t\t\t<span class=\"elementor-divider-separator\">\n\t\t\t\t\t\t<\/span>\n\t\t<\/div>\n\t\t\t\t\t\t<\/div>\n\t\t\t\t<\/div>\n\t\t\t\t<div class=\"elementor-element elementor-element-59505d8 elementor-widget elementor-widget-heading\" data-id=\"59505d8\" data-element_type=\"widget\" data-e-type=\"widget\" data-widget_type=\"heading.default\">\n\t\t\t\t<div class=\"elementor-widget-container\">\n\t\t\t\t\t<h2 class=\"elementor-heading-title elementor-size-default\">Entrevista hist\u00f3rica com o Professor Adolpho Jos\u00e9 Melfi, ex-reitor da Universidade de S\u00e3o Paulo (2001-2005).<\/h2>\t\t\t\t<\/div>\n\t\t\t\t<\/div>\n\t\t\t\t<div class=\"elementor-element elementor-element-13c5060 elementor-widget elementor-widget-video\" data-id=\"13c5060\" data-element_type=\"widget\" data-e-type=\"widget\" data-settings=\"{&quot;youtube_url&quot;:&quot;https:\\\/\\\/www.youtube.com\\\/watch?v=qPpYOcj_F5w&quot;,&quot;video_type&quot;:&quot;youtube&quot;,&quot;controls&quot;:&quot;yes&quot;}\" data-widget_type=\"video.default\">\n\t\t\t\t<div class=\"elementor-widget-container\">\n\t\t\t\t\t\t\t<div class=\"elementor-wrapper elementor-open-inline\">\n\t\t\t<div class=\"elementor-video\"><\/div>\t\t<\/div>\n\t\t\t\t\t\t<\/div>\n\t\t\t\t<\/div>\n\t\t\t\t<div class=\"elementor-element elementor-element-c37e1dd elementor-widget elementor-widget-text-editor\" data-id=\"c37e1dd\" data-element_type=\"widget\" data-e-type=\"widget\" data-widget_type=\"text-editor.default\">\n\t\t\t\t<div class=\"elementor-widget-container\">\n\t\t\t\t\t\t\t\t\t<p><span class=\"yt-core-attributed-string--link-inherit-color\" dir=\"auto\"><strong>Minibio:<\/strong> Graduado em Geologia pela Universidade de S\u00e3o Paulo (1960) e doutorado em Geoci\u00eancias (Geoqu\u00edmica e Geotect\u00f4nica) pela Universidade de S\u00e3o Paulo (1967). Atualmente \u00e9 professor titular S\u00eanior da Universidade de S\u00e3o Paulo, lotado no Instituto de Energia e Ambiente. Foi Professor Associado das Universidades Francesas de Strasbourg, Poitiers, Aix-Marseille III e Toulon. \u00c9 membro da Academia Brasileira de Ci\u00eancias, da Academia de Ci\u00eancias da Am\u00e9rica Latina, da Academia de Ci\u00eancias do Estado de S\u00e3o Paulo, da Acad\u00e9mie d&#8217;Agriculture de France e da Acad\u00e9mie des Sciences d&#8217;Outre Mer, Fran\u00e7a. Detentor de varios pr\u00eamios acad\u00eamicos: Medalha de Prata de Geologia; Gran Cruz do merito Cient\u00edfico, Palmes Acad\u00e9mique do Governo franc\u00eas, Geocientista do ano de 2004 da TWAS (Academia de Ci\u00eancias dos Pa\u00edses em Desenvolvimento). Foi Pr\u00f3-Reitor de P\u00f3s-gradua\u00e7\u00e3o da USP (1994-1997), Vice-Reitor da USP (1997-2001) e Reitor da USP (2001-2005). Foi Diretor do Centro Brasileiro de Estudos da Am\u00e9rica Latina da Funda\u00e7\u00e3o Memorial da Am\u00e9rica Latina de 2007 a 2013.Membro do Conseil Scientifique et Industriel du Technop\u00f4le de l\u00b4Environnement Arbois-M\u00e9diterran\u00e9e- desde 2009 , Fran\u00e7a e do Conselho Superior de Altos Estudos da FIESP, S\u00e3o Paulo, desde 2002. <br \/><strong>Fonte:<\/strong> <a href=\"https:\/\/www.iea.usp.br\/pessoas\/pasta-pessoaa\/adolpho-jose-melfi\">https:\/\/www.iea.usp.br\/pessoas\/pasta-pessoaa\/adolpho-jose-melfi<\/a><\/span><span class=\"yt-core-attributed-string--link-inherit-color\" dir=\"auto\"> <br \/><strong>Filmagem e Edi\u00e7\u00e3o:<\/strong> Gezilda Balbino Pereira<\/span><\/p>\t\t\t\t\t\t\t\t<\/div>\n\t\t\t\t<\/div>\n\t\t\t\t\t<\/div>\n\t\t<\/div>\n\t\t\t\t\t<\/div>\n\t\t<\/section>\n\t\t\t\t<section class=\"elementor-section elementor-top-section elementor-element elementor-element-ff77558 elementor-section-boxed elementor-section-height-default elementor-section-height-default\" data-id=\"ff77558\" data-element_type=\"section\" data-e-type=\"section\">\n\t\t\t\t\t\t<div class=\"elementor-container elementor-column-gap-default\">\n\t\t\t\t\t<div class=\"elementor-column elementor-col-100 elementor-top-column elementor-element elementor-element-36fb209\" data-id=\"36fb209\" data-element_type=\"column\" data-e-type=\"column\">\n\t\t\t<div class=\"elementor-widget-wrap elementor-element-populated\">\n\t\t\t\t\t\t<div class=\"elementor-element elementor-element-2a1213b elementor-widget-divider--view-line elementor-widget elementor-widget-divider\" data-id=\"2a1213b\" data-element_type=\"widget\" data-e-type=\"widget\" data-widget_type=\"divider.default\">\n\t\t\t\t<div class=\"elementor-widget-container\">\n\t\t\t\t\t\t\t<div class=\"elementor-divider\">\n\t\t\t<span class=\"elementor-divider-separator\">\n\t\t\t\t\t\t<\/span>\n\t\t<\/div>\n\t\t\t\t\t\t<\/div>\n\t\t\t\t<\/div>\n\t\t\t\t\t<\/div>\n\t\t<\/div>\n\t\t\t\t\t<\/div>\n\t\t<\/section>\n\t\t\t\t<section class=\"elementor-section elementor-top-section elementor-element elementor-element-50154b3 elementor-section-boxed elementor-section-height-default elementor-section-height-default\" data-id=\"50154b3\" data-element_type=\"section\" data-e-type=\"section\" data-settings=\"{&quot;background_background&quot;:&quot;classic&quot;}\">\n\t\t\t\t\t\t<div class=\"elementor-container elementor-column-gap-default\">\n\t\t\t\t\t<div class=\"elementor-column elementor-col-100 elementor-top-column elementor-element elementor-element-f1cf79f\" data-id=\"f1cf79f\" data-element_type=\"column\" data-e-type=\"column\">\n\t\t\t<div class=\"elementor-widget-wrap elementor-element-populated\">\n\t\t\t\t\t\t<div class=\"elementor-element elementor-element-f5097ca elementor-view-default elementor-position-block-start elementor-mobile-position-block-start elementor-widget elementor-widget-icon-box\" data-id=\"f5097ca\" data-element_type=\"widget\" data-e-type=\"widget\" data-widget_type=\"icon-box.default\">\n\t\t\t\t<div class=\"elementor-widget-container\">\n\t\t\t\t\t\t\t<div class=\"elementor-icon-box-wrapper\">\n\n\t\t\t\t\t\t<div class=\"elementor-icon-box-icon\">\n\t\t\t\t<span  class=\"elementor-icon\">\n\t\t\t\t<i aria-hidden=\"true\" class=\"fas fa-exclamation-circle\"><\/i>\t\t\t\t<\/span>\n\t\t\t<\/div>\n\t\t\t\n\t\t\t\t\t\t<div class=\"elementor-icon-box-content\">\n\n\t\t\t\t\t\t\t\t\t<h3 class=\"elementor-icon-box-title\">\n\t\t\t\t\t\t<span  >\n\t\t\t\t\t\t\tAten\u00e7\u00e3o\t\t\t\t\t\t<\/span>\n\t\t\t\t\t<\/h3>\n\t\t\t\t\n\t\t\t\t\t\t\t\t\t<p class=\"elementor-icon-box-description\">\n\t\t\t\t\t\tN\u00e3o \u00e9 permitida a utiliza\u00e7\u00e3o de qualquer conte\u00fado disponibilizado neste Acervo e nem a reprodu\u00e7\u00e3o do mesmo.\t\t\t\t\t<\/p>\n\t\t\t\t\n\t\t\t<\/div>\n\t\t\t\n\t\t<\/div>\n\t\t\t\t\t\t<\/div>\n\t\t\t\t<\/div>\n\t\t\t\t\t<\/div>\n\t\t<\/div>\n\t\t\t\t\t<\/div>\n\t\t<\/section>\n\t\t\t\t<\/div>\n\t\t","protected":false},"excerpt":{"rendered":"<p>Contadores de hist\u00f3rias vividas Ao ouvirmos a viv\u00eancia do outro expandimos a nossa experi\u00eancia e nos colocamos no lugar do&#46;&#46;&#46;<\/p>\n","protected":false},"author":6,"featured_media":0,"parent":127,"menu_order":2,"comment_status":"closed","ping_status":"closed","template":"","meta":{"_acf_changed":false,"om_disable_all_campaigns":false,"_monsterinsights_skip_tracking":false,"_monsterinsights_sitenote_active":false,"_monsterinsights_sitenote_note":"","_monsterinsights_sitenote_category":0,"_uf_show_specific_survey":0,"_uf_disable_surveys":false,"footnotes":"","_links_to":"","_links_to_target":""},"class_list":["post-132","page","type-page","status-publish","hentry"],"acf":[],"aioseo_notices":[],"publishpress_future_action":{"enabled":false,"date":"2026-04-23 14:08:28","action":"change-status","newStatus":"draft","terms":[],"taxonomy":"language","extraData":[]},"publishpress_future_workflow_manual_trigger":{"enabledWorkflows":[]},"_links":{"self":[{"href":"https:\/\/igc.usp.br\/acolhimento\/wp-json\/wp\/v2\/pages\/132","targetHints":{"allow":["GET"]}}],"collection":[{"href":"https:\/\/igc.usp.br\/acolhimento\/wp-json\/wp\/v2\/pages"}],"about":[{"href":"https:\/\/igc.usp.br\/acolhimento\/wp-json\/wp\/v2\/types\/page"}],"author":[{"embeddable":true,"href":"https:\/\/igc.usp.br\/acolhimento\/wp-json\/wp\/v2\/users\/6"}],"replies":[{"embeddable":true,"href":"https:\/\/igc.usp.br\/acolhimento\/wp-json\/wp\/v2\/comments?post=132"}],"version-history":[{"count":10,"href":"https:\/\/igc.usp.br\/acolhimento\/wp-json\/wp\/v2\/pages\/132\/revisions"}],"predecessor-version":[{"id":208,"href":"https:\/\/igc.usp.br\/acolhimento\/wp-json\/wp\/v2\/pages\/132\/revisions\/208"}],"up":[{"embeddable":true,"href":"https:\/\/igc.usp.br\/acolhimento\/wp-json\/wp\/v2\/pages\/127"}],"wp:attachment":[{"href":"https:\/\/igc.usp.br\/acolhimento\/wp-json\/wp\/v2\/media?parent=132"}],"curies":[{"name":"wp","href":"https:\/\/api.w.org\/{rel}","templated":true}]}}